{"id":2851,"date":"2020-03-31T23:16:22","date_gmt":"2020-03-31T23:16:22","guid":{"rendered":"https:\/\/dev.aprilmarine.ca\/decouvrir-april-marine\/"},"modified":"2023-06-01T10:28:27","modified_gmt":"2023-06-01T14:28:27","slug":"decouvrir-april-marine","status":"publish","type":"page","link":"https:\/\/aprilmarine.ca\/on-fr\/decouvrir-april-marine","title":{"rendered":"D\u00e9couvrir APRIL Marine"},"content":{"rendered":"<div class=\"wpb-content-wrapper\"><p>[vc_row][vc_column][vc_column_text darkrow=&#8221;&#8221;]<\/p>\n<div class=\" wpb_text_column wpb_content_element vc_custom_1590161363103\">\n<div class=\"wpb_wrapper\">\n<h1>Nous d\u00e9couvrir<\/h1>\n<\/div>\n<\/div>\n<div class=\" wpb_text_column wpb_content_element vc_custom_1590162047742\">\n<div class=\"wpb_wrapper\">\n<p>Motomarines, bateaux de p\u00eache, cruisers, bateaux \u00e0 moteur, voiliers\u2026 D\u00e9couvrir APRIL Marine, l\u2019<strong>expert de l\u2019assurance bateau<\/strong>\u00a0depuis plus de 40 ans.<\/p>\n<p>Innovante et dynamique, APRIL Marine imagine, con\u00e7oit, g\u00e8re et distribue des contrats d\u2019assurance et des services innovants sp\u00e9cialement d\u00e9velopp\u00e9s pour\u00a0<strong>permettre aux plaisanciers de profiter pleinement<\/strong>\u00a0de leur embarcation en toute s\u00e9curit\u00e9.<\/p>\n<p>Que vous soyez navigateur confirm\u00e9, amateur \u00e9clair\u00e9 ou nouveau plaisancier,\u00a0<strong>les offres modulables APRIL Marine sont faites pour vous! Pour les d\u00e9couvrir, c&#8217;est par <a href=\"https:\/\/aprilmarine.ca\/on-fr\/nos-assurances\">ici<\/a><\/strong><\/p>\n<div class=\" wpb_text_column wpb_content_element vc_custom_1588039218321\">\n<h2 class=\"wpb_wrapper\">D\u00e9couvrir notre devise<\/h2>\n<h3 class=\"wpb_wrapper\">Naviguez, APRIL Marine s\u2019occupe de vous !<\/h3>\n<\/div>\n<div class=\" wpb_text_column wpb_content_element \">\n<div class=\"wpb_wrapper\">\n<p>Filiale du groupe APRIL, APRIL Marine est experte en assurance de bateaux de plaisance. Ses\u00a0<strong>75 collaborateurs au Canada, aux Cara\u00efbes et en France<\/strong>, con\u00e7oivent, distribuent et g\u00e8rent des produits et services \u00e0 destination des particuliers et des professionnels de la plaisance.<\/p>\n<p>En direct mais aussi par l\u2019interm\u00e9diaire de son\u00a0<strong>solide r\u00e9seau de courtiers<\/strong>\u00a0et de ses partenaires sp\u00e9cialis\u00e9s, APRIL Marine propose notamment la garantie privation de jouissance, la protection des \u00e9quipements de p\u00eache et de sport, un service d\u2019assistance 24\/7 ainsi qu\u2019une estimation gratuite de la valeur marchande du bateau pour faciliter la vie des plaisanciers.<\/p>\n<p>Parmi ses services incontournables,\u00a0<strong>APRIL Marine Assistance<\/strong>\u00a0donne acc\u00e8s \u00e0 ses assur\u00e9s \u00e0 l\u2019assistance et r\u00e9f\u00e9rencement de remorquage \u00e0 quai et en mer en tout temps, \u00e0 la d\u00e9claration de sinistre 7 jours sur 7 et \u00e0 un service de conciergerie exclusif.<\/p>\n<div class=\" wpb_text_column wpb_content_element vc_custom_1589131396046\">\n<div class=\"wpb_wrapper\">\n<h2 class=\"wpb_wrapper\">D\u00e9couvrir notre promesse<\/h2>\n<h3>Simplifier la plaisance et la vie de nos assur\u00e9s et partenaires<\/h3>\n<\/div>\n<\/div>\n<div class=\" wpb_text_column wpb_content_element vc_custom_1590162001601\">\n<div class=\"wpb_wrapper\">\n<p>Le groupe APRIL est en recherche permanente d\u2019innovation et en constante \u00e9volution. Nos \u00e9quipes mettent \u00e0 profit de nouvelles technologies et d\u00e9veloppent pour vous, assur\u00e9s et courtiers partenaires,\u00a0<strong>des outils en ligne toujours plus performants<\/strong>\u00a0afin de vous simplifier la vie et rendre l\u2019assurance plus facile.<\/p>\n<p><iframe title=\"APRIL devient digital\" width=\"640\" height=\"360\" src=\"https:\/\/www.youtube.com\/embed\/UHBe2SHMSP8?feature=oembed\" frameborder=\"0\" allow=\"accelerometer; autoplay; clipboard-write; encrypted-media; gyroscope; picture-in-picture; web-share\" referrerpolicy=\"strict-origin-when-cross-origin\" allowfullscreen><\/iframe><\/p>\n<h2 class=\"wpb_wrapper\">D\u00e9couvrir notre ambition<\/h2>\n<h3>Changer l\u2019image de l\u2019assurance<\/h3>\n<h4 class=\"vc_custom_heading vc_custom_1588374504839\">L\u2019assurance plus simple pour tous<\/h4>\n<div class=\" wpb_text_column wpb_content_element \">\n<div class=\"wpb_wrapper\">\n<p>Nous travaillons sans cesse \u00e0 changer l\u2019image de l\u2019assurance, en d\u00e9veloppant de nouvelles couvertures mais surtout en mettant\u00a0<strong>l\u2019humain et le contact au c\u0153ur de notre m\u00e9tier<\/strong>. Notre \u00e9quipe d\u2019experts passionn\u00e9s est \u00e0 votre \u00e9coute pour vous accompagner au mieux toute l\u2019ann\u00e9e!<\/p>\n<h4 class=\"vc_custom_heading vc_custom_1588374512019\">Notre mission : votre satisfaction<\/h4>\n<p>Avec 83 000 bateaux de plaisance assur\u00e9s dans le monde et 96% de nos assur\u00e9s satisfaits, nous avons \u00e0 c\u0153ur de\u00a0<strong>vous fournir des polices d\u2019assurance de qualit\u00e9<\/strong>, de vous offrir une assistance irr\u00e9prochable et de vous assister dans la r\u00e9solution de vos sinistres.<\/p>\n<h4 class=\"vc_custom_heading vc_custom_1588374524495\">Un service de r\u00e9clamations unique et r\u00e9actif<\/h4>\n<p>La relation clients est au c\u0153ur de notre culture d\u2019entreprise et de notre strat\u00e9gie. Nous sommes heureux de vous offrir un service de r\u00e9clamation des sinistres \u00e0 l\u2019interne, appuy\u00e9s d\u2019<strong>experts sp\u00e9cialistes de l\u2019assurance plaisance<\/strong>\u00a0et passionn\u00e9s de bateau.<\/p>\n<h3 class=\"vc_custom_heading vc_custom_1589918989551\">APRIL, l&#8217;assurance en plus facile<\/h3>\n<div class=\" wpb_text_column wpb_content_element vc_custom_1589918829552\">\n<div class=\"wpb_wrapper\">\n<p>Cr\u00e9\u00e9 en 1988, APRIL est un <a href=\"https:\/\/groupe.april.fr\/\">groupe international<\/a> de services en assurance implant\u00e9 dans 22 pays, dont l\u2019ambition est de proposer \u00e0 ses clients une exp\u00e9rience de l\u2019assurance plus facile et plus accessible. Plus de 3 000 collaborateurs con\u00e7oivent, distribuent et g\u00e8rent des solutions sp\u00e9cialis\u00e9es d\u2019assurance autour de cinq march\u00e9s d\u2019expertise (emprunteur, sant\u00e9 internationale, Pros\/TPE, sant\u00e9 et pr\u00e9voyance locales, dommage de niches) pour ses partenaires et clients \u2013 particuliers, professionnels et entreprises. Le groupe a r\u00e9alis\u00e9 en 2019 un chiffre d\u2019affaires de 1 550,8 millions de dollars.<\/p>\n<\/div>\n<\/div>\n<h4 class=\"vc_custom_heading vc_custom_1589919030095\"><a href=\"https:\/\/www.april.ca\/fr\/\">APRIL au Canada<\/a>, c\u2019est aussi&#8230;<\/h4>\n<div class=\"vc_row wpb_row vc_inner vc_row-fluid\">\n<div class=\"wpb_column vc_column_container vc_col-sm-12\">\n<div class=\"vc_column-inner\">\n<div class=\"wpb_wrapper\">\n<p class=\"vc_custom_heading vc_custom_1588954558338\">Lignes commerciales<\/p>\n<\/div>\n<\/div>\n<\/div>\n<div class=\"wpb_column vc_column_container vc_col-sm-6\">\n<div class=\"vc_column-inner\">\n<div class=\"wpb_wrapper\">\n<div class=\"vc_customList\" data-bullets=\"https:\/\/dev.aprilmarine.ca\/wp-content\/uploads\/\/2020\/04\/icone-check.svg\">\n<ul>\n<li><img decoding=\"async\" src=\"https:\/\/dev.aprilmarine.ca\/wp-content\/uploads\/\/2020\/04\/icone-check.svg\" \/>Professionnels<\/li>\n<li><img decoding=\"async\" src=\"https:\/\/dev.aprilmarine.ca\/wp-content\/uploads\/\/2020\/04\/icone-check.svg\" \/>Professionnels de sant\u00e9<\/li>\n<li><img decoding=\"async\" src=\"https:\/\/dev.aprilmarine.ca\/wp-content\/uploads\/\/2020\/04\/icone-check.svg\" \/>Entrepreneurs en Construction<\/li>\n<li><img decoding=\"async\" src=\"https:\/\/dev.aprilmarine.ca\/wp-content\/uploads\/\/2020\/04\/icone-check.svg\" \/>Automobile Commerciale<\/li>\n<\/ul>\n<\/div>\n<\/div>\n<\/div>\n<\/div>\n<div class=\"wpb_column vc_column_container vc_col-sm-6\">\n<div class=\"vc_column-inner\">\n<div class=\"wpb_wrapper\">\n<div class=\"vc_customList\" data-bullets=\"https:\/\/dev.aprilmarine.ca\/wp-content\/uploads\/\/2020\/04\/icone-check.svg\">\n<ul>\n<li><img decoding=\"async\" src=\"https:\/\/dev.aprilmarine.ca\/wp-content\/uploads\/\/2020\/04\/icone-check.svg\" \/>Camionnage au Qu\u00e9bec<\/li>\n<li><img decoding=\"async\" src=\"https:\/\/dev.aprilmarine.ca\/wp-content\/uploads\/\/2020\/04\/icone-check.svg\" \/>Marine Commerciale<\/li>\n<li><img decoding=\"async\" src=\"https:\/\/dev.aprilmarine.ca\/wp-content\/uploads\/\/2020\/04\/icone-check.svg\" \/>Sant\u00e9 Collective<\/li>\n<\/ul>\n<\/div>\n<\/div>\n<\/div>\n<\/div>\n<div class=\"wpb_column vc_column_container vc_col-sm-12\">\n<div class=\"vc_column-inner\">\n<div class=\"wpb_wrapper\">\n<p class=\"vc_custom_heading vc_custom_1588954565403\">Lignes personnelles<\/p>\n<\/div>\n<\/div>\n<\/div>\n<div class=\"wpb_column vc_column_container vc_col-sm-6\">\n<div class=\"vc_column-inner\">\n<div class=\"wpb_wrapper\">\n<div class=\"vc_customList\" data-bullets=\"https:\/\/dev.aprilmarine.ca\/wp-content\/uploads\/\/2020\/04\/icone-check.svg\">\n<ul>\n<li><img decoding=\"async\" src=\"https:\/\/dev.aprilmarine.ca\/wp-content\/uploads\/\/2020\/04\/icone-check.svg\" \/>Locateur \/ R\u00e9sidentiel<\/li>\n<li><img decoding=\"async\" src=\"https:\/\/dev.aprilmarine.ca\/wp-content\/uploads\/\/2020\/04\/icone-check.svg\" \/>Automobile personnelle sous-standard<\/li>\n<li><img decoding=\"async\" src=\"https:\/\/dev.aprilmarine.ca\/wp-content\/uploads\/\/2020\/04\/icone-check.svg\" \/>Marine de plaisance<\/li>\n<\/ul>\n<\/div>\n<\/div>\n<\/div>\n<\/div>\n<div class=\"wpb_column vc_column_container vc_col-sm-6\">\n<div class=\"vc_column-inner\">\n<div class=\"wpb_wrapper\">\n<div class=\"vc_customList\" data-bullets=\"https:\/\/dev.aprilmarine.ca\/wp-content\/uploads\/\/2020\/04\/icone-check.svg\"><\/div>\n<\/div>\n<\/div>\n<\/div>\n<\/div>\n<\/div>\n<\/div>\n<\/div>\n<\/div>\n<\/div>\n<\/div>\n<\/div>\n<\/div>\n<p>[\/vc_column_text][\/vc_column][\/vc_row]<\/p>\n<\/div>","protected":false},"excerpt":{"rendered":"<p>[vc_row][vc_column][vc_column_text darkrow=&#8221;&#8221;] Nous d\u00e9couvrir Motomarines, bateaux de p\u00eache, cruisers, bateaux \u00e0 moteur, voiliers\u2026 D\u00e9couvrir APRIL Marine, l\u2019expert de l\u2019assurance bateau\u00a0depuis plus de 40 ans. Innovante et dynamique, APRIL Marine imagine, con\u00e7oit, g\u00e8re et distribue des contrats d\u2019assurance et des services innovants sp\u00e9cialement d\u00e9velopp\u00e9s pour\u00a0permettre aux plaisanciers de profiter pleinement\u00a0de leur embarcation en toute s\u00e9curit\u00e9. Que [&hellip;]<\/p>\n","protected":false},"author":3,"featured_media":0,"parent":0,"menu_order":0,"comment_status":"closed","ping_status":"closed","template":"","meta":{"inline_featured_image":false,"footnotes":""},"class_list":["post-2851","page","type-page","status-publish","hentry"],"yoast_head":"<!-- This site is optimized with the Yoast SEO plugin v26.8 - https:\/\/yoast.com\/product\/yoast-seo-wordpress\/ -->\n<title>D\u00e9couvrir APRIL Marine | APRIL Marine | Expert en Assurance Bateau<\/title>\n<meta name=\"description\" content=\"D\u00e9couvrir APRIL Marine : navigateur confirm\u00e9, amateur \u00e9clair\u00e9 ou nouveau plaisancier, nos assurances bateau vous offrent les meilleures protections!\" \/>\n<meta name=\"robots\" content=\"index, follow, max-snippet:-1, max-image-preview:large, max-video-preview:-1\" \/>\n<link rel=\"canonical\" href=\"https:\/\/aprilmarine.ca\/on-fr\/decouvrir-april-marine\" \/>\n<meta property=\"og:locale\" content=\"en_US\" \/>\n<meta property=\"og:type\" content=\"article\" \/>\n<meta property=\"og:title\" content=\"D\u00e9couvrir APRIL Marine | APRIL Marine | Expert en Assurance Bateau\" \/>\n<meta property=\"og:description\" content=\"D\u00e9couvrir APRIL Marine : navigateur confirm\u00e9, amateur \u00e9clair\u00e9 ou nouveau plaisancier, nos assurances bateau vous offrent les meilleures protections!\" \/>\n<meta property=\"og:url\" content=\"https:\/\/aprilmarine.ca\/on-fr\/decouvrir-april-marine\" \/>\n<meta property=\"og:site_name\" content=\"APRIL Marine\" \/>\n<meta property=\"article:modified_time\" content=\"2023-06-01T14:28:27+00:00\" \/>\n<meta property=\"og:image\" content=\"https:\/\/dev.aprilmarine.ca\/wp-content\/uploads\/\/2020\/04\/icone-check.svg\" \/>\n<meta name=\"twitter:card\" content=\"summary_large_image\" \/>\n<meta name=\"twitter:label1\" content=\"Est. reading time\" \/>\n\t<meta name=\"twitter:data1\" content=\"3 minutes\" \/>\n<script type=\"application\/ld+json\" class=\"yoast-schema-graph\">{\"@context\":\"https:\/\/schema.org\",\"@graph\":[{\"@type\":\"WebPage\",\"@id\":\"https:\/\/aprilmarine.ca\/on-fr\/decouvrir-april-marine\",\"url\":\"https:\/\/aprilmarine.ca\/on-fr\/decouvrir-april-marine\",\"name\":\"D\u00e9couvrir APRIL Marine | APRIL Marine | Expert en Assurance Bateau\",\"isPartOf\":{\"@id\":\"https:\/\/aprilmarine.ca\/on-fr#website\"},\"primaryImageOfPage\":{\"@id\":\"https:\/\/aprilmarine.ca\/on-fr\/decouvrir-april-marine#primaryimage\"},\"image\":{\"@id\":\"https:\/\/aprilmarine.ca\/on-fr\/decouvrir-april-marine#primaryimage\"},\"thumbnailUrl\":\"https:\/\/dev.aprilmarine.ca\/wp-content\/uploads\/\/2020\/04\/icone-check.svg\",\"datePublished\":\"2020-03-31T23:16:22+00:00\",\"dateModified\":\"2023-06-01T14:28:27+00:00\",\"description\":\"D\u00e9couvrir APRIL Marine : navigateur confirm\u00e9, amateur \u00e9clair\u00e9 ou nouveau plaisancier, nos assurances bateau vous offrent les meilleures protections!\",\"breadcrumb\":{\"@id\":\"https:\/\/aprilmarine.ca\/on-fr\/decouvrir-april-marine#breadcrumb\"},\"inLanguage\":\"ON-fr\",\"potentialAction\":[{\"@type\":\"ReadAction\",\"target\":[\"https:\/\/aprilmarine.ca\/on-fr\/decouvrir-april-marine\"]}]},{\"@type\":\"ImageObject\",\"inLanguage\":\"ON-fr\",\"@id\":\"https:\/\/aprilmarine.ca\/on-fr\/decouvrir-april-marine#primaryimage\",\"url\":\"https:\/\/dev.aprilmarine.ca\/wp-content\/uploads\/\/2020\/04\/icone-check.svg\",\"contentUrl\":\"https:\/\/dev.aprilmarine.ca\/wp-content\/uploads\/\/2020\/04\/icone-check.svg\"},{\"@type\":\"BreadcrumbList\",\"@id\":\"https:\/\/aprilmarine.ca\/on-fr\/decouvrir-april-marine#breadcrumb\",\"itemListElement\":[{\"@type\":\"ListItem\",\"position\":1,\"name\":\"Accueil\",\"item\":\"https:\/\/aprilmarine.ca\/on-fr\"},{\"@type\":\"ListItem\",\"position\":2,\"name\":\"D\u00e9couvrir APRIL Marine\"}]},{\"@type\":\"WebSite\",\"@id\":\"https:\/\/aprilmarine.ca\/on-fr#website\",\"url\":\"https:\/\/aprilmarine.ca\/on-fr\",\"name\":\"APRIL Marine\",\"description\":\"Expert en assurance bateau\",\"publisher\":{\"@id\":\"https:\/\/aprilmarine.ca\/on-fr#organization\"},\"potentialAction\":[{\"@type\":\"SearchAction\",\"target\":{\"@type\":\"EntryPoint\",\"urlTemplate\":\"https:\/\/aprilmarine.ca\/on-fr?s={search_term_string}\"},\"query-input\":{\"@type\":\"PropertyValueSpecification\",\"valueRequired\":true,\"valueName\":\"search_term_string\"}}],\"inLanguage\":\"ON-fr\"},{\"@type\":\"Organization\",\"@id\":\"https:\/\/aprilmarine.ca\/on-fr#organization\",\"name\":\"APRIL Marine\",\"url\":\"https:\/\/aprilmarine.ca\/on-fr\",\"logo\":{\"@type\":\"ImageObject\",\"inLanguage\":\"ON-fr\",\"@id\":\"https:\/\/aprilmarine.ca\/on-fr#\/schema\/logo\/image\/\",\"url\":\"https:\/\/aprilmarine.ca\/wp-content\/uploads\/2020\/05\/logo-april-marine.svg\",\"contentUrl\":\"https:\/\/aprilmarine.ca\/wp-content\/uploads\/2020\/05\/logo-april-marine.svg\",\"width\":70,\"height\":32,\"caption\":\"APRIL Marine\"},\"image\":{\"@id\":\"https:\/\/aprilmarine.ca\/on-fr#\/schema\/logo\/image\/\"}}]}<\/script>\n<!-- \/ Yoast SEO plugin. -->","yoast_head_json":{"title":"D\u00e9couvrir APRIL Marine | APRIL Marine | Expert en Assurance Bateau","description":"D\u00e9couvrir APRIL Marine : navigateur confirm\u00e9, amateur \u00e9clair\u00e9 ou nouveau plaisancier, nos assurances bateau vous offrent les meilleures protections!","robots":{"index":"index","follow":"follow","max-snippet":"max-snippet:-1","max-image-preview":"max-image-preview:large","max-video-preview":"max-video-preview:-1"},"canonical":"https:\/\/aprilmarine.ca\/on-fr\/decouvrir-april-marine","og_locale":"en_US","og_type":"article","og_title":"D\u00e9couvrir APRIL Marine | APRIL Marine | Expert en Assurance Bateau","og_description":"D\u00e9couvrir APRIL Marine : navigateur confirm\u00e9, amateur \u00e9clair\u00e9 ou nouveau plaisancier, nos assurances bateau vous offrent les meilleures protections!","og_url":"https:\/\/aprilmarine.ca\/on-fr\/decouvrir-april-marine","og_site_name":"APRIL Marine","article_modified_time":"2023-06-01T14:28:27+00:00","og_image":[{"url":"https:\/\/dev.aprilmarine.ca\/wp-content\/uploads\/\/2020\/04\/icone-check.svg","type":"","width":"","height":""}],"twitter_card":"summary_large_image","twitter_misc":{"Est. reading time":"3 minutes"},"schema":{"@context":"https:\/\/schema.org","@graph":[{"@type":"WebPage","@id":"https:\/\/aprilmarine.ca\/on-fr\/decouvrir-april-marine","url":"https:\/\/aprilmarine.ca\/on-fr\/decouvrir-april-marine","name":"D\u00e9couvrir APRIL Marine | APRIL Marine | Expert en Assurance Bateau","isPartOf":{"@id":"https:\/\/aprilmarine.ca\/on-fr#website"},"primaryImageOfPage":{"@id":"https:\/\/aprilmarine.ca\/on-fr\/decouvrir-april-marine#primaryimage"},"image":{"@id":"https:\/\/aprilmarine.ca\/on-fr\/decouvrir-april-marine#primaryimage"},"thumbnailUrl":"https:\/\/dev.aprilmarine.ca\/wp-content\/uploads\/\/2020\/04\/icone-check.svg","datePublished":"2020-03-31T23:16:22+00:00","dateModified":"2023-06-01T14:28:27+00:00","description":"D\u00e9couvrir APRIL Marine : navigateur confirm\u00e9, amateur \u00e9clair\u00e9 ou nouveau plaisancier, nos assurances bateau vous offrent les meilleures protections!","breadcrumb":{"@id":"https:\/\/aprilmarine.ca\/on-fr\/decouvrir-april-marine#breadcrumb"},"inLanguage":"ON-fr","potentialAction":[{"@type":"ReadAction","target":["https:\/\/aprilmarine.ca\/on-fr\/decouvrir-april-marine"]}]},{"@type":"ImageObject","inLanguage":"ON-fr","@id":"https:\/\/aprilmarine.ca\/on-fr\/decouvrir-april-marine#primaryimage","url":"https:\/\/dev.aprilmarine.ca\/wp-content\/uploads\/\/2020\/04\/icone-check.svg","contentUrl":"https:\/\/dev.aprilmarine.ca\/wp-content\/uploads\/\/2020\/04\/icone-check.svg"},{"@type":"BreadcrumbList","@id":"https:\/\/aprilmarine.ca\/on-fr\/decouvrir-april-marine#breadcrumb","itemListElement":[{"@type":"ListItem","position":1,"name":"Accueil","item":"https:\/\/aprilmarine.ca\/on-fr"},{"@type":"ListItem","position":2,"name":"D\u00e9couvrir APRIL Marine"}]},{"@type":"WebSite","@id":"https:\/\/aprilmarine.ca\/on-fr#website","url":"https:\/\/aprilmarine.ca\/on-fr","name":"APRIL Marine","description":"Expert en assurance bateau","publisher":{"@id":"https:\/\/aprilmarine.ca\/on-fr#organization"},"potentialAction":[{"@type":"SearchAction","target":{"@type":"EntryPoint","urlTemplate":"https:\/\/aprilmarine.ca\/on-fr?s={search_term_string}"},"query-input":{"@type":"PropertyValueSpecification","valueRequired":true,"valueName":"search_term_string"}}],"inLanguage":"ON-fr"},{"@type":"Organization","@id":"https:\/\/aprilmarine.ca\/on-fr#organization","name":"APRIL Marine","url":"https:\/\/aprilmarine.ca\/on-fr","logo":{"@type":"ImageObject","inLanguage":"ON-fr","@id":"https:\/\/aprilmarine.ca\/on-fr#\/schema\/logo\/image\/","url":"https:\/\/aprilmarine.ca\/wp-content\/uploads\/2020\/05\/logo-april-marine.svg","contentUrl":"https:\/\/aprilmarine.ca\/wp-content\/uploads\/2020\/05\/logo-april-marine.svg","width":70,"height":32,"caption":"APRIL Marine"},"image":{"@id":"https:\/\/aprilmarine.ca\/on-fr#\/schema\/logo\/image\/"}}]}},"_links":{"self":[{"href":"https:\/\/aprilmarine.ca\/on-fr\/wp-json\/wp\/v2\/pages\/2851","targetHints":{"allow":["GET"]}}],"collection":[{"href":"https:\/\/aprilmarine.ca\/on-fr\/wp-json\/wp\/v2\/pages"}],"about":[{"href":"https:\/\/aprilmarine.ca\/on-fr\/wp-json\/wp\/v2\/types\/page"}],"author":[{"embeddable":true,"href":"https:\/\/aprilmarine.ca\/on-fr\/wp-json\/wp\/v2\/users\/3"}],"replies":[{"embeddable":true,"href":"https:\/\/aprilmarine.ca\/on-fr\/wp-json\/wp\/v2\/comments?post=2851"}],"version-history":[{"count":1,"href":"https:\/\/aprilmarine.ca\/on-fr\/wp-json\/wp\/v2\/pages\/2851\/revisions"}],"predecessor-version":[{"id":6447,"href":"https:\/\/aprilmarine.ca\/on-fr\/wp-json\/wp\/v2\/pages\/2851\/revisions\/6447"}],"wp:attachment":[{"href":"https:\/\/aprilmarine.ca\/on-fr\/wp-json\/wp\/v2\/media?parent=2851"}],"curies":[{"name":"wp","href":"https:\/\/api.w.org\/{rel}","templated":true}]}}