{"id":2860,"date":"2020-03-31T23:16:04","date_gmt":"2020-03-31T23:16:04","guid":{"rendered":"https:\/\/dev.aprilmarine.ca\/sinistre\/"},"modified":"2024-11-25T14:57:19","modified_gmt":"2024-11-25T19:57:19","slug":"sinistre","status":"publish","type":"page","link":"https:\/\/aprilmarine.ca\/on-fr\/sinistre","title":{"rendered":"En cas de sinistre"},"content":{"rendered":"<div class=\"wpb-content-wrapper\"><p>[vc_row darkrow=&#8221;&#8221; activemobile=&#8221;&#8221; param__bgalignement=&#8221;&#8221; param__bgsize=&#8221;&#8221; css=&#8221;.vc_custom_1589139148010{padding-top: 60px !important;}&#8221;][vc_column]<p class=\"vc_breadcrumbs\"><span><span><a href=\"https:\/\/aprilmarine.ca\/on-fr\">Accueil<\/a><\/span><\/span><\/p>[vc_column_text css=&#8221;.vc_custom_1589143971980{margin-bottom: 30px !important;}&#8221; darkrow=&#8221;&#8221;]<\/p>\n<h1><span style=\"color: #f49e00;\">En cas de sinistre<\/span><\/h1>\n<h2>Pour une saison sans nuages\u2026<\/h2>\n<p>[\/vc_column_text][vc_column_text darkrow=&#8221;&#8221;]Car personne n\u2019est \u00e0 l\u2019abri d\u2019incidents, on est l\u00e0 pour vous aider en tout temps, \u00e0 quai et sur l\u2019eau![\/vc_column_text][\/vc_column][\/vc_row][vc_row darkrow=&#8221;&#8221; activemobile=&#8221;&#8221; param__bgalignement=&#8221;&#8221; param__bgsize=&#8221;&#8221; css=&#8221;.vc_custom_1589139142656{padding-top: 80px !important;padding-bottom: 80px !important;}&#8221;][vc_column][vc_column_text css=&#8221;.vc_custom_1591298514870{margin-bottom: 30px !important;}&#8221; darkrow=&#8221;&#8221;]<\/p>\n<h3 style=\"color: #f49e00;\">APRIL Marine Assistance <span style=\"white-space: nowrap;\"><a style=\"color: #f49e00;\" href=\"tel:1-866-683-6521\"><u>1-866-683-6521<\/u><\/a><\/span><\/h3>\n<p>[\/vc_column_text][vc_row_inner][vc_column_inner width=&#8221;1\/2&#8243;]<div class=\"vc_customList\" data-bullets=\"https:\/\/aprilmarine.ca\/wp-content\/uploads\/2022\/03\/icone-crochet-bleu.svg\"><\/p>\n<ul>\n<li><strong>D\u00e9claration d\u2019un sinistre 7\/7 :<\/strong> nos experts vous accompagnent pour une d\u00e9claration de sinistre et un d\u00e9dommagement rapide et facile.<\/li>\n<li><strong>R\u00e9f\u00e9rencement de remorquage 24\/7 :<\/strong> en cas de panne, on trouve le service de remorquage d\u2019urgence le plus proche de votre localisation.<\/li>\n<\/ul>\n<p><\/div>[\/vc_column_inner][vc_column_inner width=&#8221;1\/2&#8243;]<div class=\"vc_customList\" data-bullets=\"https:\/\/aprilmarine.ca\/wp-content\/uploads\/2022\/03\/icone-crochet-bleu.svg\"><\/p>\n<ul>\n<li><strong>\u00c9valuation de la valeur marchande :<\/strong> on vous informe et vous conseille gratuitement quant \u00e0 la valeur d\u2019une embarcation \u00e0 vendre ou \u00e0 acheter.<\/li>\n<li><strong>Service de conciergerie :<\/strong> r\u00e9servation de restaurant, planification de voyage, infos pratiques des marinas, rampes d\u2019acc\u00e8s, liste des points d\u2019int\u00e9r\u00eats\u2026 les r\u00e9ponses \u00e0 toutes vos questions en un coup de fil!<\/li>\n<\/ul>\n<p><\/div>[\/vc_column_inner][\/vc_row_inner][\/vc_column][\/vc_row][vc_row darkrow=&#8221;&#8221; activemobile=&#8221;&#8221; param__bgalignement=&#8221;&#8221; param__bgsize=&#8221;&#8221; css=&#8221;.vc_custom_1646935392844{margin-bottom: 80px !important;padding-top: 30px !important;padding-right: 30px !important;padding-bottom: 30px !important;padding-left: 30px !important;background-color: #ffffff !important;border-radius: 10px !important;}&#8221; el_class=&#8221;c-row_boxshadow&#8221;][vc_column css=&#8221;.vc_custom_1589139388283{padding-bottom: 30px !important;}&#8221;][vc_custom_heading text=&#8221;Les \u00e9tapes \u00e0 suivre en cas de sinistre&#8221; font_container=&#8221;tag:h2|font_size:32px|text_align:left|color:%23f49e00&#8243; use_theme_fonts=&#8221;yes&#8221;][\/vc_column][vc_column width=&#8221;1\/2&#8243;][vc_row_inner css=&#8221;.vc_custom_1588972017465{margin-bottom: 30px !important;}&#8221;][vc_column_inner width=&#8221;1\/6&#8243;][vc_single_image image=&#8221;3620&#8243; img_size=&#8221;80&#215;80&#8243; css=&#8221;.vc_custom_1590505962690{margin-bottom: 15px !important;}&#8221;][\/vc_column_inner][vc_column_inner width=&#8221;5\/6&#8243;][vc_column_text darkrow=&#8221;&#8221;]<\/p>\n<p>S\u2019assurer que <strong>tout le monde est \u00e0 bord de l\u2019embarcation et en s\u00e9curit\u00e9.<\/strong><\/p>\n<p>[\/vc_column_text][\/vc_column_inner][\/vc_row_inner][vc_row_inner css=&#8221;.vc_custom_1588972017465{margin-bottom: 30px !important;}&#8221;][vc_column_inner width=&#8221;1\/6&#8243;][vc_single_image image=&#8221;3624&#8243; img_size=&#8221;80&#215;80&#8243; css=&#8221;.vc_custom_1590505969345{margin-bottom: 15px !important;}&#8221;][\/vc_column_inner][vc_column_inner width=&#8221;5\/6&#8243;][vc_column_text darkrow=&#8221;&#8221;]S\u2019assurer, dans la mesure du possible, de <strong>prot\u00e9ger les biens contre tout dommage suppl\u00e9mentaire.<\/strong>[\/vc_column_text][\/vc_column_inner][\/vc_row_inner][vc_row_inner css=&#8221;.vc_custom_1588972017465{margin-bottom: 30px !important;}&#8221;][vc_column_inner width=&#8221;1\/6&#8243;][vc_single_image image=&#8221;3628&#8243; img_size=&#8221;80&#215;80&#8243; css=&#8221;.vc_custom_1590505976040{margin-bottom: 15px !important;}&#8221;][\/vc_column_inner][vc_column_inner width=&#8221;5\/6&#8243;][vc_column_text darkrow=&#8221;&#8221;]<strong>Contacter les autorit\u00e9s<\/strong> (Police ou Garde C\u00f4ti\u00e8re) s\u2019il en est n\u00e9cessaire. Dans le cas o\u00f9 il y aurait des bless\u00e9s ou que votre embarcation ne serait plus navigable, nous recommandons fortement de faire appel aux autorit\u00e9s.[\/vc_column_text][\/vc_column_inner][\/vc_row_inner][vc_row_inner css=&#8221;.vc_custom_1588972017465{margin-bottom: 30px !important;}&#8221;][vc_column_inner width=&#8221;1\/6&#8243;][vc_single_image image=&#8221;3632&#8243; img_size=&#8221;80&#215;80&#8243; css=&#8221;.vc_custom_1590505982493{margin-bottom: 15px !important;}&#8221;][\/vc_column_inner][vc_column_inner width=&#8221;5\/6&#8243;][vc_column_text darkrow=&#8221;&#8221;]<strong>Contacter l\u2019Assistance APRIL Marine.<\/strong> Ils \u00e9valueront avec vous les interventions n\u00e9cessaires d\u2019urgence et ouvriront votre dossier de r\u00e9clamation si n\u00e9cessaire.[\/vc_column_text][\/vc_column_inner][\/vc_row_inner][\/vc_column][vc_column width=&#8221;1\/2&#8243;][vc_row_inner css=&#8221;.vc_custom_1588972017465{margin-bottom: 30px !important;}&#8221;][vc_column_inner width=&#8221;1\/6&#8243;][vc_single_image image=&#8221;3636&#8243; img_size=&#8221;80&#215;80&#8243; css=&#8221;.vc_custom_1590505988767{margin-bottom: 15px !important;}&#8221;][\/vc_column_inner][vc_column_inner width=&#8221;5\/6&#8243;][vc_column_text darkrow=&#8221;&#8221;]Prendre les coordonn\u00e9es des<strong> t\u00e9moins ainsi que des tiers impliqu\u00e9s<\/strong> dans le sinistre afin de les transmettre \u00e0 votre assureur.[\/vc_column_text][\/vc_column_inner][\/vc_row_inner][vc_row_inner css=&#8221;.vc_custom_1588972017465{margin-bottom: 30px !important;}&#8221;][vc_column_inner width=&#8221;1\/6&#8243;][vc_single_image image=&#8221;3640&#8243; img_size=&#8221;80&#215;80&#8243; css=&#8221;.vc_custom_1590505995664{margin-bottom: 15px !important;}&#8221;][\/vc_column_inner][vc_column_inner width=&#8221;5\/6&#8243;][vc_column_text darkrow=&#8221;&#8221;]<strong>D\u00e9placer l\u2019embarcation \u00e0 un endroit s\u00e9curitaire et sans risque.<\/strong> Il est conseill\u00e9 de retirer l\u2019embarcation de l\u2019eau suite \u00e0 un incident afin de bien constater les dommages et de s\u2019assurer que l\u2019embarcation est s\u00e9curitaire. Si vous n\u2019\u00eates pas en mesure de retirer l\u2019embarcation de l\u2019eau de fa\u00e7on s\u00e9curitaire, contactez l\u2019Assistance APRIL Marine. Ils vous proposeront des solutions afin de retirer votre embarcation de l\u2019eau de fa\u00e7on s\u00e9curitaire.[\/vc_column_text][\/vc_column_inner][\/vc_row_inner][vc_row_inner css=&#8221;.vc_custom_1588972017465{margin-bottom: 30px !important;}&#8221;][vc_column_inner width=&#8221;1\/6&#8243;][vc_single_image image=&#8221;3644&#8243; img_size=&#8221;80&#215;80&#8243; css=&#8221;.vc_custom_1590506001571{margin-bottom: 15px !important;}&#8221;][\/vc_column_inner][vc_column_inner width=&#8221;5\/6&#8243;][vc_column_text darkrow=&#8221;&#8221;]<strong>Prendre des photos<\/strong> des dommages et du sinistre (avant et apr\u00e8s d\u00e9blayage).[\/vc_column_text][\/vc_column_inner][\/vc_row_inner][vc_row_inner css=&#8221;.vc_custom_1588972017465{margin-bottom: 30px !important;}&#8221;][vc_column_inner width=&#8221;1\/6&#8243;][vc_single_image image=&#8221;3648&#8243; img_size=&#8221;80&#215;80&#8243; css=&#8221;.vc_custom_1590412904054{margin-bottom: 15px !important;}&#8221;][\/vc_column_inner][vc_column_inner width=&#8221;5\/6&#8243;][vc_column_text darkrow=&#8221;&#8221;]Si vous n\u2019avez pas d\u00e9j\u00e0 un <strong>r\u00e9parateur favori<\/strong>, assurez-vous de rep\u00e9rer celui le plus pr\u00e8s des lieux du sinistre ou de votre domicile. Ne jamais faire r\u00e9parer les dommages avant d\u2019avoir permis \u00e0 l\u2019assureur de les inspecter et de les \u00e9valuer.[\/vc_column_text][\/vc_column_inner][\/vc_row_inner][\/vc_column][\/vc_row][vc_row darkrow=&#8221;vc_row&#8211;dark_row&#8221; full_width=&#8221;stretch_row&#8221; activemobile=&#8221;&#8221; param__bgalignement=&#8221;&#8221; param__bgsize=&#8221;&#8221; css=&#8221;.vc_custom_1588972904777{padding-top: 80px !important;padding-bottom: 80px !important;background-color: #004161 !important;}&#8221;][vc_column width=&#8221;1\/6&#8243;][\/vc_column][vc_column width=&#8221;2\/3&#8243;][vc_column_text darkrow=&#8221;&#8221;]<\/p>\n<p style=\"font-size: 20px; text-align: center;\"><strong>En cas de r\u00e9clamation, nos experts en sinistre vous rejoindront dans les 3 heures ouvrables apr\u00e8s avoir \u00e9t\u00e9 contact\u00e9s via APRIL Marine Assistance et vous accompagneront dans le processus de r\u00e9clamation afin de <span style=\"color: #f49e00;\">vous permettre de retourner le plus vite possible \u00e0 l\u2019eau.<\/span><\/strong><\/p>\n<p>[\/vc_column_text][\/vc_column][vc_column width=&#8221;1\/6&#8243;][\/vc_column][\/vc_row][vc_row darkrow=&#8221;&#8221; activemobile=&#8221;&#8221; param__bgalignement=&#8221;&#8221; param__bgsize=&#8221;&#8221; css=&#8221;.vc_custom_1588971240946{padding-top: 80px !important;padding-bottom: 80px !important;}&#8221;][vc_column][vc_column_text css=&#8221;.vc_custom_1588971165517{margin-bottom: 60px !important;}&#8221;]<\/p>\n<h1><span style=\"color: #f49e00;\">Quelques exemples de sinistres les plus fr\u00e9quents<\/span><\/h1>\n<p>[\/vc_column_text][\/vc_column][vc_column width=&#8221;1\/2&#8243;][vc_column_text css=&#8221;.vc_custom_1588971149237{margin-bottom: 30px !important;}&#8221;]<strong>En cas de collision entre deux embarcations,<\/strong> assurez-vous que tout le monde est en s\u00e9curit\u00e9 et contactez les <strong>autorit\u00e9s<\/strong> pour qu\u2019ils effectuent un rapport d\u2019incident. Il est possible d\u2019utiliser un constat amiable, la majorit\u00e9 des informations pertinentes s\u2019y trouve d\u00e9j\u00e0.[\/vc_column_text][vc_column_text css=&#8221;.vc_custom_1588971199041{margin-bottom: 30px !important;}&#8221;]<strong>En cas de collision avec le fond ou autre,<\/strong> il est important de s\u2019assurer que personne n\u2019est bless\u00e9 \u00e0 bord de l\u2019embarcation. Ensuite, assurez-vous que l\u2019embarcation n\u2019a pas de <strong>fuite d\u2019huile<\/strong> ou de <strong>carburant<\/strong>, ou que l\u2019embarcation n\u2019accumule pas d\u2019eau dans la cale. Dans le doute, contactez la garde c\u00f4ti\u00e8re du plan d\u2019eau ou l\u2019Assistance APRIL Marine, ils vous guideront selon votre situation.[\/vc_column_text][\/vc_column][vc_column width=&#8221;1\/2&#8243;][vc_column_text css=&#8221;.vc_custom_1588971223048{margin-bottom: 30px !important;}&#8221;]<strong>En cas de collision sur la route pendant le transport,<\/strong> r\u00e9f\u00e9rez-vous \u00e0 votre assureur automobile et contactez l\u2019Assistance APRIL Marine.[\/vc_column_text][vc_column_text]<strong>En cas d\u2019effondrement d\u2019abris d\u2019hiver,<\/strong> prendre des photos avant de retirer la neige et les d\u00e9bris. Avant de d\u00e9blayer le tout, assurez que les lieux sont s\u00e9curitaires et que vous \u00eates en mesure de r\u00e9aliser le d\u00e9blaiement sans compromettre votre s\u00e9curit\u00e9. N\u2019h\u00e9sitez pas \u00e0 communiquer avec votre assureur si le d\u00e9blaiement n\u2019est pas s\u00e9curitaire, l\u2019\u00e9quipe des sinistres trouvera une solution \u00e0 la situation. Si vous pouvez d\u00e9blayer l\u2019embarcation en toute s\u00e9curit\u00e9, assurez-vous de reprendre des photos des d\u00e9g\u00e2ts occasionn\u00e9s par l\u2019effondrement et de contacter l\u2019Assistance.[\/vc_column_text][\/vc_column][\/vc_row][vc_row darkrow=&#8221;&#8221; activemobile=&#8221;&#8221; param__bgalignement=&#8221;&#8221; param__bgsize=&#8221;&#8221; css=&#8221;.vc_custom_1591298535918{margin-bottom: 80px !important;border-top-width: 1px !important;border-right-width: 1px !important;border-bottom-width: 1px !important;border-left-width: 1px !important;padding-top: 30px !important;padding-right: 15px !important;padding-bottom: 30px !important;padding-left: 15px !important;background-color: #ffffff !important;border-left-color: #004161 !important;border-left-style: solid !important;border-right-color: #004161 !important;border-right-style: solid !important;border-top-color: #004161 !important;border-top-style: solid !important;border-bottom-color: #004161 !important;border-bottom-style: solid !important;border-radius: 10px !important;}&#8221;][vc_column][vc_column_text css=&#8221;.vc_custom_1588971340611{margin-bottom: 30px !important;}&#8221;]Vous pourriez aussi \u00eatre victime de vol, de vandalisme, d\u2019incendie, etc. Il s\u2019agit l\u00e0 de quelques exemples que nous traitons au quotidien. M\u00eame lorsque la saison est termin\u00e9e, votre embarcation court un risque. En effet, un sinistre sur quatre se produit hors navigation. C\u2019est pourquoi APRIL Marine vous offre une protection compl\u00e8te de votre embarcation, et ce, 365 jours par an.[\/vc_column_text][vc_column_text css=&#8221;.vc_custom_1590175528468{margin-bottom: 30px !important;}&#8221; darkrow=&#8221;&#8221;]<strong>L\u2019Assistance APRIL Marine est un service hors pair que nous sommes fiers d\u2019offrir gratuitement \u00e0 nos assur\u00e9s 24\/7.<\/strong>[\/vc_column_text][vc_column_text css=&#8221;.vc_custom_1590430326423{margin-bottom: 30px !important;}&#8221; darkrow=&#8221;&#8221;]<\/p>\n<p style=\"font-size: 24px;\">Assistance APRIL Marine : <a href=\"tel:1-866-683-6521\"><span style=\"color: #f49e00; white-space: nowrap;\"><u>1-866-683-6521<\/u><\/span><\/a><\/p>\n<p>[\/vc_column_text][\/vc_column][\/vc_row]<\/p>\n<\/div>","protected":false},"excerpt":{"rendered":"<p>[vc_row darkrow=&#8221;&#8221; activemobile=&#8221;&#8221; param__bgalignement=&#8221;&#8221; param__bgsize=&#8221;&#8221; css=&#8221;.vc_custom_1589139148010{padding-top: 60px !important;}&#8221;][vc_column][vc_column_text css=&#8221;.vc_custom_1589143971980{margin-bottom: 30px !important;}&#8221; darkrow=&#8221;&#8221;] En cas de sinistre Pour une saison sans nuages\u2026 [\/vc_column_text][vc_column_text darkrow=&#8221;&#8221;]Car personne n\u2019est \u00e0 l\u2019abri d\u2019incidents, on est l\u00e0 pour vous aider en tout temps, \u00e0 quai et sur l\u2019eau![\/vc_column_text][\/vc_column][\/vc_row][vc_row darkrow=&#8221;&#8221; activemobile=&#8221;&#8221; param__bgalignement=&#8221;&#8221; param__bgsize=&#8221;&#8221; css=&#8221;.vc_custom_1589139142656{padding-top: 80px !important;padding-bottom: 80px !important;}&#8221;][vc_column][vc_column_text css=&#8221;.vc_custom_1591298514870{margin-bottom: 30px !important;}&#8221; darkrow=&#8221;&#8221;] [&hellip;]<\/p>\n","protected":false},"author":3,"featured_media":0,"parent":0,"menu_order":0,"comment_status":"closed","ping_status":"closed","template":"","meta":{"inline_featured_image":false,"footnotes":""},"class_list":["post-2860","page","type-page","status-publish","hentry"],"yoast_head":"<!-- This site is optimized with the Yoast SEO plugin v26.8 - https:\/\/yoast.com\/product\/yoast-seo-wordpress\/ -->\n<title>En cas de sinistre | APRIL Marine<\/title>\n<meta name=\"description\" content=\"En cas de sinistre, contactez APRIL Marine Assistance. Car personne n\u2019est \u00e0 l\u2019abri d\u2019incidents, on est l\u00e0 pour vous aider en tout temps, \u00e0 quai et sur l\u2019eau\" \/>\n<meta name=\"robots\" content=\"index, follow, max-snippet:-1, max-image-preview:large, max-video-preview:-1\" \/>\n<link rel=\"canonical\" href=\"https:\/\/aprilmarine.ca\/on-fr\/sinistre\" \/>\n<meta property=\"og:locale\" content=\"en_US\" \/>\n<meta property=\"og:type\" content=\"article\" \/>\n<meta property=\"og:title\" content=\"En cas de sinistre | APRIL Marine\" \/>\n<meta property=\"og:description\" content=\"En cas de sinistre, contactez APRIL Marine Assistance. Car personne n\u2019est \u00e0 l\u2019abri d\u2019incidents, on est l\u00e0 pour vous aider en tout temps, \u00e0 quai et sur l\u2019eau\" \/>\n<meta property=\"og:url\" content=\"https:\/\/aprilmarine.ca\/on-fr\/sinistre\" \/>\n<meta property=\"og:site_name\" content=\"APRIL Marine\" \/>\n<meta property=\"article:modified_time\" content=\"2024-11-25T19:57:19+00:00\" \/>\n<meta name=\"twitter:card\" content=\"summary_large_image\" \/>\n<meta name=\"twitter:label1\" content=\"Est. reading time\" \/>\n\t<meta name=\"twitter:data1\" content=\"6 minutes\" \/>\n<script type=\"application\/ld+json\" class=\"yoast-schema-graph\">{\"@context\":\"https:\/\/schema.org\",\"@graph\":[{\"@type\":\"WebPage\",\"@id\":\"https:\/\/aprilmarine.ca\/on-fr\/sinistre\",\"url\":\"https:\/\/aprilmarine.ca\/on-fr\/sinistre\",\"name\":\"En cas de sinistre | APRIL Marine\",\"isPartOf\":{\"@id\":\"https:\/\/aprilmarine.ca\/on-fr#website\"},\"datePublished\":\"2020-03-31T23:16:04+00:00\",\"dateModified\":\"2024-11-25T19:57:19+00:00\",\"description\":\"En cas de sinistre, contactez APRIL Marine Assistance. Car personne n\u2019est \u00e0 l\u2019abri d\u2019incidents, on est l\u00e0 pour vous aider en tout temps, \u00e0 quai et sur l\u2019eau\",\"breadcrumb\":{\"@id\":\"https:\/\/aprilmarine.ca\/on-fr\/sinistre#breadcrumb\"},\"inLanguage\":\"ON-fr\",\"potentialAction\":[{\"@type\":\"ReadAction\",\"target\":[\"https:\/\/aprilmarine.ca\/on-fr\/sinistre\"]}]},{\"@type\":\"BreadcrumbList\",\"@id\":\"https:\/\/aprilmarine.ca\/on-fr\/sinistre#breadcrumb\",\"itemListElement\":[{\"@type\":\"ListItem\",\"position\":1,\"name\":\"Accueil\",\"item\":\"https:\/\/aprilmarine.ca\/on-fr\"},{\"@type\":\"ListItem\",\"position\":2,\"name\":\"En cas de sinistre\"}]},{\"@type\":\"WebSite\",\"@id\":\"https:\/\/aprilmarine.ca\/on-fr#website\",\"url\":\"https:\/\/aprilmarine.ca\/on-fr\",\"name\":\"APRIL Marine\",\"description\":\"Expert en assurance bateau\",\"publisher\":{\"@id\":\"https:\/\/aprilmarine.ca\/on-fr#organization\"},\"potentialAction\":[{\"@type\":\"SearchAction\",\"target\":{\"@type\":\"EntryPoint\",\"urlTemplate\":\"https:\/\/aprilmarine.ca\/on-fr?s={search_term_string}\"},\"query-input\":{\"@type\":\"PropertyValueSpecification\",\"valueRequired\":true,\"valueName\":\"search_term_string\"}}],\"inLanguage\":\"ON-fr\"},{\"@type\":\"Organization\",\"@id\":\"https:\/\/aprilmarine.ca\/on-fr#organization\",\"name\":\"APRIL Marine\",\"url\":\"https:\/\/aprilmarine.ca\/on-fr\",\"logo\":{\"@type\":\"ImageObject\",\"inLanguage\":\"ON-fr\",\"@id\":\"https:\/\/aprilmarine.ca\/on-fr#\/schema\/logo\/image\/\",\"url\":\"https:\/\/aprilmarine.ca\/wp-content\/uploads\/2020\/05\/logo-april-marine.svg\",\"contentUrl\":\"https:\/\/aprilmarine.ca\/wp-content\/uploads\/2020\/05\/logo-april-marine.svg\",\"width\":70,\"height\":32,\"caption\":\"APRIL Marine\"},\"image\":{\"@id\":\"https:\/\/aprilmarine.ca\/on-fr#\/schema\/logo\/image\/\"}}]}<\/script>\n<!-- \/ Yoast SEO plugin. -->","yoast_head_json":{"title":"En cas de sinistre | APRIL Marine","description":"En cas de sinistre, contactez APRIL Marine Assistance. Car personne n\u2019est \u00e0 l\u2019abri d\u2019incidents, on est l\u00e0 pour vous aider en tout temps, \u00e0 quai et sur l\u2019eau","robots":{"index":"index","follow":"follow","max-snippet":"max-snippet:-1","max-image-preview":"max-image-preview:large","max-video-preview":"max-video-preview:-1"},"canonical":"https:\/\/aprilmarine.ca\/on-fr\/sinistre","og_locale":"en_US","og_type":"article","og_title":"En cas de sinistre | APRIL Marine","og_description":"En cas de sinistre, contactez APRIL Marine Assistance. Car personne n\u2019est \u00e0 l\u2019abri d\u2019incidents, on est l\u00e0 pour vous aider en tout temps, \u00e0 quai et sur l\u2019eau","og_url":"https:\/\/aprilmarine.ca\/on-fr\/sinistre","og_site_name":"APRIL Marine","article_modified_time":"2024-11-25T19:57:19+00:00","twitter_card":"summary_large_image","twitter_misc":{"Est. reading time":"6 minutes"},"schema":{"@context":"https:\/\/schema.org","@graph":[{"@type":"WebPage","@id":"https:\/\/aprilmarine.ca\/on-fr\/sinistre","url":"https:\/\/aprilmarine.ca\/on-fr\/sinistre","name":"En cas de sinistre | APRIL Marine","isPartOf":{"@id":"https:\/\/aprilmarine.ca\/on-fr#website"},"datePublished":"2020-03-31T23:16:04+00:00","dateModified":"2024-11-25T19:57:19+00:00","description":"En cas de sinistre, contactez APRIL Marine Assistance. Car personne n\u2019est \u00e0 l\u2019abri d\u2019incidents, on est l\u00e0 pour vous aider en tout temps, \u00e0 quai et sur l\u2019eau","breadcrumb":{"@id":"https:\/\/aprilmarine.ca\/on-fr\/sinistre#breadcrumb"},"inLanguage":"ON-fr","potentialAction":[{"@type":"ReadAction","target":["https:\/\/aprilmarine.ca\/on-fr\/sinistre"]}]},{"@type":"BreadcrumbList","@id":"https:\/\/aprilmarine.ca\/on-fr\/sinistre#breadcrumb","itemListElement":[{"@type":"ListItem","position":1,"name":"Accueil","item":"https:\/\/aprilmarine.ca\/on-fr"},{"@type":"ListItem","position":2,"name":"En cas de sinistre"}]},{"@type":"WebSite","@id":"https:\/\/aprilmarine.ca\/on-fr#website","url":"https:\/\/aprilmarine.ca\/on-fr","name":"APRIL Marine","description":"Expert en assurance bateau","publisher":{"@id":"https:\/\/aprilmarine.ca\/on-fr#organization"},"potentialAction":[{"@type":"SearchAction","target":{"@type":"EntryPoint","urlTemplate":"https:\/\/aprilmarine.ca\/on-fr?s={search_term_string}"},"query-input":{"@type":"PropertyValueSpecification","valueRequired":true,"valueName":"search_term_string"}}],"inLanguage":"ON-fr"},{"@type":"Organization","@id":"https:\/\/aprilmarine.ca\/on-fr#organization","name":"APRIL Marine","url":"https:\/\/aprilmarine.ca\/on-fr","logo":{"@type":"ImageObject","inLanguage":"ON-fr","@id":"https:\/\/aprilmarine.ca\/on-fr#\/schema\/logo\/image\/","url":"https:\/\/aprilmarine.ca\/wp-content\/uploads\/2020\/05\/logo-april-marine.svg","contentUrl":"https:\/\/aprilmarine.ca\/wp-content\/uploads\/2020\/05\/logo-april-marine.svg","width":70,"height":32,"caption":"APRIL Marine"},"image":{"@id":"https:\/\/aprilmarine.ca\/on-fr#\/schema\/logo\/image\/"}}]}},"_links":{"self":[{"href":"https:\/\/aprilmarine.ca\/on-fr\/wp-json\/wp\/v2\/pages\/2860","targetHints":{"allow":["GET"]}}],"collection":[{"href":"https:\/\/aprilmarine.ca\/on-fr\/wp-json\/wp\/v2\/pages"}],"about":[{"href":"https:\/\/aprilmarine.ca\/on-fr\/wp-json\/wp\/v2\/types\/page"}],"author":[{"embeddable":true,"href":"https:\/\/aprilmarine.ca\/on-fr\/wp-json\/wp\/v2\/users\/3"}],"replies":[{"embeddable":true,"href":"https:\/\/aprilmarine.ca\/on-fr\/wp-json\/wp\/v2\/comments?post=2860"}],"version-history":[{"count":4,"href":"https:\/\/aprilmarine.ca\/on-fr\/wp-json\/wp\/v2\/pages\/2860\/revisions"}],"predecessor-version":[{"id":7411,"href":"https:\/\/aprilmarine.ca\/on-fr\/wp-json\/wp\/v2\/pages\/2860\/revisions\/7411"}],"wp:attachment":[{"href":"https:\/\/aprilmarine.ca\/on-fr\/wp-json\/wp\/v2\/media?parent=2860"}],"curies":[{"name":"wp","href":"https:\/\/api.w.org\/{rel}","templated":true}]}}