{"id":2879,"date":"2020-05-07T18:11:21","date_gmt":"2020-05-07T22:11:21","guid":{"rendered":"https:\/\/dev.aprilmarine.ca\/nous-decouvrir\/"},"modified":"2025-03-14T10:55:49","modified_gmt":"2025-03-14T14:55:49","slug":"nous-decouvrir","status":"publish","type":"page","link":"https:\/\/aprilmarine.ca\/on-fr\/nous-decouvrir","title":{"rendered":"Nous d\u00e9couvrir"},"content":{"rendered":"<div class=\"wpb-content-wrapper\"><p>[vc_row darkrow=&#8221;&#8221; activemobile=&#8221;&#8221; param__bgalignement=&#8221;&#8221; param__bgsize=&#8221;&#8221; css=&#8221;.vc_custom_1589136319569{padding-top: 60px !important;padding-bottom: 80px !important;}&#8221;][vc_column width=&#8221;7\/12&#8243;][vc_row_inner][vc_column_inner offset=&#8221;vc_hidden-lg vc_hidden-md vc_hidden-sm&#8221; css=&#8221;.vc_custom_1589396571616{margin-bottom: 30px !important;}&#8221;][vc_single_image image=&#8221;5853&#8243;][\/vc_column_inner][\/vc_row_inner]<p class=\"vc_breadcrumbs\"><span><span><a href=\"https:\/\/aprilmarine.ca\/on-fr\">Accueil<\/a><\/span><\/span><\/p>[vc_column_text css=&#8221;.vc_custom_1590161363103{margin-bottom: 30px !important;padding-right: 60px !important;}&#8221; darkrow=&#8221;&#8221;]<\/p>\n<h1><span style=\"color: #f49e00;\">Nous d\u00e9couvrir<\/span><\/h1>\n<h2><span style=\"color: #004161;\">Martin recherche la meilleure assurance pour couvrir son embarcation et prot\u00e9ger ses proches<\/span><\/h2>\n<p>[\/vc_column_text][vc_column_text css=&#8221;.vc_custom_1590162047742{padding-right: 60px !important;}&#8221; darkrow=&#8221;&#8221;]Motomarines, bateaux de p\u00eache, cruisers, bateaux \u00e0 moteur, voiliers\u2026 APRIL Marine est l\u2019<strong>expert de l\u2019assurance bateau<\/strong> depuis plus de 40 ans.<\/p>\n<p>Innovante et dynamique, APRIL Marine imagine, con\u00e7oit, g\u00e8re et distribue des contrats d\u2019assurance et des services innovants sp\u00e9cialement d\u00e9velopp\u00e9s pour <strong>permettre aux plaisanciers de profiter pleinement<\/strong> de leur embarcation en toute s\u00e9curit\u00e9.<\/p>\n<p>Que vous soyez navigateur confirm\u00e9, amateur \u00e9clair\u00e9 ou nouveau plaisancier, <strong>les offres modulables APRIL Marine sont faites pour vous!<\/strong>[\/vc_column_text][\/vc_column][vc_column width=&#8221;5\/12&#8243; offset=&#8221;vc_hidden-xs&#8221;][vc_single_image image=&#8221;5853&#8243;][\/vc_column][\/vc_row][vc_row darkrow=&#8221;&#8221; activemobile=&#8221;&#8221; param__bgalignement=&#8221;&#8221; param__bgsize=&#8221;&#8221; css=&#8221;.vc_custom_1646945704513{margin-bottom: 80px !important;padding-top: 30px !important;padding-right: 30px !important;padding-bottom: 30px !important;padding-left: 30px !important;background-color: #ffffff !important;border-radius: 10px !important;}&#8221; el_class=&#8221;c-row_boxshadow&#8221;][vc_column width=&#8221;1\/3&#8243;][vc_single_image image=&#8221;3483&#8243; img_size=&#8221;400&#215;400&#8243; style=&#8221;imgRounded__default&#8221; css=&#8221;.vc_custom_1590169209226{margin-bottom: 30px !important;}&#8221;][\/vc_column][vc_column width=&#8221;2\/3&#8243;][vc_column_text css=&#8221;.vc_custom_1588039218321{margin-bottom: 30px !important;}&#8221;]<\/p>\n<h2><span style=\"color: #f49e00;\">Notre devise<\/span><\/h2>\n<h3><span style=\"color: #004161;\">Naviguez, APRIL Marine s\u2019occupe de vous !<\/span><\/h3>\n<p>[\/vc_column_text][vc_column_text darkrow=&#8221;&#8221;]Filiale du groupe APRIL, APRIL Marine est experte en assurance de bateaux de plaisance. Ses <strong style=\"color: #f49e00;\">75 collaborateurs au Canada, aux Cara\u00efbes et en France<\/strong>, con\u00e7oivent, distribuent et g\u00e8rent des produits et services \u00e0 destination des particuliers et des professionnels de la plaisance.<\/p>\n<p>En direct mais aussi par l&#8217;interm\u00e9diaire de son <strong style=\"color: #f49e00;\">solide r\u00e9seau de courtiers<\/strong> et de ses partenaires sp\u00e9cialis\u00e9s, APRIL Marine propose notamment la garantie privation de jouissance, la protection des \u00e9quipements de p\u00eache et de sport, un service d&#8217;assistance 24\/7 ainsi qu&#8217;une estimation gratuite de la valeur marchande du bateau pour faciliter la vie des plaisanciers.<\/p>\n<p>Parmi ses services incontournables, <strong style=\"color: #f49e00;\">APRIL Marine Assistance<\/strong> donne acc\u00e8s \u00e0 ses assur\u00e9s \u00e0 l\u2019assistance et r\u00e9f\u00e9rencement de remorquage \u00e0 quai et en mer en tout temps, \u00e0 la d\u00e9claration de sinistre 7 jours sur 7 et \u00e0 un service de conciergerie exclusif.[\/vc_column_text][\/vc_column][\/vc_row][vc_row darkrow=&#8221;&#8221; activemobile=&#8221;&#8221; param__bgalignement=&#8221;&#8221; param__bgsize=&#8221;&#8221; css=&#8221;.vc_custom_1646945715026{margin-bottom: 80px !important;padding-top: 30px !important;padding-right: 30px !important;padding-bottom: 30px !important;padding-left: 30px !important;background-color: #ffffff !important;border-radius: 10px !important;}&#8221; el_class=&#8221;c-row_boxshadow&#8221;][vc_column width=&#8221;2\/3&#8243;][vc_column_text css=&#8221;.vc_custom_1589131396046{margin-bottom: 30px !important;}&#8221; darkrow=&#8221;&#8221;]<\/p>\n<h2><span style=\"color: #f49e00;\">Notre promesse<\/span><\/h2>\n<h3><span style=\"color: #004161;\">Simplifier la plaisance et la vie de nos assur\u00e9s et partenaires<\/span><\/h3>\n<p>[\/vc_column_text][vc_column_text css=&#8221;.vc_custom_1590162001601{margin-bottom: 30px !important;}&#8221; darkrow=&#8221;&#8221;]Le groupe APRIL est en recherche permanente d\u2019innovation et en constante \u00e9volution. Nos \u00e9quipes mettent \u00e0 profit de nouvelles technologies et d\u00e9veloppent pour vous, assur\u00e9s et courtiers partenaires, <strong style=\"color: #f49e00;\">des outils en ligne toujours plus performants<\/strong> afin de vous simplifier la vie et rendre l\u2019assurance plus facile.[\/vc_column_text][\/vc_column][\/vc_row][vc_row darkrow=&#8221;&#8221; activemobile=&#8221;&#8221; param__bgalignement=&#8221;&#8221; param__bgsize=&#8221;&#8221; css=&#8221;.vc_custom_1646945722594{margin-bottom: 80px !important;padding-top: 30px !important;padding-right: 30px !important;padding-bottom: 30px !important;padding-left: 30px !important;background-color: #ffffff !important;border-radius: 10px !important;}&#8221; el_class=&#8221;c-row_boxshadow&#8221;][vc_column][vc_column_text css=&#8221;.vc_custom_1589919069081{margin-bottom: 80px !important;}&#8221; darkrow=&#8221;&#8221;]<\/p>\n<h2><span style=\"color: #f49e00;\">Notre ambition<\/span><\/h2>\n<h3><span style=\"color: #004161;\">Changer l\u2019image de l\u2019assurance<\/span><\/h3>\n<p>[\/vc_column_text][\/vc_column][vc_column width=&#8221;1\/3&#8243; css=&#8221;.vc_custom_1588803817294{margin-bottom: 30px !important;}&#8221;][vc_custom_heading text=&#8221;L\u2019assurance plus simple,<br \/>\npour tous&#8221; font_container=&#8221;tag:h4|font_size:1.8rem|text_align:center|color:%23f49e00&#8243; use_theme_fonts=&#8221;yes&#8221; css=&#8221;.vc_custom_1588374504839{margin-bottom: 15px !important;}&#8221;][vc_column_text darkrow=&#8221;&#8221;]<\/p>\n<p style=\"text-align: center;\">Nous travaillons sans cesse \u00e0 changer l\u2019image de l\u2019assurance, en d\u00e9veloppant de nouvelles couvertures, mais surtout en mettant <strong>l\u2019humain et le contact au c\u0153ur de notre m\u00e9tier<\/strong>. Notre \u00e9quipe d\u2019experts passionn\u00e9s est \u00e0 votre \u00e9coute pour vous accompagner au mieux toute l\u2019ann\u00e9e!<\/p>\n<p>[\/vc_column_text][\/vc_column][vc_column width=&#8221;1\/3&#8243; css=&#8221;.vc_custom_1588803833102{margin-bottom: 30px !important;}&#8221;][vc_custom_heading text=&#8221;Notre mission :<br \/>\nvotre satisfaction&#8221; font_container=&#8221;tag:h4|font_size:1.8rem|text_align:center|color:%23f49e00&#8243; use_theme_fonts=&#8221;yes&#8221; css=&#8221;.vc_custom_1588374512019{margin-bottom: 15px !important;}&#8221;][vc_column_text darkrow=&#8221;&#8221;]<\/p>\n<p style=\"text-align: center;\">Avec 100 000 bateaux de plaisance assur\u00e9s dans le monde et 96% de nos assur\u00e9s satisfaits, nous avons \u00e0 c\u0153ur de <strong>vous fournir des polices d\u2019assurance de qualit\u00e9<\/strong>, de vous offrir une assistance irr\u00e9prochable et de vous assister dans la r\u00e9solution de vos sinistres.<\/p>\n<p>[\/vc_column_text][\/vc_column][vc_column width=&#8221;1\/3&#8243; css=&#8221;.vc_custom_1588803837887{margin-bottom: 30px !important;}&#8221;][vc_custom_heading text=&#8221;Un service de r\u00e9clamations<br \/>\nunique et r\u00e9actif&#8221; font_container=&#8221;tag:h4|font_size:1.8rem|text_align:center|color:%23f49e00&#8243; use_theme_fonts=&#8221;yes&#8221; css=&#8221;.vc_custom_1588374524495{margin-bottom: 15px !important;}&#8221;][vc_column_text darkrow=&#8221;&#8221;]<\/p>\n<p style=\"text-align: center;\">La relation client est au c\u0153ur de notre culture d&#8217;entreprise et de notre strat\u00e9gie. Nous sommes heureux de vous offrir un service de r\u00e9clamation des sinistres \u00e0 l&#8217;interne, appuy\u00e9s d\u2019<strong>experts sp\u00e9cialistes de l\u2019assurance plaisance<\/strong> et passionn\u00e9s de bateau.<\/p>\n<p>[\/vc_column_text][\/vc_column][\/vc_row][vc_row darkrow=&#8221;&#8221; activemobile=&#8221;&#8221; param__bgalignement=&#8221;&#8221; param__bgsize=&#8221;&#8221; css=&#8221;.vc_custom_1646945730717{margin-bottom: 80px !important;padding-top: 30px !important;padding-right: 30px !important;padding-bottom: 30px !important;padding-left: 30px !important;background-color: #ffffff !important;border-radius: 10px !important;}&#8221; el_class=&#8221;c-row_boxshadow&#8221;][vc_column width=&#8221;1\/3&#8243;][vc_single_image image=&#8221;3487&#8243; img_size=&#8221;400&#215;400&#8243; style=&#8221;imgRounded__default&#8221; css=&#8221;.vc_custom_1590169213183{margin-bottom: 30px !important;}&#8221;][\/vc_column][vc_column width=&#8221;2\/3&#8243;][vc_custom_heading text=&#8221;APRIL, l&#8217;assurance en plus facile&#8221; font_container=&#8221;tag:h3|font_size:24px|text_align:left|color:%23f49e00&#8243; use_theme_fonts=&#8221;yes&#8221; css=&#8221;.vc_custom_1589918989551{margin-bottom: 15px !important;}&#8221;][vc_column_text css=&#8221;.vc_custom_1741964147127{margin-bottom: 30px !important;}&#8221; darkrow=&#8221;&#8221;]<\/p>\n<p data-renderer-start-pos=\"654\">APRIL est le leader du courtage grossiste en France avec un r\u00e9seau de 27 000 courtiers partenaires. Les 2 900 collaborateurs d\u2019APRIL ont l\u2019ambition de proposer \u00e0 leurs clients et partenaires \u2013 particuliers, professionnels et entreprises \u2013 une exp\u00e9rience remarquable alliant le meilleur des relations humaines et de la technologie, en sant\u00e9 et pr\u00e9voyance des particuliers, professionnels et TPE, en assurance des emprunteurs, en sant\u00e9 internationale, en dommages de niches et en gestion de patrimoine. APRIL ambitionne de devenir un acteur digital, omnicanal et agile, champion de l\u2019exp\u00e9rience client et leader sur ses march\u00e9s tout en s\u2019engageant sur les enjeux de Responsabilit\u00e9 Soci\u00e9tale structur\u00e9s au sein de sa d\u00e9marche Oxygen.<\/p>\n<p data-renderer-start-pos=\"1424\">Le groupe APRIL op\u00e8re dans 19 pays et a enregistr\u00e9 en 2023 un chiffre d\u2019affaires de 630 M\u20ac.<\/p>\n<p>[\/vc_column_text][vc_custom_heading text=&#8221;APRIL au Canada, c\u2019est aussi&#8230;&#8221; font_container=&#8221;tag:h4|font_size:26px|text_align:left&#8221; use_theme_fonts=&#8221;yes&#8221; css=&#8221;.vc_custom_1589919030095{margin-bottom: 30px !important;}&#8221;][vc_row_inner][vc_column_inner width=&#8221;1\/2&#8243;][vc_custom_heading text=&#8221;Lignes commerciales&#8221; font_container=&#8221;tag:h5|font_size:18px|text_align:left|color:%23004161&#8243; use_theme_fonts=&#8221;yes&#8221; css=&#8221;.vc_custom_1649778908640{margin-bottom: 15px !important;}&#8221;]<div class=\"vc_customList\" data-bullets=\"https:\/\/aprilmarine.ca\/wp-content\/uploads\/2022\/03\/icone-crochet-bleu.svg\"><\/p>\n<ul>\n<li>Professionnels<\/li>\n<li>Professionnels de sant\u00e9<\/li>\n<li>Entrepreneurs en Construction<\/li>\n<li>Automobile Commerciale<\/li>\n<li>Camionnage au Qu\u00e9bec<\/li>\n<li>Marine Commerciale<\/li>\n<li>Sant\u00e9 Collective<\/li>\n<\/ul>\n<p><\/div>[\/vc_column_inner][vc_column_inner width=&#8221;1\/2&#8243;][vc_custom_heading text=&#8221;Lignes personnelles&#8221; font_container=&#8221;tag:h5|font_size:18px|text_align:left|color:%23004161&#8243; use_theme_fonts=&#8221;yes&#8221; css=&#8221;.vc_custom_1649778943567{margin-bottom: 15px !important;}&#8221;]<div class=\"vc_customList\" data-bullets=\"https:\/\/aprilmarine.ca\/wp-content\/uploads\/2022\/03\/icone-crochet-bleu.svg\"><\/p>\n<ul>\n<li>Automobile personnelle sous-standard<\/li>\n<li>Marine de plaisance<\/li>\n<\/ul>\n<p><\/div>[\/vc_column_inner][vc_column_inner css=&#8221;.vc_custom_1588953155609{margin-top: 30px !important;}&#8221;][vc_btn title=&#8221;D\u00e9couvrez toutes nos assurances&#8221; align=&#8221;right&#8221; link=&#8221;url:https%3A%2F%2Fapril.ca|title:D%C3%A9couvrez%20toutes%20nos%20assurances|target:_blank&#8221;][\/vc_column_inner][\/vc_row_inner][\/vc_column][\/vc_row]<\/p>\n<\/div>","protected":false},"excerpt":{"rendered":"<p>[vc_row darkrow=&#8221;&#8221; activemobile=&#8221;&#8221; param__bgalignement=&#8221;&#8221; param__bgsize=&#8221;&#8221; css=&#8221;.vc_custom_1589136319569{padding-top: 60px !important;padding-bottom: 80px !important;}&#8221;][vc_column width=&#8221;7\/12&#8243;][vc_row_inner][vc_column_inner offset=&#8221;vc_hidden-lg vc_hidden-md vc_hidden-sm&#8221; css=&#8221;.vc_custom_1589396571616{margin-bottom: 30px !important;}&#8221;][vc_single_image image=&#8221;5853&#8243;][\/vc_column_inner][\/vc_row_inner][vc_column_text css=&#8221;.vc_custom_1590161363103{margin-bottom: 30px !important;padding-right: 60px !important;}&#8221; darkrow=&#8221;&#8221;] Nous d\u00e9couvrir Martin recherche la meilleure assurance pour couvrir son embarcation et prot\u00e9ger ses proches [\/vc_column_text][vc_column_text css=&#8221;.vc_custom_1590162047742{padding-right: 60px !important;}&#8221; darkrow=&#8221;&#8221;]Motomarines, bateaux de p\u00eache, cruisers, bateaux \u00e0 moteur, voiliers\u2026 APRIL Marine est [&hellip;]<\/p>\n","protected":false},"author":3,"featured_media":0,"parent":0,"menu_order":0,"comment_status":"closed","ping_status":"closed","template":"","meta":{"inline_featured_image":false,"footnotes":""},"class_list":["post-2879","page","type-page","status-publish","hentry"],"yoast_head":"<!-- This site is optimized with the Yoast SEO plugin v26.8 - https:\/\/yoast.com\/product\/yoast-seo-wordpress\/ -->\n<title>Nous d\u00e9couvrir | APRIL Marine<\/title>\n<meta name=\"description\" content=\"Que vous soyez navigateur confirm\u00e9, amateur \u00e9clair\u00e9 ou nouveau plaisancier, les produits d\u2019assurance APRIL Marine sauront r\u00e9pondre \u00e0 chacun de vos besoins!\" \/>\n<meta name=\"robots\" content=\"index, follow, max-snippet:-1, max-image-preview:large, max-video-preview:-1\" \/>\n<link rel=\"canonical\" href=\"https:\/\/aprilmarine.ca\/on-fr\/nous-decouvrir\" \/>\n<meta property=\"og:locale\" content=\"en_US\" \/>\n<meta property=\"og:type\" content=\"article\" \/>\n<meta property=\"og:title\" content=\"Nous d\u00e9couvrir | APRIL Marine\" \/>\n<meta property=\"og:description\" content=\"Que vous soyez navigateur confirm\u00e9, amateur \u00e9clair\u00e9 ou nouveau plaisancier, les produits d\u2019assurance APRIL Marine sauront r\u00e9pondre \u00e0 chacun de vos besoins!\" \/>\n<meta property=\"og:url\" content=\"https:\/\/aprilmarine.ca\/on-fr\/nous-decouvrir\" \/>\n<meta property=\"og:site_name\" content=\"APRIL Marine\" \/>\n<meta property=\"article:modified_time\" content=\"2025-03-14T14:55:49+00:00\" \/>\n<meta name=\"twitter:card\" content=\"summary_large_image\" \/>\n<meta name=\"twitter:label1\" content=\"Est. reading time\" \/>\n\t<meta name=\"twitter:data1\" content=\"6 minutes\" \/>\n<script type=\"application\/ld+json\" class=\"yoast-schema-graph\">{\"@context\":\"https:\/\/schema.org\",\"@graph\":[{\"@type\":\"WebPage\",\"@id\":\"https:\/\/aprilmarine.ca\/on-fr\/nous-decouvrir\",\"url\":\"https:\/\/aprilmarine.ca\/on-fr\/nous-decouvrir\",\"name\":\"Nous d\u00e9couvrir | APRIL Marine\",\"isPartOf\":{\"@id\":\"https:\/\/aprilmarine.ca\/on-fr#website\"},\"datePublished\":\"2020-05-07T22:11:21+00:00\",\"dateModified\":\"2025-03-14T14:55:49+00:00\",\"description\":\"Que vous soyez navigateur confirm\u00e9, amateur \u00e9clair\u00e9 ou nouveau plaisancier, les produits d\u2019assurance APRIL Marine sauront r\u00e9pondre \u00e0 chacun de vos besoins!\",\"breadcrumb\":{\"@id\":\"https:\/\/aprilmarine.ca\/on-fr\/nous-decouvrir#breadcrumb\"},\"inLanguage\":\"ON-fr\",\"potentialAction\":[{\"@type\":\"ReadAction\",\"target\":[\"https:\/\/aprilmarine.ca\/on-fr\/nous-decouvrir\"]}]},{\"@type\":\"BreadcrumbList\",\"@id\":\"https:\/\/aprilmarine.ca\/on-fr\/nous-decouvrir#breadcrumb\",\"itemListElement\":[{\"@type\":\"ListItem\",\"position\":1,\"name\":\"Accueil\",\"item\":\"https:\/\/aprilmarine.ca\/on-fr\"},{\"@type\":\"ListItem\",\"position\":2,\"name\":\"Nous d\u00e9couvrir\"}]},{\"@type\":\"WebSite\",\"@id\":\"https:\/\/aprilmarine.ca\/on-fr#website\",\"url\":\"https:\/\/aprilmarine.ca\/on-fr\",\"name\":\"APRIL Marine\",\"description\":\"Expert en assurance bateau\",\"publisher\":{\"@id\":\"https:\/\/aprilmarine.ca\/on-fr#organization\"},\"potentialAction\":[{\"@type\":\"SearchAction\",\"target\":{\"@type\":\"EntryPoint\",\"urlTemplate\":\"https:\/\/aprilmarine.ca\/on-fr?s={search_term_string}\"},\"query-input\":{\"@type\":\"PropertyValueSpecification\",\"valueRequired\":true,\"valueName\":\"search_term_string\"}}],\"inLanguage\":\"ON-fr\"},{\"@type\":\"Organization\",\"@id\":\"https:\/\/aprilmarine.ca\/on-fr#organization\",\"name\":\"APRIL Marine\",\"url\":\"https:\/\/aprilmarine.ca\/on-fr\",\"logo\":{\"@type\":\"ImageObject\",\"inLanguage\":\"ON-fr\",\"@id\":\"https:\/\/aprilmarine.ca\/on-fr#\/schema\/logo\/image\/\",\"url\":\"https:\/\/aprilmarine.ca\/wp-content\/uploads\/2020\/05\/logo-april-marine.svg\",\"contentUrl\":\"https:\/\/aprilmarine.ca\/wp-content\/uploads\/2020\/05\/logo-april-marine.svg\",\"width\":70,\"height\":32,\"caption\":\"APRIL Marine\"},\"image\":{\"@id\":\"https:\/\/aprilmarine.ca\/on-fr#\/schema\/logo\/image\/\"}}]}<\/script>\n<!-- \/ Yoast SEO plugin. -->","yoast_head_json":{"title":"Nous d\u00e9couvrir | APRIL Marine","description":"Que vous soyez navigateur confirm\u00e9, amateur \u00e9clair\u00e9 ou nouveau plaisancier, les produits d\u2019assurance APRIL Marine sauront r\u00e9pondre \u00e0 chacun de vos besoins!","robots":{"index":"index","follow":"follow","max-snippet":"max-snippet:-1","max-image-preview":"max-image-preview:large","max-video-preview":"max-video-preview:-1"},"canonical":"https:\/\/aprilmarine.ca\/on-fr\/nous-decouvrir","og_locale":"en_US","og_type":"article","og_title":"Nous d\u00e9couvrir | APRIL Marine","og_description":"Que vous soyez navigateur confirm\u00e9, amateur \u00e9clair\u00e9 ou nouveau plaisancier, les produits d\u2019assurance APRIL Marine sauront r\u00e9pondre \u00e0 chacun de vos besoins!","og_url":"https:\/\/aprilmarine.ca\/on-fr\/nous-decouvrir","og_site_name":"APRIL Marine","article_modified_time":"2025-03-14T14:55:49+00:00","twitter_card":"summary_large_image","twitter_misc":{"Est. reading time":"6 minutes"},"schema":{"@context":"https:\/\/schema.org","@graph":[{"@type":"WebPage","@id":"https:\/\/aprilmarine.ca\/on-fr\/nous-decouvrir","url":"https:\/\/aprilmarine.ca\/on-fr\/nous-decouvrir","name":"Nous d\u00e9couvrir | APRIL Marine","isPartOf":{"@id":"https:\/\/aprilmarine.ca\/on-fr#website"},"datePublished":"2020-05-07T22:11:21+00:00","dateModified":"2025-03-14T14:55:49+00:00","description":"Que vous soyez navigateur confirm\u00e9, amateur \u00e9clair\u00e9 ou nouveau plaisancier, les produits d\u2019assurance APRIL Marine sauront r\u00e9pondre \u00e0 chacun de vos besoins!","breadcrumb":{"@id":"https:\/\/aprilmarine.ca\/on-fr\/nous-decouvrir#breadcrumb"},"inLanguage":"ON-fr","potentialAction":[{"@type":"ReadAction","target":["https:\/\/aprilmarine.ca\/on-fr\/nous-decouvrir"]}]},{"@type":"BreadcrumbList","@id":"https:\/\/aprilmarine.ca\/on-fr\/nous-decouvrir#breadcrumb","itemListElement":[{"@type":"ListItem","position":1,"name":"Accueil","item":"https:\/\/aprilmarine.ca\/on-fr"},{"@type":"ListItem","position":2,"name":"Nous d\u00e9couvrir"}]},{"@type":"WebSite","@id":"https:\/\/aprilmarine.ca\/on-fr#website","url":"https:\/\/aprilmarine.ca\/on-fr","name":"APRIL Marine","description":"Expert en assurance bateau","publisher":{"@id":"https:\/\/aprilmarine.ca\/on-fr#organization"},"potentialAction":[{"@type":"SearchAction","target":{"@type":"EntryPoint","urlTemplate":"https:\/\/aprilmarine.ca\/on-fr?s={search_term_string}"},"query-input":{"@type":"PropertyValueSpecification","valueRequired":true,"valueName":"search_term_string"}}],"inLanguage":"ON-fr"},{"@type":"Organization","@id":"https:\/\/aprilmarine.ca\/on-fr#organization","name":"APRIL Marine","url":"https:\/\/aprilmarine.ca\/on-fr","logo":{"@type":"ImageObject","inLanguage":"ON-fr","@id":"https:\/\/aprilmarine.ca\/on-fr#\/schema\/logo\/image\/","url":"https:\/\/aprilmarine.ca\/wp-content\/uploads\/2020\/05\/logo-april-marine.svg","contentUrl":"https:\/\/aprilmarine.ca\/wp-content\/uploads\/2020\/05\/logo-april-marine.svg","width":70,"height":32,"caption":"APRIL Marine"},"image":{"@id":"https:\/\/aprilmarine.ca\/on-fr#\/schema\/logo\/image\/"}}]}},"_links":{"self":[{"href":"https:\/\/aprilmarine.ca\/on-fr\/wp-json\/wp\/v2\/pages\/2879","targetHints":{"allow":["GET"]}}],"collection":[{"href":"https:\/\/aprilmarine.ca\/on-fr\/wp-json\/wp\/v2\/pages"}],"about":[{"href":"https:\/\/aprilmarine.ca\/on-fr\/wp-json\/wp\/v2\/types\/page"}],"author":[{"embeddable":true,"href":"https:\/\/aprilmarine.ca\/on-fr\/wp-json\/wp\/v2\/users\/3"}],"replies":[{"embeddable":true,"href":"https:\/\/aprilmarine.ca\/on-fr\/wp-json\/wp\/v2\/comments?post=2879"}],"version-history":[{"count":4,"href":"https:\/\/aprilmarine.ca\/on-fr\/wp-json\/wp\/v2\/pages\/2879\/revisions"}],"predecessor-version":[{"id":7519,"href":"https:\/\/aprilmarine.ca\/on-fr\/wp-json\/wp\/v2\/pages\/2879\/revisions\/7519"}],"wp:attachment":[{"href":"https:\/\/aprilmarine.ca\/on-fr\/wp-json\/wp\/v2\/media?parent=2879"}],"curies":[{"name":"wp","href":"https:\/\/api.w.org\/{rel}","templated":true}]}}