{"id":4255,"date":"2020-06-30T10:55:16","date_gmt":"2020-06-30T14:55:16","guid":{"rendered":"https:\/\/aprilmarine.ca\/soumission\/"},"modified":"2025-04-23T10:05:33","modified_gmt":"2025-04-23T14:05:33","slug":"soumission","status":"publish","type":"page","link":"https:\/\/aprilmarine.ca\/on-fr\/soumission","title":{"rendered":"Soumission en ligne"},"content":{"rendered":"<div class=\"wpb-content-wrapper\"><p>[vc_row darkrow=&#8221;&#8221; activemobile=&#8221;&#8221; param__bgalignement=&#8221;&#8221; param__bgsize=&#8221;&#8221; css=&#8221;.vc_custom_1624039198293{padding-top: 60px !important;}&#8221;][vc_column]<p class=\"vc_breadcrumbs\"><span><span><a href=\"https:\/\/aprilmarine.ca\/on-fr\">Accueil<\/a><\/span><\/span><\/p>[vc_column_text css=&#8221;.vc_custom_1680810002853{margin-bottom: 60px !important;}&#8221; darkrow=&#8221;&#8221;]<\/p>\n<h1><span style=\"color: #f49e00;\">Soumission Assurance Bateau &amp; Motomarine<\/span><\/h1>\n<h2>Obtenez votre prime d&#8217;assurance en moins de 2 minutes.<\/h2>\n<p>[\/vc_column_text][\/vc_column][\/vc_row][vc_row darkrow=&#8221;&#8221; gap=&#8221;30&#8243; equal_height=&#8221;yes&#8221; content_placement=&#8221;middle&#8221; activemobile=&#8221;&#8221; param__bgalignement=&#8221;&#8221; param__bgsize=&#8221;&#8221; css=&#8221;.vc_custom_1624040026864{margin-bottom: 90px !important;}&#8221;][vc_column width=&#8221;1\/2&#8243; param_boxshadow=&#8221;0 0 20px 3px rgba(0, 0, 0, 0.05)&#8221; css=&#8221;.vc_custom_1646936250272{margin-bottom: 30px !important;padding-top: 60px !important;padding-right: 60px !important;padding-bottom: 60px !important;padding-left: 60px !important;background-color: #ffffff !important;border-radius: 10px !important;}&#8221;][vc_row_inner][vc_column_inner width=&#8221;1\/3&#8243;][vc_single_image image=&#8221;3463&#8243; style=&#8221;imgRounded__default&#8221;][\/vc_column_inner][vc_column_inner width=&#8221;2\/3&#8243;][vc_custom_heading text=&#8221;Je suis plaisancier&#8221; font_container=&#8221;tag:h3|text_align:left|color:%23004161&#8243; use_theme_fonts=&#8221;yes&#8221; css=&#8221;.vc_custom_1595361221294{margin-bottom: 15px !important;}&#8221;][vc_column_text css=&#8221;.vc_custom_1680810025240{padding-bottom: 30px !important;}&#8221; darkrow=&#8221;&#8221;]Simple, rapide et sans engagement![\/vc_column_text][vc_btn title=&#8221;Obtenez une soumission&#8221; style=&#8221;solid&#8211;blue&#8221; css=&#8221;.vc_custom_1680810390562{margin-right: 15px !important;}&#8221; link=&#8221;url:https%3A%2F%2Fprime.aprilmarine.ca|target:_blank&#8221;][\/vc_column_inner][\/vc_row_inner][\/vc_column][vc_column width=&#8221;1\/2&#8243; param_boxshadow=&#8221;0 0 20px 3px rgba(0, 0, 0, 0.05)&#8221; css=&#8221;.vc_custom_1646936111938{margin-bottom: 30px !important;padding-top: 60px !important;padding-right: 60px !important;padding-bottom: 60px !important;padding-left: 60px !important;background-color: #ffffff !important;border-radius: 10px !important;}&#8221;][vc_row_inner][vc_column_inner width=&#8221;1\/3&#8243;][vc_single_image image=&#8221;3467&#8243; style=&#8221;imgRounded__default&#8221; css=&#8221;.vc_custom_1624039255747{margin-bottom: 30px !important;}&#8221;][\/vc_column_inner][vc_column_inner width=&#8221;2\/3&#8243;][vc_custom_heading text=&#8221;Je suis courtier&#8221; font_container=&#8221;tag:h3|text_align:left|color:%23004161&#8243; use_theme_fonts=&#8221;yes&#8221; css=&#8221;.vc_custom_1595361228165{margin-bottom: 15px !important;}&#8221;][vc_column_text css=&#8221;.vc_custom_1690559577904{padding-bottom: 30px !important;}&#8221; darkrow=&#8221;&#8221;]Veuillez utiliser l&#8217;espace courtier.<br \/>\nVous n&#8217;avez pas vos codes d&#8217;acc\u00e8s? Contactez-nous au\u00a0<a href=\"tel:450-671-3030\">450-671-3030<\/a>\u00a0option 1[\/vc_column_text][vc_btn title=&#8221;Espace courtier&#8221; style=&#8221;solid&#8211;blue&#8221; css=&#8221;.vc_custom_1745417131189{margin-right: 15px !important;}&#8221; link=&#8221;url:https%3A%2F%2Fapril-on.ca%2Fmarine%2F|target:_blank&#8221;][\/vc_column_inner][\/vc_row_inner][\/vc_column][\/vc_row][vc_row darkrow=&#8221;&#8221; activemobile=&#8221;&#8221; param__bgalignement=&#8221;&#8221; param__bgsize=&#8221;&#8221; css=&#8221;.vc_custom_1688745298387{margin-bottom: 60px !important;}&#8221;][vc_column width=&#8221;1\/6&#8243;][\/vc_column][vc_column width=&#8221;2\/3&#8243;][vc_column_text darkrow=&#8221;&#8221;]<\/p>\n<p>Vous avez besoin d\u2019une soumission d\u2019assurance bateau pour votre embarcation? Que vous soyez propri\u00e9taire d\u2019un bateau de plaisance, d\u2019un voilier, d\u2019un bateau de p\u00eache ou d\u2019une motomarine qui sillonne les lacs et les rivi\u00e8res, vous voulez prot\u00e9ger votre bien.<\/p>\n<p>Pour obtenir toutes les r\u00e9ponses \u00e0 vos questions, il suffit d\u2019un simple clic. En quelques minutes, vous recevrez une soumission de la prime qui s\u2019applique \u00e0 votre embarcation.<\/p>\n<p>Un de nos conseillers vous contactera pour d\u00e9finir avec vous vos r\u00e9els besoins, et s\u2019assurer de vous <a href=\"https:\/\/aprilmarine.ca\/qc-fr\/nos-assurances\/\">trouver une solution d&#8217;assurance bateau<\/a> qui couvrira votre bateau aux conditions que vous aurez d\u00e9finies.<\/p>\n<h2>Que propose l&#8217;assurance bateau d&#8217;APRIL Marine?<\/h2>\n<p>Les experts d\u2019APRIL Marine sont l\u00e0 pour vous aider \u00e0 <strong>d\u00e9terminer avec pr\u00e9cision les risques \u00e0 couvrir<\/strong> selon votre type d\u2019embarcation. Ils prendront le temps de d\u00e9finir, selon votre budget et votre usage, les couvertures n\u00e9cessaires afin que vous puissiez continuer de profiter de votre bateau aussi longtemps et aussi sereinement que vous le souhaitez. Finies les inqui\u00e9tudes, quand APRIL Marine vous accompagne dans votre assurance de plaisance, vous voguerez avec s\u00e9r\u00e9nit\u00e9.<\/p>\n<p>Plus qu&#8217;une simple couverture, l&#8217;assurance propos\u00e9e par APRIL Marine est un <strong>compl\u00e9ment id\u00e9al<\/strong>. La couverture de l&#8217;assurance plaisance APRIL Marine garantit que vous \u00eates <strong>prot\u00e9g\u00e9 en cas de dommages mat\u00e9riels<\/strong>, de <strong>blessures corporelles<\/strong> et peut m\u00eame pr\u00e9voir une <strong>indemnisation pour la perte de l&#8217;usage de votre bateau<\/strong> afin que vous puissiez savourer longtemps les plaisirs nautiques.<\/p>\n<p>Votre mat\u00e9riel sportif peut aussi profiter d\u2019une couverture, vous permettant de reprendre rapidement vos activit\u00e9s.<\/p>\n<h2>Souscrire \u00e0 une assurance bateau adapt\u00e9 \u00e0 vos besoins<\/h2>\n<p>Obtenir une soumission d\u2019assurance bateau en ligne, que vous soyez un courtier ou un plaisancier, est tr\u00e8s simple. Il suffit de cliquer sur le lien qui vous concerne et de remplir le court formulaire. En quelques minutes, vous obtiendrez le prix de l\u2019assurance pour votre bateau <strong>adapt\u00e9 \u00e0 vos besoins<\/strong>.<\/p>\n<p>Nos conseillers sont aussi disponibles par t\u00e9l\u00e9phone pour vous donner tous les renseignements et s\u2019assurer que les assurances propos\u00e9es couvrant votre embarcation r\u00e9pondent totalement \u00e0 vos besoins.<\/p>\n<p>En demandant une soumission d\u2019assurance bateau chez APRIL Marine, vous faites affaire avec des professionnels qui ont \u00e0 c\u0153ur de vous <strong>proposer la police d&#8217;assurance<\/strong> qui correspond le mieux \u00e0 vos besoins, et qui r\u00e9pondra \u00e0 toutes exigences.<\/p>\n<p>Bateau de plaisance ou de p\u00eache, voilier ou cruiser, ou une motomarine, toutes les embarcations se doivent d\u2019\u00eatre prot\u00e9g\u00e9es pour vous offrir une navigation sans aucun souci. Nos assurances sont personnalis\u00e9es selon <strong>\u00a0les diff\u00e9rents types de bateaux<\/strong>.<\/p>\n<p>Alors, laissez-vous porter par la vague, et remplissez le formulaire de soumission d\u2019assurance pour votre embarcation. En quelques minutes, vous pourrez naviguer sans inqui\u00e9tude.<\/p>\n<p>[\/vc_column_text][\/vc_column][vc_column width=&#8221;1\/6&#8243;][\/vc_column][\/vc_row]<\/p>\n<\/div>","protected":false},"excerpt":{"rendered":"<p>[vc_row darkrow=&#8221;&#8221; activemobile=&#8221;&#8221; param__bgalignement=&#8221;&#8221; param__bgsize=&#8221;&#8221; css=&#8221;.vc_custom_1624039198293{padding-top: 60px !important;}&#8221;][vc_column][vc_column_text css=&#8221;.vc_custom_1680810002853{margin-bottom: 60px !important;}&#8221; darkrow=&#8221;&#8221;] Soumission Assurance Bateau &amp; Motomarine Obtenez votre prime d&#8217;assurance en moins de 2 minutes. [\/vc_column_text][\/vc_column][\/vc_row][vc_row darkrow=&#8221;&#8221; gap=&#8221;30&#8243; equal_height=&#8221;yes&#8221; content_placement=&#8221;middle&#8221; activemobile=&#8221;&#8221; param__bgalignement=&#8221;&#8221; param__bgsize=&#8221;&#8221; css=&#8221;.vc_custom_1624040026864{margin-bottom: 90px !important;}&#8221;][vc_column width=&#8221;1\/2&#8243; param_boxshadow=&#8221;0 0 20px 3px rgba(0, 0, 0, 0.05)&#8221; css=&#8221;.vc_custom_1646936250272{margin-bottom: 30px !important;padding-top: 60px !important;padding-right: 60px !important;padding-bottom: 60px !important;padding-left: [&hellip;]<\/p>\n","protected":false},"author":3,"featured_media":0,"parent":0,"menu_order":0,"comment_status":"closed","ping_status":"closed","template":"","meta":{"inline_featured_image":false,"footnotes":""},"class_list":["post-4255","page","type-page","status-publish","hentry"],"yoast_head":"<!-- This site is optimized with the Yoast SEO plugin v26.8 - https:\/\/yoast.com\/product\/yoast-seo-wordpress\/ -->\n<title>Soumission Rapide Assurance Bateau en Ligne<\/title>\n<meta name=\"description\" content=\"D\u00e9couvrez l&#039;assurance bateau April Marine, adapt\u00e9e \u00e0 tous types d&#039;embarcations. Obtenez une soumission d&#039;assurance bateau et motomarine en ligne d\u00e8s maintenant!\" \/>\n<meta name=\"robots\" content=\"index, follow, max-snippet:-1, max-image-preview:large, max-video-preview:-1\" \/>\n<link rel=\"canonical\" href=\"https:\/\/aprilmarine.ca\/on-fr\/soumission\" \/>\n<meta property=\"og:locale\" content=\"en_US\" \/>\n<meta property=\"og:type\" content=\"article\" \/>\n<meta property=\"og:title\" content=\"Soumission Rapide Assurance Bateau en Ligne\" \/>\n<meta property=\"og:description\" content=\"D\u00e9couvrez l&#039;assurance bateau April Marine, adapt\u00e9e \u00e0 tous types d&#039;embarcations. Obtenez une soumission d&#039;assurance bateau et motomarine en ligne d\u00e8s maintenant!\" \/>\n<meta property=\"og:url\" content=\"https:\/\/aprilmarine.ca\/on-fr\/soumission\" \/>\n<meta property=\"og:site_name\" content=\"APRIL Marine\" \/>\n<meta property=\"article:modified_time\" content=\"2025-04-23T14:05:33+00:00\" \/>\n<meta name=\"twitter:card\" content=\"summary_large_image\" \/>\n<meta name=\"twitter:label1\" content=\"Est. reading time\" \/>\n\t<meta name=\"twitter:data1\" content=\"1 minute\" \/>\n<script type=\"application\/ld+json\" class=\"yoast-schema-graph\">{\"@context\":\"https:\/\/schema.org\",\"@graph\":[{\"@type\":\"WebPage\",\"@id\":\"https:\/\/aprilmarine.ca\/on-fr\/soumission\",\"url\":\"https:\/\/aprilmarine.ca\/on-fr\/soumission\",\"name\":\"Soumission Rapide Assurance Bateau en Ligne\",\"isPartOf\":{\"@id\":\"https:\/\/aprilmarine.ca\/on-fr#website\"},\"datePublished\":\"2020-06-30T14:55:16+00:00\",\"dateModified\":\"2025-04-23T14:05:33+00:00\",\"description\":\"D\u00e9couvrez l'assurance bateau April Marine, adapt\u00e9e \u00e0 tous types d'embarcations. Obtenez une soumission d'assurance bateau et motomarine en ligne d\u00e8s maintenant!\",\"breadcrumb\":{\"@id\":\"https:\/\/aprilmarine.ca\/on-fr\/soumission#breadcrumb\"},\"inLanguage\":\"ON-fr\",\"potentialAction\":[{\"@type\":\"ReadAction\",\"target\":[\"https:\/\/aprilmarine.ca\/on-fr\/soumission\"]}]},{\"@type\":\"BreadcrumbList\",\"@id\":\"https:\/\/aprilmarine.ca\/on-fr\/soumission#breadcrumb\",\"itemListElement\":[{\"@type\":\"ListItem\",\"position\":1,\"name\":\"Accueil\",\"item\":\"https:\/\/aprilmarine.ca\/on-fr\"},{\"@type\":\"ListItem\",\"position\":2,\"name\":\"Soumission en ligne\"}]},{\"@type\":\"WebSite\",\"@id\":\"https:\/\/aprilmarine.ca\/on-fr#website\",\"url\":\"https:\/\/aprilmarine.ca\/on-fr\",\"name\":\"APRIL Marine\",\"description\":\"Expert en assurance bateau\",\"publisher\":{\"@id\":\"https:\/\/aprilmarine.ca\/on-fr#organization\"},\"potentialAction\":[{\"@type\":\"SearchAction\",\"target\":{\"@type\":\"EntryPoint\",\"urlTemplate\":\"https:\/\/aprilmarine.ca\/on-fr?s={search_term_string}\"},\"query-input\":{\"@type\":\"PropertyValueSpecification\",\"valueRequired\":true,\"valueName\":\"search_term_string\"}}],\"inLanguage\":\"ON-fr\"},{\"@type\":\"Organization\",\"@id\":\"https:\/\/aprilmarine.ca\/on-fr#organization\",\"name\":\"APRIL Marine\",\"url\":\"https:\/\/aprilmarine.ca\/on-fr\",\"logo\":{\"@type\":\"ImageObject\",\"inLanguage\":\"ON-fr\",\"@id\":\"https:\/\/aprilmarine.ca\/on-fr#\/schema\/logo\/image\/\",\"url\":\"https:\/\/aprilmarine.ca\/wp-content\/uploads\/2020\/05\/logo-april-marine.svg\",\"contentUrl\":\"https:\/\/aprilmarine.ca\/wp-content\/uploads\/2020\/05\/logo-april-marine.svg\",\"width\":70,\"height\":32,\"caption\":\"APRIL Marine\"},\"image\":{\"@id\":\"https:\/\/aprilmarine.ca\/on-fr#\/schema\/logo\/image\/\"}}]}<\/script>\n<!-- \/ Yoast SEO plugin. -->","yoast_head_json":{"title":"Soumission Rapide Assurance Bateau en Ligne","description":"D\u00e9couvrez l'assurance bateau April Marine, adapt\u00e9e \u00e0 tous types d'embarcations. Obtenez une soumission d'assurance bateau et motomarine en ligne d\u00e8s maintenant!","robots":{"index":"index","follow":"follow","max-snippet":"max-snippet:-1","max-image-preview":"max-image-preview:large","max-video-preview":"max-video-preview:-1"},"canonical":"https:\/\/aprilmarine.ca\/on-fr\/soumission","og_locale":"en_US","og_type":"article","og_title":"Soumission Rapide Assurance Bateau en Ligne","og_description":"D\u00e9couvrez l'assurance bateau April Marine, adapt\u00e9e \u00e0 tous types d'embarcations. Obtenez une soumission d'assurance bateau et motomarine en ligne d\u00e8s maintenant!","og_url":"https:\/\/aprilmarine.ca\/on-fr\/soumission","og_site_name":"APRIL Marine","article_modified_time":"2025-04-23T14:05:33+00:00","twitter_card":"summary_large_image","twitter_misc":{"Est. reading time":"1 minute"},"schema":{"@context":"https:\/\/schema.org","@graph":[{"@type":"WebPage","@id":"https:\/\/aprilmarine.ca\/on-fr\/soumission","url":"https:\/\/aprilmarine.ca\/on-fr\/soumission","name":"Soumission Rapide Assurance Bateau en Ligne","isPartOf":{"@id":"https:\/\/aprilmarine.ca\/on-fr#website"},"datePublished":"2020-06-30T14:55:16+00:00","dateModified":"2025-04-23T14:05:33+00:00","description":"D\u00e9couvrez l'assurance bateau April Marine, adapt\u00e9e \u00e0 tous types d'embarcations. Obtenez une soumission d'assurance bateau et motomarine en ligne d\u00e8s maintenant!","breadcrumb":{"@id":"https:\/\/aprilmarine.ca\/on-fr\/soumission#breadcrumb"},"inLanguage":"ON-fr","potentialAction":[{"@type":"ReadAction","target":["https:\/\/aprilmarine.ca\/on-fr\/soumission"]}]},{"@type":"BreadcrumbList","@id":"https:\/\/aprilmarine.ca\/on-fr\/soumission#breadcrumb","itemListElement":[{"@type":"ListItem","position":1,"name":"Accueil","item":"https:\/\/aprilmarine.ca\/on-fr"},{"@type":"ListItem","position":2,"name":"Soumission en ligne"}]},{"@type":"WebSite","@id":"https:\/\/aprilmarine.ca\/on-fr#website","url":"https:\/\/aprilmarine.ca\/on-fr","name":"APRIL Marine","description":"Expert en assurance bateau","publisher":{"@id":"https:\/\/aprilmarine.ca\/on-fr#organization"},"potentialAction":[{"@type":"SearchAction","target":{"@type":"EntryPoint","urlTemplate":"https:\/\/aprilmarine.ca\/on-fr?s={search_term_string}"},"query-input":{"@type":"PropertyValueSpecification","valueRequired":true,"valueName":"search_term_string"}}],"inLanguage":"ON-fr"},{"@type":"Organization","@id":"https:\/\/aprilmarine.ca\/on-fr#organization","name":"APRIL Marine","url":"https:\/\/aprilmarine.ca\/on-fr","logo":{"@type":"ImageObject","inLanguage":"ON-fr","@id":"https:\/\/aprilmarine.ca\/on-fr#\/schema\/logo\/image\/","url":"https:\/\/aprilmarine.ca\/wp-content\/uploads\/2020\/05\/logo-april-marine.svg","contentUrl":"https:\/\/aprilmarine.ca\/wp-content\/uploads\/2020\/05\/logo-april-marine.svg","width":70,"height":32,"caption":"APRIL Marine"},"image":{"@id":"https:\/\/aprilmarine.ca\/on-fr#\/schema\/logo\/image\/"}}]}},"_links":{"self":[{"href":"https:\/\/aprilmarine.ca\/on-fr\/wp-json\/wp\/v2\/pages\/4255","targetHints":{"allow":["GET"]}}],"collection":[{"href":"https:\/\/aprilmarine.ca\/on-fr\/wp-json\/wp\/v2\/pages"}],"about":[{"href":"https:\/\/aprilmarine.ca\/on-fr\/wp-json\/wp\/v2\/types\/page"}],"author":[{"embeddable":true,"href":"https:\/\/aprilmarine.ca\/on-fr\/wp-json\/wp\/v2\/users\/3"}],"replies":[{"embeddable":true,"href":"https:\/\/aprilmarine.ca\/on-fr\/wp-json\/wp\/v2\/comments?post=4255"}],"version-history":[{"count":42,"href":"https:\/\/aprilmarine.ca\/on-fr\/wp-json\/wp\/v2\/pages\/4255\/revisions"}],"predecessor-version":[{"id":7552,"href":"https:\/\/aprilmarine.ca\/on-fr\/wp-json\/wp\/v2\/pages\/4255\/revisions\/7552"}],"wp:attachment":[{"href":"https:\/\/aprilmarine.ca\/on-fr\/wp-json\/wp\/v2\/media?parent=4255"}],"curies":[{"name":"wp","href":"https:\/\/api.w.org\/{rel}","templated":true}]}}