{"id":156,"date":"2020-04-05T17:19:33","date_gmt":"2020-04-05T21:19:33","guid":{"rendered":"https:\/\/dev.aprilmarine.ca\/?page_id=156"},"modified":"2022-08-04T14:14:20","modified_gmt":"2022-08-04T18:14:20","slug":"equipe","status":"publish","type":"page","link":"https:\/\/aprilmarine.ca\/qc-fr\/equipe","title":{"rendered":"\u00c9quipe APRIL Marine"},"content":{"rendered":"<div class=\"wpb-content-wrapper\"><p>[vc_row darkrow=\u00a0\u00bb\u00a0\u00bb activemobile=\u00a0\u00bb\u00a0\u00bb param__bgalignement=\u00a0\u00bb\u00a0\u00bb param__bgsize=\u00a0\u00bb\u00a0\u00bb css=\u00a0\u00bb.vc_custom_1589136329859{padding-top: 60px !important;padding-bottom: 40px !important;}\u00a0\u00bb][vc_column width=\u00a0\u00bb1\/2&Prime; css=\u00a0\u00bb.vc_custom_1589144771650{margin-bottom: 80px !important;}\u00a0\u00bb]<p class=\"vc_breadcrumbs\"><span><span><a href=\"https:\/\/aprilmarine.ca\/qc-fr\">Accueil<\/a><\/span><\/span><\/p>[vc_column_text darkrow=\u00a0\u00bb\u00a0\u00bb css=\u00a0\u00bb.vc_custom_1589305009693{margin-bottom: 30px !important;}\u00a0\u00bb]<\/p>\n<h1><span style=\"color: #f49e00;\">L&rsquo;\u00e9quipe APRIL Marine<\/span><\/h1>\n<h3>Mordus de plaisance et experts en assurance<\/h3>\n<p>[\/vc_column_text][vc_column_text darkrow=\u00a0\u00bb\u00a0\u00bb css=\u00a0\u00bb.vc_custom_1589217411300{margin-bottom: 30px !important;}\u00a0\u00bb]De nos bureaux de Brossard et Toronto, l&rsquo;\u00e9quipe dynamique et passionn\u00e9e d&rsquo;APRIL Marine Canada met chaque jour son \u00e9nergie \u00e0 votre service.[\/vc_column_text][vc_btn title=\u00a0\u00bbFaites partie de l&rsquo;\u00e9quipe\u00a0\u00bb link=\u00a0\u00bburl:%2Fqc-fr%2Fcarrieres%2F|||\u00a0\u00bb][\/vc_column][vc_column width=\u00a0\u00bb1\/2&Prime;][vc_row_inner][vc_column_inner width=\u00a0\u00bb1\/2&Prime; offset=\u00a0\u00bbvc_col-xs-6&Prime;][vc_single_image image=\u00a0\u00bb3489&Prime; img_size=\u00a0\u00bb400&#215;400&Prime; alignment=\u00a0\u00bbcenter\u00a0\u00bb style=\u00a0\u00bbimgRounded__default\u00a0\u00bb parammw=\u00a0\u00bb150px\u00a0\u00bb css=\u00a0\u00bb.vc_custom_1590170396256{margin-bottom: 20px !important;}\u00a0\u00bb][vc_custom_heading text=\u00a0\u00bb19 collaborateurs\u00a0\u00bb font_container=\u00a0\u00bbtag:p|font_size:18px|text_align:center|color:%23f49e00&Prime; use_theme_fonts=\u00a0\u00bbyes\u00a0\u00bb css=\u00a0\u00bb.vc_custom_1589217158798{margin-bottom: 60px !important;}\u00a0\u00bb][\/vc_column_inner][vc_column_inner width=\u00a0\u00bb1\/2&Prime; offset=\u00a0\u00bbvc_col-xs-6&Prime;][vc_single_image image=\u00a0\u00bb3493&Prime; img_size=\u00a0\u00bb400&#215;400&Prime; alignment=\u00a0\u00bbcenter\u00a0\u00bb style=\u00a0\u00bbimgRounded__default\u00a0\u00bb parammw=\u00a0\u00bb150px\u00a0\u00bb css=\u00a0\u00bb.vc_custom_1590170346916{margin-bottom: 20px !important;}\u00a0\u00bb][vc_custom_heading text=\u00a0\u00bb34 ans d&rsquo;\u00e2ge moyen\u00a0\u00bb font_container=\u00a0\u00bbtag:p|font_size:18px|text_align:center|color:%23f49e00&Prime; use_theme_fonts=\u00a0\u00bbyes\u00a0\u00bb css=\u00a0\u00bb.vc_custom_1589217200098{margin-bottom: 60px !important;}\u00a0\u00bb][\/vc_column_inner][\/vc_row_inner][vc_row_inner][vc_column_inner width=\u00a0\u00bb1\/2&Prime; offset=\u00a0\u00bbvc_col-xs-6&Prime;][vc_single_image image=\u00a0\u00bb3497&Prime; img_size=\u00a0\u00bb400&#215;400&Prime; alignment=\u00a0\u00bbcenter\u00a0\u00bb style=\u00a0\u00bbimgRounded__default\u00a0\u00bb parammw=\u00a0\u00bb150px\u00a0\u00bb css=\u00a0\u00bb.vc_custom_1590170354841{margin-bottom: 20px !important;}\u00a0\u00bb][vc_custom_heading text=\u00a0\u00bb52% de femmes\u00a0\u00bb font_container=\u00a0\u00bbtag:p|font_size:18px|text_align:center|color:%23f49e00&Prime; use_theme_fonts=\u00a0\u00bbyes\u00a0\u00bb css=\u00a0\u00bb.vc_custom_1588372475126{margin-bottom: 60px !important;}\u00a0\u00bb][\/vc_column_inner][vc_column_inner width=\u00a0\u00bb1\/2&Prime; offset=\u00a0\u00bbvc_col-xs-6&Prime;][vc_single_image image=\u00a0\u00bb3501&Prime; img_size=\u00a0\u00bb400&#215;400&Prime; alignment=\u00a0\u00bbcenter\u00a0\u00bb style=\u00a0\u00bbimgRounded__default\u00a0\u00bb parammw=\u00a0\u00bb150px\u00a0\u00bb css=\u00a0\u00bb.vc_custom_1590170363670{margin-bottom: 20px !important;}\u00a0\u00bb][vc_custom_heading text=\u00a0\u00bb3.8 ans d&rsquo;anciennet\u00e9 moyenne\u00a0\u00bb font_container=\u00a0\u00bbtag:p|font_size:18px|text_align:center|color:%23f49e00&Prime; use_theme_fonts=\u00a0\u00bbyes\u00a0\u00bb css=\u00a0\u00bb.vc_custom_1589215780689{margin-bottom: 60px !important;}\u00a0\u00bb][\/vc_column_inner][\/vc_row_inner][\/vc_column][\/vc_row][vc_row][vc_column]<section class=\"vc_equipes\"><div class=\"vc_equipes__col--3\"><figure class=\"vc_equipes__item\" style=\"background-color:#f7aa36\"><img src = \"https:\/\/aprilmarine.ca\/wp-content\/uploads\/2025\/09\/hugo-deschamps-2025.png\" alt = \"Hugo Deschamps\" \/><figcaption> <div class=\"content\"><span class=\"name\">Hugo Deschamps<\/span>D\u00e9veloppeur d'affaire \/ Souscripteur<br>Membre de l'\u00e9quipe depuis 2025<\/div><\/figcaption> <\/figure><\/div><div class=\"vc_equipes__col--3\"><figure class=\"vc_equipes__item\" style=\"background-color:#f7aa36\"><img src = \"https:\/\/aprilmarine.ca\/wp-content\/uploads\/2025\/01\/florian-chabanette.png\" alt = \"Florian Chabanette\" \/><figcaption> <div class=\"content\"><span class=\"name\">Florian Chabanette<\/span>Directeur g\u00e9n\u00e9ral<br>Membre de l'\u00e9quipe depuis 2020<\/div><\/figcaption> <\/figure><\/div><div class=\"vc_equipes__col--3\"><figure class=\"vc_equipes__item\" style=\"background-color:#d7488f\"><img src = \"https:\/\/aprilmarine.ca\/wp-content\/uploads\/2020\/05\/julie-lalonde.png\" alt = \"Julie Lalonde\" \/><figcaption> <div class=\"content\"><span class=\"name\">Julie Lalonde<\/span>Souscriptrice Senior<br>Membre de l'\u00e9quipe depuis 2001<\/div><\/figcaption> <\/figure><\/div><div class=\"vc_equipes__col--4\"><figure class=\"vc_equipes__item\" style=\"background-color:#add04e\"><img src = \"https:\/\/aprilmarine.ca\/wp-content\/uploads\/2023\/08\/jeremy-laflamme.png\" alt = \"J\u00e9r\u00e9my Laflamme-Chouinard\" \/><figcaption> <div class=\"content\"><span class=\"name\">J\u00e9r\u00e9my Laflamme-Chouinard<\/span>Expert en sinistre<br>Membre de l'\u00e9quipe depuis 2021<\/div><\/figcaption> <\/figure><\/div><div class=\"vc_equipes__col--4\"><figure class=\"vc_equipes__item\" style=\"background-color:#add04e\"><img src = \"https:\/\/aprilmarine.ca\/wp-content\/uploads\/2020\/05\/eric-larivee.png\" alt = \"Eric Lariv\u00e9e\" \/><figcaption> <div class=\"content\"><span class=\"name\">Eric Lariv\u00e9e<\/span>D\u00e9veloppeur-Designer Web<br>Membre de l'\u00e9quipe depuis 2020<\/div><\/figcaption> <\/figure><\/div><div class=\"vc_equipes__col--4\"><figure class=\"vc_equipes__item\" style=\"background-color:#639e30\"><img src = \"https:\/\/aprilmarine.ca\/wp-content\/uploads\/2020\/05\/david-st-jean.png\" alt = \"David St-Jean\" \/><figcaption> <div class=\"content\"><span class=\"name\">David St-Jean<\/span>Programmeur Analyste<br>Membre de l'\u00e9quipe depuis 2017<\/div><\/figcaption> <\/figure><\/div><div class=\"vc_equipes__col--4\"><figure class=\"vc_equipes__item\" style=\"background-color:#639e30\"><img src = \"https:\/\/aprilmarine.ca\/wp-content\/uploads\/2020\/05\/johanne-bouchard.png\" alt = \"Johanne Bouchard\" \/><figcaption> <div class=\"content\"><span class=\"name\">Johanne Bouchard<\/span>Souscriptrice<br>Membre de l'\u00e9quipe depuis 2003<\/div><\/figcaption> <\/figure><\/div><div class=\"vc_equipes__col--4\"><figure class=\"vc_equipes__item\" style=\"background-color:#3eaac4\"><img src = \"https:\/\/aprilmarine.ca\/wp-content\/uploads\/2024\/04\/yvonne-archambault.png\" alt = \"Yvonne Archambault\" \/><figcaption> <div class=\"content\"><span class=\"name\">Yvonne Archambault<\/span>Souscriptrice<br>Membre de l'\u00e9quipe depuis 2024<\/div><\/figcaption> <\/figure><\/div><div class=\"vc_equipes__col--4\"><figure class=\"vc_equipes__item\" style=\"background-color:#add04e\"><img src = \"https:\/\/aprilmarine.ca\/wp-content\/uploads\/2025\/01\/melissa-dufort.png\" alt = \"M\u00e9lissa Dufort\" \/><figcaption> <div class=\"content\"><span class=\"name\">M\u00e9lissa Dufort<\/span>Experte en sinistre<br>Membre de l'\u00e9quipe depuis 2024<\/div><\/figcaption> <\/figure><\/div><div class=\"vc_equipes__col--4\"><figure class=\"vc_equipes__item\" style=\"background-color:#f7aa36\"><img src = \"https:\/\/aprilmarine.ca\/wp-content\/uploads\/2022\/12\/stephanie-stlaurent.png\" alt = \"St\u00e9phanie St-Laurent\" \/><figcaption> <div class=\"content\"><span class=\"name\">St\u00e9phanie St-Laurent<\/span>Souscriptrice<br>Membre de l'\u00e9quipe depuis 2022<\/div><\/figcaption> <\/figure><\/div><div class=\"vc_equipes__col--4\"><figure class=\"vc_equipes__item\" style=\"background-color:#d7488f\"><img src = \"https:\/\/aprilmarine.ca\/wp-content\/uploads\/2020\/05\/caroline-duquette.png\" alt = \"Caroline Duquette\" \/><figcaption> <div class=\"content\"><span class=\"name\">Caroline Duquette<\/span>Souscriptrice<br>Membre de l'\u00e9quipe depuis 2011<\/div><\/figcaption> <\/figure><\/div><div class=\"vc_equipes__col--3\"><figure class=\"vc_equipes__item\" style=\"background-color:#d7488f\"><img src = \"https:\/\/aprilmarine.ca\/wp-content\/uploads\/2024\/04\/marie-rabaud.png\" alt = \"Marie Rabaud\" \/><figcaption> <div class=\"content\"><span class=\"name\">Marie Rabaud<\/span>Programmeuse analyste<br>Membre de l'\u00e9quipe depuis 2013<\/div><\/figcaption> <\/figure><\/div><div class=\"vc_equipes__col--3\"><figure class=\"vc_equipes__item\" style=\"background-color:#add04e\"><img src = \"https:\/\/aprilmarine.ca\/wp-content\/uploads\/2024\/04\/vincent-deraspe.png\" alt = \"Vincent D\u00e9raspe\" \/><figcaption> <div class=\"content\"><span class=\"name\">Vincent D\u00e9raspe<\/span>Charg\u00e9 de Communication, Marketing & Num\u00e9riques<br>Membre de l'\u00e9quipe depuis 2023<\/div><\/figcaption> <\/figure><\/div><div class=\"vc_equipes__col--3\"><figure class=\"vc_equipes__item\" style=\"background-color:#3eaac4\"><img src = \"https:\/\/aprilmarine.ca\/wp-content\/uploads\/2025\/09\/marie-eve-paquette-2024.png\" alt = \"Marie-Eve Paquette\" \/><figcaption> <div class=\"content\"><span class=\"name\">Marie-Eve Paquette<\/span>Directrice g\u00e9n\u00e9rale<br>Membre de l'\u00e9quipe depuis 2005<\/div><\/figcaption> <\/figure><\/div><div class=\"vc_equipes__col--4\"><figure class=\"vc_equipes__item\" style=\"background-color:#3eaac4\"><img src = \"https:\/\/aprilmarine.ca\/wp-content\/uploads\/2024\/04\/genevieve-duchesne.png\" alt = \"Genevi\u00e8ve Duchesne\" \/><figcaption> <div class=\"content\"><span class=\"name\">Genevi\u00e8ve Duchesne<\/span>Experte en sinistre<br>Membre de l'\u00e9quipe depuis 2024<\/div><\/figcaption> <\/figure><\/div><div class=\"vc_equipes__col--4\"><figure class=\"vc_equipes__item\" style=\"background-color:#3eaac4\"><img src = \"https:\/\/aprilmarine.ca\/wp-content\/uploads\/2025\/09\/brenda-filiatrault-2025.png\" alt = \"Brenda Filiatrault\" \/><figcaption> <div class=\"content\"><span class=\"name\">Brenda Filiatrault<\/span>Charg\u00e9 D\u00e9veloppement Ontario<br>Membre de l'\u00e9quipe depuis 2024<\/div><\/figcaption> <\/figure><\/div><div class=\"vc_equipes__col--4\"><figure class=\"vc_equipes__item\" style=\"background-color:#f7aa36\"><img src = \"https:\/\/aprilmarine.ca\/wp-content\/uploads\/2023\/08\/stacey-buckley.png\" alt = \"Stacey Buckley\" \/><figcaption> <div class=\"content\"><span class=\"name\">Stacey Buckley<\/span>Responsable Sinistre<br>Membre de l'\u00e9quipe depuis 2005<\/div><\/figcaption> <\/figure><\/div><div class=\"vc_equipes__col--4\"><figure class=\"vc_equipes__item\" style=\"background-color:#d7488f\"><img src = \"https:\/\/aprilmarine.ca\/wp-content\/uploads\/2025\/01\/catherine-elizabeth-adams.png\" alt = \"Catherine-Elizabeth Adams\" \/><figcaption> <div class=\"content\"><span class=\"name\">Catherine-Elizabeth Adams<\/span>Souscriptrice<br>Membre de l'\u00e9quipe depuis 2024<\/div><\/figcaption> <\/figure><\/div><div class=\"vc_equipes__col--4\"><figure class=\"vc_equipes__item\" style=\"background-color:#f7aa36\"><img src = \"https:\/\/aprilmarine.ca\/wp-content\/uploads\/2020\/05\/anne-marie-roy.png\" alt = \"Anne-Marie Roy\" \/><figcaption> <div class=\"content\"><span class=\"name\">Anne-Marie Roy<\/span>Responsable Souscription<br>Membre de l'\u00e9quipe depuis 2012<\/div><\/figcaption> <\/figure><\/div><div class=\"vc_equipes__col--4\"><figure class=\"vc_equipes__item\" style=\"background-color:#3eaac4\"><img src = \"https:\/\/aprilmarine.ca\/wp-content\/uploads\/2025\/09\/stephan-bernard-2025.png\" alt = \"Stephan Bernard\" \/><figcaption> <div class=\"content\"><span class=\"name\">Stephan Bernard<\/span>Charg\u00e9 de D\u00e9veloppement Qu\u00e9bec<br>Membre de l'\u00e9quipe depuis 2021<\/div><\/figcaption> <\/figure><\/div><div class=\"vc_equipes__col--4\"><figure class=\"vc_equipes__item\" style=\"background-color:#639e30\"><img src = \"https:\/\/aprilmarine.ca\/wp-content\/uploads\/2023\/08\/laurence-boucher.png\" alt = \"Laurence Boucher\" \/><figcaption> <div class=\"content\"><span class=\"name\">Laurence Boucher<\/span>Agente d'indemnisation<br>Membre de l'\u00e9quipe depuis 2021<\/div><\/figcaption> <\/figure><\/div><div class=\"vc_equipes__col--4\"><figure class=\"vc_equipes__item\" style=\"background-color:#d7488f\"><img src = \"https:\/\/aprilmarine.ca\/wp-content\/uploads\/2023\/08\/andreanne-germain-leblanc.png\" alt = \"Andreanne Germain-Leblanc\" \/><figcaption> <div class=\"content\"><span class=\"name\">Andreanne Germain-Leblanc<\/span>Experte en sinistre<br>Membre de l'\u00e9quipe depuis 2018<\/div><\/figcaption> <\/figure><\/div><\/section> [\/vc_column][\/vc_row][vc_row darkrow=\u00a0\u00bb\u00a0\u00bb activemobile=\u00a0\u00bb\u00a0\u00bb param__bgalignement=\u00a0\u00bb\u00a0\u00bb param__bgsize=\u00a0\u00bb\u00a0\u00bb css=\u00a0\u00bb.vc_custom_1589136271435{padding-top: 40px !important;padding-bottom: 80px !important;}\u00a0\u00bb][vc_column][vc_btn title=\u00a0\u00bbRejoignez notre \u00e9quipe\u00a0\u00bb align=\u00a0\u00bbcenter\u00a0\u00bb link=\u00a0\u00bburl:%2Fqc-fr%2Fcarrieres%2F|||\u00a0\u00bb][\/vc_column][\/vc_row]<\/p>\n<\/div>","protected":false},"excerpt":{"rendered":"<p>[vc_row darkrow=\u00a0\u00bb\u00a0\u00bb activemobile=\u00a0\u00bb\u00a0\u00bb param__bgalignement=\u00a0\u00bb\u00a0\u00bb param__bgsize=\u00a0\u00bb\u00a0\u00bb css=\u00a0\u00bb.vc_custom_1589136329859{padding-top: 60px !important;padding-bottom: 40px !important;}\u00a0\u00bb][vc_column width=\u00a0\u00bb1\/2&Prime; css=\u00a0\u00bb.vc_custom_1589144771650{margin-bottom: 80px !important;}\u00a0\u00bb][vc_column_text darkrow=\u00a0\u00bb\u00a0\u00bb css=\u00a0\u00bb.vc_custom_1589305009693{margin-bottom: 30px !important;}\u00a0\u00bb] L&rsquo;\u00e9quipe APRIL Marine Mordus de plaisance et experts en assurance [\/vc_column_text][vc_column_text darkrow=\u00a0\u00bb\u00a0\u00bb css=\u00a0\u00bb.vc_custom_1589217411300{margin-bottom: 30px !important;}\u00a0\u00bb]De nos bureaux de Brossard et Toronto, l&rsquo;\u00e9quipe dynamique et passionn\u00e9e d&rsquo;APRIL Marine Canada met chaque jour son \u00e9nergie \u00e0 votre service.[\/vc_column_text][vc_btn title=\u00a0\u00bbFaites [&hellip;]<\/p>\n","protected":false},"author":3,"featured_media":0,"parent":0,"menu_order":0,"comment_status":"closed","ping_status":"closed","template":"","meta":{"inline_featured_image":false,"footnotes":""},"class_list":["post-156","page","type-page","status-publish","hentry"],"yoast_head":"<!-- This site is optimized with the Yoast SEO plugin v26.8 - https:\/\/yoast.com\/product\/yoast-seo-wordpress\/ -->\n<title>\u00c9quipe APRIL Marine | APRIL Marine<\/title>\n<meta name=\"description\" content=\"De nos bureaux du Qu\u00e9bec et d\u2019Ontario, l\u2019\u00e9quipe dynamique et passionn\u00e9e APRIL Marine Canada met chaque jour son \u00e9nergie \u00e0 votre service.\" \/>\n<meta name=\"robots\" content=\"index, follow, max-snippet:-1, max-image-preview:large, max-video-preview:-1\" \/>\n<link rel=\"canonical\" href=\"https:\/\/aprilmarine.ca\/qc-fr\/equipe\" \/>\n<meta property=\"og:locale\" content=\"fr_CA\" \/>\n<meta property=\"og:type\" content=\"article\" \/>\n<meta property=\"og:title\" content=\"\u00c9quipe APRIL Marine | APRIL Marine\" \/>\n<meta property=\"og:description\" content=\"De nos bureaux du Qu\u00e9bec et d\u2019Ontario, l\u2019\u00e9quipe dynamique et passionn\u00e9e APRIL Marine Canada met chaque jour son \u00e9nergie \u00e0 votre service.\" \/>\n<meta property=\"og:url\" content=\"https:\/\/aprilmarine.ca\/qc-fr\/equipe\" \/>\n<meta property=\"og:site_name\" content=\"APRIL Marine\" \/>\n<meta property=\"article:modified_time\" content=\"2022-08-04T18:14:20+00:00\" \/>\n<meta name=\"twitter:card\" content=\"summary_large_image\" \/>\n<meta name=\"twitter:label1\" content=\"Estimation du temps de lecture\" \/>\n\t<meta name=\"twitter:data1\" content=\"2 minutes\" \/>\n<script type=\"application\/ld+json\" class=\"yoast-schema-graph\">{\"@context\":\"https:\/\/schema.org\",\"@graph\":[{\"@type\":\"WebPage\",\"@id\":\"https:\/\/aprilmarine.ca\/qc-fr\/equipe\",\"url\":\"https:\/\/aprilmarine.ca\/qc-fr\/equipe\",\"name\":\"\u00c9quipe APRIL Marine | APRIL Marine\",\"isPartOf\":{\"@id\":\"https:\/\/aprilmarine.ca\/qc-fr\/#website\"},\"datePublished\":\"2020-04-05T21:19:33+00:00\",\"dateModified\":\"2022-08-04T18:14:20+00:00\",\"description\":\"De nos bureaux du Qu\u00e9bec et d\u2019Ontario, l\u2019\u00e9quipe dynamique et passionn\u00e9e APRIL Marine Canada met chaque jour son \u00e9nergie \u00e0 votre service.\",\"breadcrumb\":{\"@id\":\"https:\/\/aprilmarine.ca\/qc-fr\/equipe#breadcrumb\"},\"inLanguage\":\"fr-CA\",\"potentialAction\":[{\"@type\":\"ReadAction\",\"target\":[\"https:\/\/aprilmarine.ca\/qc-fr\/equipe\"]}]},{\"@type\":\"BreadcrumbList\",\"@id\":\"https:\/\/aprilmarine.ca\/qc-fr\/equipe#breadcrumb\",\"itemListElement\":[{\"@type\":\"ListItem\",\"position\":1,\"name\":\"Accueil\",\"item\":\"https:\/\/aprilmarine.ca\/qc-fr\"},{\"@type\":\"ListItem\",\"position\":2,\"name\":\"\u00c9quipe APRIL Marine\"}]},{\"@type\":\"WebSite\",\"@id\":\"https:\/\/aprilmarine.ca\/qc-fr\/#website\",\"url\":\"https:\/\/aprilmarine.ca\/qc-fr\/\",\"name\":\"APRIL Marine\",\"description\":\"Expert en assurance bateau\",\"publisher\":{\"@id\":\"https:\/\/aprilmarine.ca\/qc-fr\/#organization\"},\"potentialAction\":[{\"@type\":\"SearchAction\",\"target\":{\"@type\":\"EntryPoint\",\"urlTemplate\":\"https:\/\/aprilmarine.ca\/qc-fr\/?s={search_term_string}\"},\"query-input\":{\"@type\":\"PropertyValueSpecification\",\"valueRequired\":true,\"valueName\":\"search_term_string\"}}],\"inLanguage\":\"fr-CA\"},{\"@type\":\"Organization\",\"@id\":\"https:\/\/aprilmarine.ca\/qc-fr\/#organization\",\"name\":\"APRIL Marine\",\"url\":\"https:\/\/aprilmarine.ca\/qc-fr\/\",\"logo\":{\"@type\":\"ImageObject\",\"inLanguage\":\"fr-CA\",\"@id\":\"https:\/\/aprilmarine.ca\/qc-fr\/#\/schema\/logo\/image\/\",\"url\":\"https:\/\/aprilmarine.ca\/wp-content\/uploads\/2020\/05\/logo-april-marine.svg\",\"contentUrl\":\"https:\/\/aprilmarine.ca\/wp-content\/uploads\/2020\/05\/logo-april-marine.svg\",\"width\":70,\"height\":32,\"caption\":\"APRIL Marine\"},\"image\":{\"@id\":\"https:\/\/aprilmarine.ca\/qc-fr\/#\/schema\/logo\/image\/\"}}]}<\/script>\n<!-- \/ Yoast SEO plugin. -->","yoast_head_json":{"title":"\u00c9quipe APRIL Marine | APRIL Marine","description":"De nos bureaux du Qu\u00e9bec et d\u2019Ontario, l\u2019\u00e9quipe dynamique et passionn\u00e9e APRIL Marine Canada met chaque jour son \u00e9nergie \u00e0 votre service.","robots":{"index":"index","follow":"follow","max-snippet":"max-snippet:-1","max-image-preview":"max-image-preview:large","max-video-preview":"max-video-preview:-1"},"canonical":"https:\/\/aprilmarine.ca\/qc-fr\/equipe","og_locale":"fr_CA","og_type":"article","og_title":"\u00c9quipe APRIL Marine | APRIL Marine","og_description":"De nos bureaux du Qu\u00e9bec et d\u2019Ontario, l\u2019\u00e9quipe dynamique et passionn\u00e9e APRIL Marine Canada met chaque jour son \u00e9nergie \u00e0 votre service.","og_url":"https:\/\/aprilmarine.ca\/qc-fr\/equipe","og_site_name":"APRIL Marine","article_modified_time":"2022-08-04T18:14:20+00:00","twitter_card":"summary_large_image","twitter_misc":{"Estimation du temps de lecture":"2 minutes"},"schema":{"@context":"https:\/\/schema.org","@graph":[{"@type":"WebPage","@id":"https:\/\/aprilmarine.ca\/qc-fr\/equipe","url":"https:\/\/aprilmarine.ca\/qc-fr\/equipe","name":"\u00c9quipe APRIL Marine | APRIL Marine","isPartOf":{"@id":"https:\/\/aprilmarine.ca\/qc-fr\/#website"},"datePublished":"2020-04-05T21:19:33+00:00","dateModified":"2022-08-04T18:14:20+00:00","description":"De nos bureaux du Qu\u00e9bec et d\u2019Ontario, l\u2019\u00e9quipe dynamique et passionn\u00e9e APRIL Marine Canada met chaque jour son \u00e9nergie \u00e0 votre service.","breadcrumb":{"@id":"https:\/\/aprilmarine.ca\/qc-fr\/equipe#breadcrumb"},"inLanguage":"fr-CA","potentialAction":[{"@type":"ReadAction","target":["https:\/\/aprilmarine.ca\/qc-fr\/equipe"]}]},{"@type":"BreadcrumbList","@id":"https:\/\/aprilmarine.ca\/qc-fr\/equipe#breadcrumb","itemListElement":[{"@type":"ListItem","position":1,"name":"Accueil","item":"https:\/\/aprilmarine.ca\/qc-fr"},{"@type":"ListItem","position":2,"name":"\u00c9quipe APRIL Marine"}]},{"@type":"WebSite","@id":"https:\/\/aprilmarine.ca\/qc-fr\/#website","url":"https:\/\/aprilmarine.ca\/qc-fr\/","name":"APRIL Marine","description":"Expert en assurance bateau","publisher":{"@id":"https:\/\/aprilmarine.ca\/qc-fr\/#organization"},"potentialAction":[{"@type":"SearchAction","target":{"@type":"EntryPoint","urlTemplate":"https:\/\/aprilmarine.ca\/qc-fr\/?s={search_term_string}"},"query-input":{"@type":"PropertyValueSpecification","valueRequired":true,"valueName":"search_term_string"}}],"inLanguage":"fr-CA"},{"@type":"Organization","@id":"https:\/\/aprilmarine.ca\/qc-fr\/#organization","name":"APRIL Marine","url":"https:\/\/aprilmarine.ca\/qc-fr\/","logo":{"@type":"ImageObject","inLanguage":"fr-CA","@id":"https:\/\/aprilmarine.ca\/qc-fr\/#\/schema\/logo\/image\/","url":"https:\/\/aprilmarine.ca\/wp-content\/uploads\/2020\/05\/logo-april-marine.svg","contentUrl":"https:\/\/aprilmarine.ca\/wp-content\/uploads\/2020\/05\/logo-april-marine.svg","width":70,"height":32,"caption":"APRIL Marine"},"image":{"@id":"https:\/\/aprilmarine.ca\/qc-fr\/#\/schema\/logo\/image\/"}}]}},"_links":{"self":[{"href":"https:\/\/aprilmarine.ca\/qc-fr\/wp-json\/wp\/v2\/pages\/156","targetHints":{"allow":["GET"]}}],"collection":[{"href":"https:\/\/aprilmarine.ca\/qc-fr\/wp-json\/wp\/v2\/pages"}],"about":[{"href":"https:\/\/aprilmarine.ca\/qc-fr\/wp-json\/wp\/v2\/types\/page"}],"author":[{"embeddable":true,"href":"https:\/\/aprilmarine.ca\/qc-fr\/wp-json\/wp\/v2\/users\/3"}],"replies":[{"embeddable":true,"href":"https:\/\/aprilmarine.ca\/qc-fr\/wp-json\/wp\/v2\/comments?post=156"}],"version-history":[{"count":2,"href":"https:\/\/aprilmarine.ca\/qc-fr\/wp-json\/wp\/v2\/pages\/156\/revisions"}],"predecessor-version":[{"id":6083,"href":"https:\/\/aprilmarine.ca\/qc-fr\/wp-json\/wp\/v2\/pages\/156\/revisions\/6083"}],"wp:attachment":[{"href":"https:\/\/aprilmarine.ca\/qc-fr\/wp-json\/wp\/v2\/media?parent=156"}],"curies":[{"name":"wp","href":"https:\/\/api.w.org\/{rel}","templated":true}]}}