{"id":350,"date":"2020-04-26T23:15:13","date_gmt":"2020-04-27T03:15:13","guid":{"rendered":"https:\/\/dev.aprilmarine.ca\/?page_id=350"},"modified":"2022-06-01T13:35:33","modified_gmt":"2022-06-01T17:35:33","slug":"devenir-partenaire","status":"publish","type":"page","link":"https:\/\/aprilmarine.ca\/qc-fr\/devenir-partenaire","title":{"rendered":"Devenir partenaire"},"content":{"rendered":"<div class=\"wpb-content-wrapper\"><p>[vc_row darkrow=\u00a0\u00bb\u00a0\u00bb activemobile=\u00a0\u00bb\u00a0\u00bb param__bgalignement=\u00a0\u00bb\u00a0\u00bb param__bgsize=\u00a0\u00bb\u00a0\u00bb css=\u00a0\u00bb.vc_custom_1589145347086{padding-top: 60px !important;padding-bottom: 80px !important;}\u00a0\u00bb][vc_column width=\u00a0\u00bb7\/12&Prime; css=\u00a0\u00bb.vc_custom_1589144169908{margin-bottom: 30px !important;}\u00a0\u00bb][vc_row_inner][vc_column_inner offset=\u00a0\u00bbvc_hidden-lg vc_hidden-md vc_hidden-sm\u00a0\u00bb][vc_single_image image=\u00a0\u00bb3988&Prime;][\/vc_column_inner][\/vc_row_inner]<p class=\"vc_breadcrumbs\"><span><span><a href=\"https:\/\/aprilmarine.ca\/qc-fr\">Accueil<\/a><\/span><\/span><\/p>[vc_column_text darkrow=\u00a0\u00bb\u00a0\u00bb css=\u00a0\u00bb.vc_custom_1589143981014{margin-bottom: 30px !important;}\u00a0\u00bb]<\/p>\n<h1><span style=\"color: #f49e00;\">Devenir partenaire APRIL Marine<\/span><\/h1>\n<h2>D\u00e9couvrez les avantages offerts \u00e0 nos courtiers partenaires<\/h2>\n<p>[\/vc_column_text][vc_column_text css=\u00a0\u00bb.vc_custom_1588047620267{margin-bottom: 40px !important;}\u00a0\u00bb]Chez APRIL Marine, nous pensons qu&rsquo;il est essentiel d&rsquo;entretenir d&rsquo;excellentes relations avec nos partenaires d&rsquo;affaires. Nous nous engageons \u00e0 travailler \u00e0 vos c\u00f4t\u00e9s pour cr\u00e9er un partenariat durable, dans notre int\u00e9r\u00eat mutuel.[\/vc_column_text]<div class=\"vc_customList\" data-bullets=\"https:\/\/aprilmarine.ca\/wp-content\/uploads\/2022\/03\/icone-crochet-bleu.svg\"><\/p>\n<ul>\n<li>Une soumission en ligne, en quelques minutes et en quelques clics<\/li>\n<li>Des outils digitaux innovants pour vous simplifier l\u2019assurance<\/li>\n<li>Un formulaire de soumission personnalisable \u00e0 vos couleurs, \u00e0 int\u00e9grer directement sur votre site internet<\/li>\n<li>Une \u00e9quipe interne de souscripteurs et d\u2019experts en sinistre sp\u00e9cialistes de l\u2019assurance bateau<\/li>\n<li>Un traitement de vos soumissions en 2h ouvrables<\/li>\n<li><strong><a href=\"https:\/\/www.april.ca\/fr\/april-academie\/\" target=\"_blank\" rel=\"noopener noreferrer\">APRIL Acad\u00e9mie<\/a> <\/strong>: des formations accr\u00e9dit\u00e9es UFC et gratuites, offertes par nos experts en assurance bateau<\/li>\n<\/ul>\n<p><\/div>[\/vc_column][vc_column width=\u00a0\u00bb5\/12&Prime; offset=\u00a0\u00bbvc_hidden-xs\u00a0\u00bb][vc_single_image image=\u00a0\u00bb3988&Prime;][\/vc_column][\/vc_row][vc_row darkrow=\u00a0\u00bbvc_row&#8211;dark_row\u00a0\u00bb full_width=\u00a0\u00bbstretch_row\u00a0\u00bb activemobile=\u00a0\u00bb\u00a0\u00bb param__bgalignement=\u00a0\u00bb\u00a0\u00bb param__bgsize=\u00a0\u00bb\u00a0\u00bb css=\u00a0\u00bb.vc_custom_1588961881058{padding-top: 80px !important;padding-bottom: 50px !important;background-color: #004161 !important;}\u00a0\u00bb][vc_column][vc_column_text darkrow=\u00a0\u00bb\u00a0\u00bb css=\u00a0\u00bb.vc_custom_1589221443508{margin-bottom: 40px !important;}\u00a0\u00bb]<\/p>\n<h3 style=\"text-align: center;\"><span style=\"color: #f49e00;\">La satisfaction de nos partenaires<\/span>\u00a0\u00e0 c\u0153ur<\/h3>\n<p>[\/vc_column_text][vc_row_inner][vc_column_inner width=\u00a0\u00bb1\/3&Prime;][vc_single_image image=\u00a0\u00bb3797&Prime; alignment=\u00a0\u00bbcenter\u00a0\u00bb parammw=\u00a0\u00bb34px\u00a0\u00bb css=\u00a0\u00bb.vc_custom_1590423008397{margin-bottom: 15px !important;}\u00a0\u00bb][vc_custom_heading text=\u00a0\u00bb99% nous recommandent \u00e0 leurs clients et coll\u00e8gues\u00a0\u00bb font_container=\u00a0\u00bbtag:p|font_size:17px|text_align:center\u00a0\u00bb use_theme_fonts=\u00a0\u00bbyes\u00a0\u00bb][\/vc_column_inner][vc_column_inner width=\u00a0\u00bb1\/3&Prime;][vc_single_image image=\u00a0\u00bb3793&Prime; alignment=\u00a0\u00bbcenter\u00a0\u00bb parammw=\u00a0\u00bb34px\u00a0\u00bb css=\u00a0\u00bb.vc_custom_1590422976298{margin-bottom: 15px !important;}\u00a0\u00bb][vc_custom_heading text=\u00a0\u00bb98% sont satisfaits de l&rsquo;expertise de nos souscripteurs\u00a0\u00bb font_container=\u00a0\u00bbtag:p|font_size:17px|text_align:center\u00a0\u00bb use_theme_fonts=\u00a0\u00bbyes\u00a0\u00bb][\/vc_column_inner][vc_column_inner width=\u00a0\u00bb1\/3&Prime;][vc_single_image image=\u00a0\u00bb3590&Prime; alignment=\u00a0\u00bbcenter\u00a0\u00bb parammw=\u00a0\u00bb34px\u00a0\u00bb css=\u00a0\u00bb.vc_custom_1590422944479{margin-bottom: 15px !important;}\u00a0\u00bb][vc_custom_heading text=\u00a0\u00bb98% sont satisfaits de la rapidit\u00e9 de notre service\u00a0\u00bb font_container=\u00a0\u00bbtag:p|font_size:17px|text_align:center\u00a0\u00bb use_theme_fonts=\u00a0\u00bbyes\u00a0\u00bb][\/vc_column_inner][\/vc_row_inner][vc_row_inner css=\u00a0\u00bb.vc_custom_1607618272749{margin-top: 90px !important;margin-bottom: 60px !important;}\u00a0\u00bb][vc_column_inner width=\u00a0\u00bb1\/6&Prime;][\/vc_column_inner][vc_column_inner width=\u00a0\u00bb2\/3&Prime;][vc_video link=\u00a0\u00bbhttps:\/\/www.youtube.com\/watch?v=RGLSS2NXw0Y\u00a0\u00bb][\/vc_column_inner][vc_column_inner width=\u00a0\u00bb1\/6&Prime;][\/vc_column_inner][\/vc_row_inner][\/vc_column][\/vc_row][vc_row darkrow=\u00a0\u00bb\u00a0\u00bb full_width=\u00a0\u00bbstretch_row\u00a0\u00bb activemobile=\u00a0\u00bb\u00a0\u00bb param__bgalignement=\u00a0\u00bb\u00a0\u00bb param__bgsize=\u00a0\u00bb\u00a0\u00bb boxshadow=\u00a0\u00bb0px 16px 32px rgba(0, 66, 94, 0.2)\u00a0\u00bb css=\u00a0\u00bb.vc_custom_1633463924375{padding-top: 80px !important;padding-bottom: 50px !important;background-color: #add04e !important;}\u00a0\u00bb el_id=\u00a0\u00bbtheForm\u00a0\u00bb][vc_column][vc_column_text css=\u00a0\u00bb.vc_custom_1588257062053{margin-bottom: 60px !important;}\u00a0\u00bb]<\/p>\n<p style=\"text-align: center; font-size: 32px;\"><strong>\u00c9crivez-nous pour discuter des opportunit\u00e9s<\/strong><br \/>\nde partenariat qui s\u2019offrent \u00e0 vous :<\/p>\n<p>[\/vc_column_text]\n<div class=\"wpcf7 no-js\" id=\"wpcf7-f5-o1\" lang=\"fr-CA\" dir=\"ltr\" data-wpcf7-id=\"5\">\n<div class=\"screen-reader-response\"><p role=\"status\" aria-live=\"polite\" aria-atomic=\"true\"><\/p> <ul><\/ul><\/div>\n<form action=\"\/qc-fr\/wp-json\/wp\/v2\/pages\/350#wpcf7-f5-o1\" method=\"post\" class=\"wpcf7-form init\" aria-label=\"Contact form\" novalidate=\"novalidate\" data-status=\"init\">\n<fieldset class=\"hidden-fields-container\"><input type=\"hidden\" name=\"_wpcf7\" value=\"5\" \/><input type=\"hidden\" name=\"_wpcf7_version\" value=\"6.1.4\" \/><input type=\"hidden\" name=\"_wpcf7_locale\" value=\"fr_CA\" \/><input type=\"hidden\" name=\"_wpcf7_unit_tag\" value=\"wpcf7-f5-o1\" \/><input type=\"hidden\" name=\"_wpcf7_container_post\" value=\"0\" \/><input type=\"hidden\" name=\"_wpcf7_posted_data_hash\" value=\"\" \/>\n<\/fieldset>\n<div class=\"cf-row cf-form__dark\">\n\n<div class=\"cf-col\">\n<label>\n<span class=\"title\">Pr\u00e9nom<\/span>\n<span class=\"wpcf7-form-control-wrap\" data-name=\"prenom\"><input size=\"40\" maxlength=\"400\" class=\"wpcf7-form-control wpcf7-text wpcf7-validates-as-required\" aria-required=\"true\" aria-invalid=\"false\" placeholder=\"Saisissez votre pr\u00e9nom\" value=\"\" type=\"text\" name=\"prenom\" \/><\/span>\n<\/label>\n\n<label>\n<span class=\"title\">Nom<\/span>\n<span class=\"wpcf7-form-control-wrap\" data-name=\"nom\"><input size=\"40\" maxlength=\"400\" class=\"wpcf7-form-control wpcf7-text wpcf7-validates-as-required\" aria-required=\"true\" aria-invalid=\"false\" placeholder=\"Saisissez votre nom\" value=\"\" type=\"text\" name=\"nom\" \/><\/span>\n<\/label>\n\n<label>\n<span class=\"title\">Cabinet de courtage<\/span>\n<span class=\"wpcf7-form-control-wrap\" data-name=\"cabinet\"><input size=\"40\" maxlength=\"400\" class=\"wpcf7-form-control wpcf7-text\" aria-invalid=\"false\" placeholder=\"Saisissez le nom de votre cabinet\" value=\"\" type=\"text\" name=\"cabinet\" \/><\/span>\n<\/label>\n\n<label>\n<span class=\"title\">Courriel<\/span>\n<span class=\"wpcf7-form-control-wrap\" data-name=\"courriel\"><input size=\"40\" maxlength=\"400\" class=\"wpcf7-form-control wpcf7-email wpcf7-validates-as-required wpcf7-text wpcf7-validates-as-email\" aria-required=\"true\" aria-invalid=\"false\" placeholder=\"Saisissez votre adresse courriel\" value=\"\" type=\"email\" name=\"courriel\" \/><\/span>\n<\/label>\n\n<label>\n<span class=\"title\">T\u00e9l\u00e9phone<\/span>\n<span class=\"wpcf7-form-control-wrap\" data-name=\"tel\"><input size=\"40\" maxlength=\"400\" class=\"wpcf7-form-control wpcf7-tel wpcf7-text wpcf7-validates-as-tel\" aria-invalid=\"false\" placeholder=\"Saisissez votre num\u00e9ro de t\u00e9l\u00e9phone\" value=\"\" type=\"tel\" name=\"tel\" \/><\/span>\n<\/label>\n\n<label>\n<span class=\"title\">Province<\/span>\n<div class=\"select-style\">\n<span class=\"wpcf7-form-control-wrap\" data-name=\"province\"><select class=\"wpcf7-form-control wpcf7-select wpcf7-validates-as-required\" aria-required=\"true\" aria-invalid=\"false\" name=\"province\"><option value=\"Choisissez votre province\">Choisissez votre province<\/option><option value=\"Alberta\">Alberta<\/option><option value=\"Colombie-Britannique\">Colombie-Britannique<\/option><option value=\"\u00cele-du-Prince-\u00c9douard\">\u00cele-du-Prince-\u00c9douard<\/option><option value=\"Manitoba\">Manitoba<\/option><option value=\"Nouveau-Brunswick\">Nouveau-Brunswick<\/option><option value=\"Nouvelle-\u00c9cosse\">Nouvelle-\u00c9cosse<\/option><option value=\"Nunavut\">Nunavut<\/option><option value=\"Ontario\">Ontario<\/option><option value=\"Qu\u00e9bec\">Qu\u00e9bec<\/option><option value=\"Saskatchewan\">Saskatchewan<\/option><option value=\"Terre-Neuve-et-Labrador\">Terre-Neuve-et-Labrador<\/option><option value=\"Territoires du Nord-Ouest\">Territoires du Nord-Ouest<\/option><option value=\"Yukon\">Yukon<\/option><\/select><\/span>\n<\/div>\n<\/label>\n\n<\/div>\n\n<div class=\"cf-col\">\n<label>\n<span class=\"title\">Votre message<\/span>\n<span class=\"wpcf7-form-control-wrap\" data-name=\"message\"><textarea cols=\"40\" rows=\"10\" maxlength=\"2000\" class=\"wpcf7-form-control wpcf7-textarea\" aria-invalid=\"false\" placeholder=\"Saisissez votre message\" name=\"message\"><\/textarea><\/span>\n<\/label>\n<input class=\"wpcf7-form-control wpcf7-submit has-spinner\" type=\"submit\" value=\"Envoyer\" \/>\n<\/div>\n\n<\/div><div class=\"wpcf7-response-output\" aria-hidden=\"true\"><\/div>\n<\/form>\n<\/div>\n[\/vc_column][\/vc_row]<\/p>\n<\/div>","protected":false},"excerpt":{"rendered":"<p>[vc_row darkrow=\u00a0\u00bb\u00a0\u00bb activemobile=\u00a0\u00bb\u00a0\u00bb param__bgalignement=\u00a0\u00bb\u00a0\u00bb param__bgsize=\u00a0\u00bb\u00a0\u00bb css=\u00a0\u00bb.vc_custom_1589145347086{padding-top: 60px !important;padding-bottom: 80px !important;}\u00a0\u00bb][vc_column width=\u00a0\u00bb7\/12&Prime; css=\u00a0\u00bb.vc_custom_1589144169908{margin-bottom: 30px !important;}\u00a0\u00bb][vc_row_inner][vc_column_inner offset=\u00a0\u00bbvc_hidden-lg vc_hidden-md vc_hidden-sm\u00a0\u00bb][vc_single_image image=\u00a0\u00bb3988&Prime;][\/vc_column_inner][\/vc_row_inner][vc_column_text darkrow=\u00a0\u00bb\u00a0\u00bb css=\u00a0\u00bb.vc_custom_1589143981014{margin-bottom: 30px !important;}\u00a0\u00bb] Devenir partenaire APRIL Marine D\u00e9couvrez les avantages offerts \u00e0 nos courtiers partenaires [\/vc_column_text][vc_column_text css=\u00a0\u00bb.vc_custom_1588047620267{margin-bottom: 40px !important;}\u00a0\u00bb]Chez APRIL Marine, nous pensons qu&rsquo;il est essentiel d&rsquo;entretenir d&rsquo;excellentes relations avec nos partenaires d&rsquo;affaires. Nous nous engageons [&hellip;]<\/p>\n","protected":false},"author":3,"featured_media":0,"parent":0,"menu_order":0,"comment_status":"closed","ping_status":"closed","template":"","meta":{"inline_featured_image":false,"footnotes":""},"class_list":["post-350","page","type-page","status-publish","hentry"],"yoast_head":"<!-- This site is optimized with the Yoast SEO plugin v26.8 - https:\/\/yoast.com\/product\/yoast-seo-wordpress\/ -->\n<title>Devenir un partenaire d&#039;APRIL Marine | APRIL Marine<\/title>\n<meta name=\"description\" content=\"Soumissions en ligne, outils num\u00e9riques, traitement rapide, formations accr\u00e9dit\u00e9es gratuites : d\u00e9couvrez les avantages offerts \u00e0 nos courtiers partenaires\" \/>\n<meta name=\"robots\" content=\"index, follow, max-snippet:-1, max-image-preview:large, max-video-preview:-1\" \/>\n<link rel=\"canonical\" href=\"https:\/\/aprilmarine.ca\/qc-fr\/devenir-partenaire\" \/>\n<meta property=\"og:locale\" content=\"fr_CA\" \/>\n<meta property=\"og:type\" content=\"article\" \/>\n<meta property=\"og:title\" content=\"Devenir un partenaire d&#039;APRIL Marine | APRIL Marine\" \/>\n<meta property=\"og:description\" content=\"Soumissions en ligne, outils num\u00e9riques, traitement rapide, formations accr\u00e9dit\u00e9es gratuites : d\u00e9couvrez les avantages offerts \u00e0 nos courtiers partenaires\" \/>\n<meta property=\"og:url\" content=\"https:\/\/aprilmarine.ca\/qc-fr\/devenir-partenaire\" \/>\n<meta property=\"og:site_name\" content=\"APRIL Marine\" \/>\n<meta property=\"article:modified_time\" content=\"2022-06-01T17:35:33+00:00\" \/>\n<meta name=\"twitter:card\" content=\"summary_large_image\" \/>\n<meta name=\"twitter:label1\" content=\"Estimation du temps de lecture\" \/>\n\t<meta name=\"twitter:data1\" content=\"2 minutes\" \/>\n<script type=\"application\/ld+json\" class=\"yoast-schema-graph\">{\"@context\":\"https:\/\/schema.org\",\"@graph\":[{\"@type\":\"WebPage\",\"@id\":\"https:\/\/aprilmarine.ca\/qc-fr\/devenir-partenaire\",\"url\":\"https:\/\/aprilmarine.ca\/qc-fr\/devenir-partenaire\",\"name\":\"Devenir un partenaire d'APRIL Marine | APRIL Marine\",\"isPartOf\":{\"@id\":\"https:\/\/aprilmarine.ca\/qc-fr\/#website\"},\"datePublished\":\"2020-04-27T03:15:13+00:00\",\"dateModified\":\"2022-06-01T17:35:33+00:00\",\"description\":\"Soumissions en ligne, outils num\u00e9riques, traitement rapide, formations accr\u00e9dit\u00e9es gratuites : d\u00e9couvrez les avantages offerts \u00e0 nos courtiers partenaires\",\"breadcrumb\":{\"@id\":\"https:\/\/aprilmarine.ca\/qc-fr\/devenir-partenaire#breadcrumb\"},\"inLanguage\":\"fr-CA\",\"potentialAction\":[{\"@type\":\"ReadAction\",\"target\":[\"https:\/\/aprilmarine.ca\/qc-fr\/devenir-partenaire\"]}]},{\"@type\":\"BreadcrumbList\",\"@id\":\"https:\/\/aprilmarine.ca\/qc-fr\/devenir-partenaire#breadcrumb\",\"itemListElement\":[{\"@type\":\"ListItem\",\"position\":1,\"name\":\"Accueil\",\"item\":\"https:\/\/aprilmarine.ca\/qc-fr\"},{\"@type\":\"ListItem\",\"position\":2,\"name\":\"Devenir partenaire\"}]},{\"@type\":\"WebSite\",\"@id\":\"https:\/\/aprilmarine.ca\/qc-fr\/#website\",\"url\":\"https:\/\/aprilmarine.ca\/qc-fr\/\",\"name\":\"APRIL Marine\",\"description\":\"Expert en assurance bateau\",\"publisher\":{\"@id\":\"https:\/\/aprilmarine.ca\/qc-fr\/#organization\"},\"potentialAction\":[{\"@type\":\"SearchAction\",\"target\":{\"@type\":\"EntryPoint\",\"urlTemplate\":\"https:\/\/aprilmarine.ca\/qc-fr\/?s={search_term_string}\"},\"query-input\":{\"@type\":\"PropertyValueSpecification\",\"valueRequired\":true,\"valueName\":\"search_term_string\"}}],\"inLanguage\":\"fr-CA\"},{\"@type\":\"Organization\",\"@id\":\"https:\/\/aprilmarine.ca\/qc-fr\/#organization\",\"name\":\"APRIL Marine\",\"url\":\"https:\/\/aprilmarine.ca\/qc-fr\/\",\"logo\":{\"@type\":\"ImageObject\",\"inLanguage\":\"fr-CA\",\"@id\":\"https:\/\/aprilmarine.ca\/qc-fr\/#\/schema\/logo\/image\/\",\"url\":\"https:\/\/aprilmarine.ca\/wp-content\/uploads\/2020\/05\/logo-april-marine.svg\",\"contentUrl\":\"https:\/\/aprilmarine.ca\/wp-content\/uploads\/2020\/05\/logo-april-marine.svg\",\"width\":70,\"height\":32,\"caption\":\"APRIL Marine\"},\"image\":{\"@id\":\"https:\/\/aprilmarine.ca\/qc-fr\/#\/schema\/logo\/image\/\"}}]}<\/script>\n<!-- \/ Yoast SEO plugin. -->","yoast_head_json":{"title":"Devenir un partenaire d'APRIL Marine | APRIL Marine","description":"Soumissions en ligne, outils num\u00e9riques, traitement rapide, formations accr\u00e9dit\u00e9es gratuites : d\u00e9couvrez les avantages offerts \u00e0 nos courtiers partenaires","robots":{"index":"index","follow":"follow","max-snippet":"max-snippet:-1","max-image-preview":"max-image-preview:large","max-video-preview":"max-video-preview:-1"},"canonical":"https:\/\/aprilmarine.ca\/qc-fr\/devenir-partenaire","og_locale":"fr_CA","og_type":"article","og_title":"Devenir un partenaire d'APRIL Marine | APRIL Marine","og_description":"Soumissions en ligne, outils num\u00e9riques, traitement rapide, formations accr\u00e9dit\u00e9es gratuites : d\u00e9couvrez les avantages offerts \u00e0 nos courtiers partenaires","og_url":"https:\/\/aprilmarine.ca\/qc-fr\/devenir-partenaire","og_site_name":"APRIL Marine","article_modified_time":"2022-06-01T17:35:33+00:00","twitter_card":"summary_large_image","twitter_misc":{"Estimation du temps de lecture":"2 minutes"},"schema":{"@context":"https:\/\/schema.org","@graph":[{"@type":"WebPage","@id":"https:\/\/aprilmarine.ca\/qc-fr\/devenir-partenaire","url":"https:\/\/aprilmarine.ca\/qc-fr\/devenir-partenaire","name":"Devenir un partenaire d'APRIL Marine | APRIL Marine","isPartOf":{"@id":"https:\/\/aprilmarine.ca\/qc-fr\/#website"},"datePublished":"2020-04-27T03:15:13+00:00","dateModified":"2022-06-01T17:35:33+00:00","description":"Soumissions en ligne, outils num\u00e9riques, traitement rapide, formations accr\u00e9dit\u00e9es gratuites : d\u00e9couvrez les avantages offerts \u00e0 nos courtiers partenaires","breadcrumb":{"@id":"https:\/\/aprilmarine.ca\/qc-fr\/devenir-partenaire#breadcrumb"},"inLanguage":"fr-CA","potentialAction":[{"@type":"ReadAction","target":["https:\/\/aprilmarine.ca\/qc-fr\/devenir-partenaire"]}]},{"@type":"BreadcrumbList","@id":"https:\/\/aprilmarine.ca\/qc-fr\/devenir-partenaire#breadcrumb","itemListElement":[{"@type":"ListItem","position":1,"name":"Accueil","item":"https:\/\/aprilmarine.ca\/qc-fr"},{"@type":"ListItem","position":2,"name":"Devenir partenaire"}]},{"@type":"WebSite","@id":"https:\/\/aprilmarine.ca\/qc-fr\/#website","url":"https:\/\/aprilmarine.ca\/qc-fr\/","name":"APRIL Marine","description":"Expert en assurance bateau","publisher":{"@id":"https:\/\/aprilmarine.ca\/qc-fr\/#organization"},"potentialAction":[{"@type":"SearchAction","target":{"@type":"EntryPoint","urlTemplate":"https:\/\/aprilmarine.ca\/qc-fr\/?s={search_term_string}"},"query-input":{"@type":"PropertyValueSpecification","valueRequired":true,"valueName":"search_term_string"}}],"inLanguage":"fr-CA"},{"@type":"Organization","@id":"https:\/\/aprilmarine.ca\/qc-fr\/#organization","name":"APRIL Marine","url":"https:\/\/aprilmarine.ca\/qc-fr\/","logo":{"@type":"ImageObject","inLanguage":"fr-CA","@id":"https:\/\/aprilmarine.ca\/qc-fr\/#\/schema\/logo\/image\/","url":"https:\/\/aprilmarine.ca\/wp-content\/uploads\/2020\/05\/logo-april-marine.svg","contentUrl":"https:\/\/aprilmarine.ca\/wp-content\/uploads\/2020\/05\/logo-april-marine.svg","width":70,"height":32,"caption":"APRIL Marine"},"image":{"@id":"https:\/\/aprilmarine.ca\/qc-fr\/#\/schema\/logo\/image\/"}}]}},"_links":{"self":[{"href":"https:\/\/aprilmarine.ca\/qc-fr\/wp-json\/wp\/v2\/pages\/350","targetHints":{"allow":["GET"]}}],"collection":[{"href":"https:\/\/aprilmarine.ca\/qc-fr\/wp-json\/wp\/v2\/pages"}],"about":[{"href":"https:\/\/aprilmarine.ca\/qc-fr\/wp-json\/wp\/v2\/types\/page"}],"author":[{"embeddable":true,"href":"https:\/\/aprilmarine.ca\/qc-fr\/wp-json\/wp\/v2\/users\/3"}],"replies":[{"embeddable":true,"href":"https:\/\/aprilmarine.ca\/qc-fr\/wp-json\/wp\/v2\/comments?post=350"}],"version-history":[{"count":1,"href":"https:\/\/aprilmarine.ca\/qc-fr\/wp-json\/wp\/v2\/pages\/350\/revisions"}],"predecessor-version":[{"id":6084,"href":"https:\/\/aprilmarine.ca\/qc-fr\/wp-json\/wp\/v2\/pages\/350\/revisions\/6084"}],"wp:attachment":[{"href":"https:\/\/aprilmarine.ca\/qc-fr\/wp-json\/wp\/v2\/media?parent=350"}],"curies":[{"name":"wp","href":"https:\/\/api.w.org\/{rel}","templated":true}]}}