{"id":6968,"date":"2024-03-13T16:35:37","date_gmt":"2024-03-13T20:35:37","guid":{"rendered":"https:\/\/aprilmarine.ca\/?page_id=6968"},"modified":"2026-03-23T11:15:48","modified_gmt":"2026-03-23T15:15:48","slug":"formations","status":"publish","type":"page","link":"https:\/\/aprilmarine.ca\/qc-fr\/formations","title":{"rendered":"Formations"},"content":{"rendered":"<div class=\"wpb-content-wrapper\"><p>[vc_row darkrow=\u00a0\u00bb\u00a0\u00bb activemobile=\u00a0\u00bb\u00a0\u00bb param__bgalignement=\u00a0\u00bb\u00a0\u00bb param__bgsize=\u00a0\u00bb\u00a0\u00bb css=\u00a0\u00bb.vc_custom_1739303227650{margin-bottom: 60px !important;padding-top: 60px !important;}\u00a0\u00bb][vc_column width=\u00a0\u00bb7\/12&Prime;][vc_row_inner][vc_column_inner offset=\u00a0\u00bbvc_hidden-lg vc_hidden-md vc_hidden-sm\u00a0\u00bb css=\u00a0\u00bb.vc_custom_1589396571616{margin-bottom: 30px !important;}\u00a0\u00bb][vc_single_image image=\u00a0\u00bb5693&Prime; img_size=\u00a0\u00bbmedium\u00a0\u00bb css=\u00a0\u00bb.vc_custom_1710448269420{margin-bottom: 30px !important;}\u00a0\u00bb][\/vc_column_inner][\/vc_row_inner]<p class=\"vc_breadcrumbs\"><span><span><a href=\"https:\/\/aprilmarine.ca\/qc-fr\">Accueil<\/a><\/span><\/span><\/p>[vc_column_text css=\u00a0\u00bb.vc_custom_1647963886421{margin-bottom: 30px !important;}\u00a0\u00bb darkrow=\u00a0\u00bb\u00a0\u00bb]<\/p>\n<h1><span style=\"color: #f49e00;\">APRIL Acad\u00e9mie<\/span><\/h1>\n<h2><span style=\"color: #004161;\">Devenez un expert de l\u2019assurance bateau avec nos formations gratuites accr\u00e9dit\u00e9es<\/span><\/h2>\n<p>[\/vc_column_text][vc_column_text css=\u00a0\u00bb\u00a0\u00bb darkrow=\u00a0\u00bb\u00a0\u00bb]<strong>La saison arrive \u00e0 grands pas : soyez pr\u00eat !<\/strong><\/p>\n<p>Rencontrez notre d\u00e9veloppeur d&rsquo;affaire <strong>Stephan Bernard<\/strong> qui partagera avec vous sa passion et ses connaissances approfondies de l&rsquo;industrie afin de faire de vous un.e expert.e de l&rsquo;assurance bateau![\/vc_column_text][\/vc_column][vc_column width=\u00a0\u00bb5\/12&Prime; offset=\u00a0\u00bbvc_hidden-xs\u00a0\u00bb css=\u00a0\u00bb.vc_custom_1647964625755{padding-left: 60px !important;}\u00a0\u00bb][vc_single_image image=\u00a0\u00bb5693&Prime; img_size=\u00a0\u00bbmedium\u00a0\u00bb alignment=\u00a0\u00bbright\u00a0\u00bb][\/vc_column][\/vc_row][vc_row darkrow=\u00a0\u00bb\u00a0\u00bb disable_element=\u00a0\u00bbyes\u00a0\u00bb activemobile=\u00a0\u00bb\u00a0\u00bb param__bgalignement=\u00a0\u00bb\u00a0\u00bb param__bgsize=\u00a0\u00bb\u00a0\u00bb css=\u00a0\u00bb.vc_custom_1739303192378{margin-top: 60px !important;margin-bottom: 40px !important;}\u00a0\u00bb][vc_column width=\u00a0\u00bb1\/4&Prime;][\/vc_column][vc_column width=\u00a0\u00bb1\/2&Prime;][vc_custom_heading text=\u00a0\u00bbDeux formules vous sont offertes\u00a0\u00bb font_container=\u00a0\u00bbtag:div|font_size:32px|text_align:center|color:%23004161&Prime; use_theme_fonts=\u00a0\u00bbyes\u00a0\u00bb][\/vc_column][vc_column width=\u00a0\u00bb1\/4&Prime;][\/vc_column][\/vc_row][vc_row darkrow=\u00a0\u00bb\u00a0\u00bb disable_element=\u00a0\u00bbyes\u00a0\u00bb activemobile=\u00a0\u00bb\u00a0\u00bb param__bgalignement=\u00a0\u00bb\u00a0\u00bb param__bgsize=\u00a0\u00bb\u00a0\u00bb css=\u00a0\u00bb.vc_custom_1771253209193{margin-bottom: 90px !important;border-left-width: 5px !important;padding-top: 30px !important;padding-right: 30px !important;padding-bottom: 30px !important;padding-left: 30px !important;background-color: #ffffff !important;border-left-style: solid !important;border-radius: 10px !important;border-color: #3eaac4 !important;}\u00a0\u00bb el_class=\u00a0\u00bbc-row_boxshadow\u00a0\u00bb][vc_column width=\u00a0\u00bb1\/3&Prime; css=\u00a0\u00bb.vc_custom_1710440209523{margin-right: 30px !important;}\u00a0\u00bb][vc_column_text darkrow=\u00a0\u00bb\u00a0\u00bb]<strong><span style=\"color: #3eaac4;\">Option 1<\/span><\/strong>[\/vc_column_text][vc_custom_heading text=\u00a0\u00bbFormation en pr\u00e9sentiel\u00a0\u00bb font_container=\u00a0\u00bbtag:h2|text_align:left|color:%233eaac4&Prime; use_theme_fonts=\u00a0\u00bbyes\u00a0\u00bb][vc_column_text css=\u00a0\u00bb.vc_custom_1710448315869{margin-right: 30px !important;margin-bottom: 30px !important;}\u00a0\u00bb darkrow=\u00a0\u00bb\u00a0\u00bb]<span style=\"font-size: 15px;\">Nous sommes ravis de vous convier \u00e0 une matin\u00e9e de formation en compagnie de nos 2 experts. <\/span><\/p>\n<p><span style=\"font-size: 15px;\">La formation abordera tour \u00e0 tour les essentiels de l&rsquo;assurance bateau et les sinistres en assurance bateau. Nous aurons \u00e9galement l&rsquo;occasion de nous connecter entre professionnels de l&rsquo;assurance autour de viennoiseries et caf\u00e9s.<\/span>[\/vc_column_text][\/vc_column][vc_column width=\u00a0\u00bb2\/3&Prime;][vc_column_text css=\u00a0\u00bb.vc_custom_1734471467053{margin-bottom: 15px !important;}\u00a0\u00bb darkrow=\u00a0\u00bb\u00a0\u00bb]<span style=\"color: #3eaac4; font-size: 20px;\">Dates \u00e0 venir<\/span>[\/vc_column_text][vc_row_inner gap=\u00a0\u00bb20&Prime;][vc_column_inner width=\u00a0\u00bb1\/2&Prime; param_boxshadow=\u00a0\u00bb0 0 20px 3px rgba(0, 0, 0, 0.05)\u00a0\u00bb css=\u00a0\u00bb.vc_custom_1734471456567{padding-top: 20px !important;padding-right: 20px !important;padding-bottom: 20px !important;padding-left: 20px !important;border-radius: 25px !important;}\u00a0\u00bb offset=\u00a0\u00bbvc_hidden-lg vc_hidden-md vc_hidden-sm vc_hidden-xs\u00a0\u00bb][\/vc_column_inner][\/vc_row_inner][\/vc_column][\/vc_row][vc_row darkrow=\u00a0\u00bb\u00a0\u00bb activemobile=\u00a0\u00bb\u00a0\u00bb param__bgalignement=\u00a0\u00bb\u00a0\u00bb param__bgsize=\u00a0\u00bb\u00a0\u00bb css=\u00a0\u00bb.vc_custom_1771256173371{margin-top: 120px !important;margin-bottom: 30px !important;}\u00a0\u00bb][vc_column][vc_custom_heading text=\u00a0\u00bbCalendrier des webinaires\u00a0\u00bb font_container=\u00a0\u00bbtag:h2|text_align:center|color:%23004161&Prime; use_theme_fonts=\u00a0\u00bbyes\u00a0\u00bb css=\u00a0\u00bb\u00a0\u00bb][\/vc_column][\/vc_row][vc_row darkrow=\u00a0\u00bb\u00a0\u00bb activemobile=\u00a0\u00bb\u00a0\u00bb param__bgalignement=\u00a0\u00bb\u00a0\u00bb param__bgsize=\u00a0\u00bb\u00a0\u00bb css=\u00a0\u00bb.vc_custom_1771257121152{margin-bottom: 30px !important;border-left-width: 5px !important;padding-top: 30px !important;padding-right: 30px !important;padding-bottom: 30px !important;padding-left: 30px !important;background-color: #ffffff !important;border-left-style: solid !important;border-radius: 10px !important;border-color: #3eaac4 !important;}\u00a0\u00bb el_class=\u00a0\u00bbc-row_boxshadow\u00a0\u00bb][vc_column width=\u00a0\u00bb2\/5&Prime; css=\u00a0\u00bb.vc_custom_1710440209523{margin-right: 30px !important;}\u00a0\u00bb][vc_custom_heading text=\u00a0\u00bbL\u2019essentiel de l\u2019assurance bateau\u00a0\u00bb font_container=\u00a0\u00bbtag:h3|text_align:left|color:%233eaac4&Prime; use_theme_fonts=\u00a0\u00bbyes\u00a0\u00bb css=\u00a0\u00bb\u00a0\u00bb][vc_column_text css=\u00a0\u00bb.vc_custom_1771257166839{margin-right: 30px !important;margin-bottom: 30px !important;}\u00a0\u00bb darkrow=\u00a0\u00bb\u00a0\u00bb]<span style=\"font-size: 14px;\">Dans cette formation de 2h, Stephan BERNARD partagera son expertise et sa connaissance approfondie du secteur. L\u2019objectif : vous aider \u00e0 mieux comprendre ce march\u00e9 sp\u00e9cifique et \u00e0 offrir un accompagnement de qualit\u00e9 \u00e0 vos client<\/span>[\/vc_column_text][\/vc_column][vc_column width=\u00a0\u00bb3\/5&Prime;][vc_row_inner gap=\u00a0\u00bb20&Prime;][vc_column_inner width=\u00a0\u00bb1\/2&Prime;][vc_column_text css=\u00a0\u00bb.vc_custom_1771871700473{margin-bottom: 15px !important;}\u00a0\u00bb darkrow=\u00a0\u00bb\u00a0\u00bb]<\/p>\n<p style=\"text-align: center;\"><strong>Mercredi 18 mars 2026<\/strong><br \/>\n10h \u00e0 12h<br \/>\n<strong>2 UFC<\/strong><\/p>\n<p>[\/vc_column_text][vc_btn title=\u00a0\u00bbJe m&rsquo;inscris\u00a0\u00bb style=\u00a0\u00bboutline&#8211;blue\u00a0\u00bb align=\u00a0\u00bbcenter\u00a0\u00bb css=\u00a0\u00bb\u00a0\u00bb btnhover=\u00a0\u00bbhover__outline&#8211;blue\u00a0\u00bb button_block=\u00a0\u00bbtrue\u00a0\u00bb link=\u00a0\u00bbtitle:Je%20m&rsquo;inscris\u00a0\u00bb][\/vc_column_inner][vc_column_inner width=\u00a0\u00bb1\/2&Prime;][vc_column_text css=\u00a0\u00bb.vc_custom_1771253790974{margin-bottom: 15px !important;}\u00a0\u00bb darkrow=\u00a0\u00bb\u00a0\u00bb]<\/p>\n<p style=\"text-align: center;\"><strong>Mercredi 1<sup>er<\/sup> avril 2026<\/strong><br \/>\n10h \u00e0 12h<br \/>\n<strong>2 UFC<\/strong><\/p>\n<p>[\/vc_column_text][vc_btn title=\u00a0\u00bbJe m&rsquo;inscris\u00a0\u00bb style=\u00a0\u00bbsolid&#8211;blue\u00a0\u00bb align=\u00a0\u00bbcenter\u00a0\u00bb css=\u00a0\u00bb\u00a0\u00bb button_block=\u00a0\u00bbtrue\u00a0\u00bb link=\u00a0\u00bburl:https%3A%2F%2Fevents.teams.microsoft.com%2Fevent%2F5425e9b3-e04a-4fd3-ac6b-a1176187c8c1%40a60c3ea6-2ecf-4d41-ae99-ff65eef00b6b|title:Je%20m&rsquo;inscris|target:_blank\u00a0\u00bb][\/vc_column_inner][\/vc_row_inner][\/vc_column][\/vc_row][vc_row darkrow=\u00a0\u00bb\u00a0\u00bb activemobile=\u00a0\u00bb\u00a0\u00bb param__bgalignement=\u00a0\u00bb\u00a0\u00bb param__bgsize=\u00a0\u00bb\u00a0\u00bb css=\u00a0\u00bb.vc_custom_1771257127681{margin-bottom: 30px !important;border-left-width: 5px !important;padding-top: 30px !important;padding-right: 30px !important;padding-bottom: 30px !important;padding-left: 30px !important;background-color: #ffffff !important;border-left-style: solid !important;border-radius: 10px !important;border-color: #639E30 !important;}\u00a0\u00bb el_class=\u00a0\u00bbc-row_boxshadow\u00a0\u00bb][vc_column width=\u00a0\u00bb2\/5&Prime; css=\u00a0\u00bb.vc_custom_1710440209523{margin-right: 30px !important;}\u00a0\u00bb][vc_custom_heading text=\u00a0\u00bbRefresh de l\u2019assurance bateau\u00a0\u00bb font_container=\u00a0\u00bbtag:h3|text_align:left|color:%23639E30&Prime; use_theme_fonts=\u00a0\u00bbyes\u00a0\u00bb css=\u00a0\u00bb\u00a0\u00bb][vc_column_text css=\u00a0\u00bb.vc_custom_1771257173004{margin-right: 30px !important;margin-bottom: 30px !important;}\u00a0\u00bb darkrow=\u00a0\u00bb\u00a0\u00bb]<span style=\"font-size: 14px;\">Pendant 45 minutes, Stephan BERNARD vous pr\u00e9sentera les concepts cl\u00e9s pour r\u00e9pondre aux besoins des plaisanciers et vous pr\u00e9parer efficacement \u00e0 la saison nautique.<\/span>[\/vc_column_text][\/vc_column][vc_column width=\u00a0\u00bb3\/5&Prime;][vc_row_inner gap=\u00a0\u00bb20&Prime;][vc_column_inner width=\u00a0\u00bb1\/2&Prime;][vc_column_text css=\u00a0\u00bb.vc_custom_1771871712811{margin-bottom: 15px !important;}\u00a0\u00bb darkrow=\u00a0\u00bb\u00a0\u00bb]<\/p>\n<p style=\"text-align: center;\"><strong>Mercredi 18 mars 2026<\/strong><br \/>\n14h45 \u00e0 15h30<br \/>\n<strong>0.75 UFC<\/strong><\/p>\n<p>[\/vc_column_text][vc_btn title=\u00a0\u00bbJe m&rsquo;inscris\u00a0\u00bb style=\u00a0\u00bboutline&#8211;blue\u00a0\u00bb align=\u00a0\u00bbcenter\u00a0\u00bb css=\u00a0\u00bb\u00a0\u00bb btnhover=\u00a0\u00bbhover__outline&#8211;blue\u00a0\u00bb button_block=\u00a0\u00bbtrue\u00a0\u00bb link=\u00a0\u00bbtitle:Je%20m&rsquo;inscris\u00a0\u00bb][\/vc_column_inner][vc_column_inner width=\u00a0\u00bb1\/2&Prime;][vc_column_text css=\u00a0\u00bb.vc_custom_1771253783818{margin-bottom: 15px !important;}\u00a0\u00bb darkrow=\u00a0\u00bb\u00a0\u00bb]<\/p>\n<p style=\"text-align: center;\"><strong>Mercredi 1<sup>er<\/sup> avril 2026<\/strong><br \/>\n14h \u00e0 14h45<br \/>\n<strong>0.75 UFC<\/strong><\/p>\n<p>[\/vc_column_text][vc_btn title=\u00a0\u00bbJe m&rsquo;inscris\u00a0\u00bb style=\u00a0\u00bbsolid&#8211;blue\u00a0\u00bb align=\u00a0\u00bbcenter\u00a0\u00bb css=\u00a0\u00bb\u00a0\u00bb button_block=\u00a0\u00bbtrue\u00a0\u00bb link=\u00a0\u00bburl:https%3A%2F%2Fevents.teams.microsoft.com%2Fevent%2Fa1417801-efa6-407f-88a0-b175eda1c05e%40a60c3ea6-2ecf-4d41-ae99-ff65eef00b6b|title:Je%20m&rsquo;inscris|target:_blank\u00a0\u00bb][\/vc_column_inner][\/vc_row_inner][\/vc_column][\/vc_row][vc_row darkrow=\u00a0\u00bb\u00a0\u00bb activemobile=\u00a0\u00bb\u00a0\u00bb param__bgalignement=\u00a0\u00bb\u00a0\u00bb param__bgsize=\u00a0\u00bb\u00a0\u00bb css=\u00a0\u00bb.vc_custom_1771257224748{margin-bottom: 30px !important;border-left-width: 5px !important;padding-top: 30px !important;padding-right: 30px !important;padding-bottom: 30px !important;padding-left: 30px !important;background-color: #ffffff !important;border-left-style: solid !important;border-radius: 10px !important;border-color: #D7488F !important;}\u00a0\u00bb el_class=\u00a0\u00bbc-row_boxshadow\u00a0\u00bb][vc_column width=\u00a0\u00bb2\/5&Prime; css=\u00a0\u00bb.vc_custom_1710440209523{margin-right: 30px !important;}\u00a0\u00bb][vc_custom_heading text=\u00a0\u00bbLes sinistres en assurance bateau\u00a0\u00bb font_container=\u00a0\u00bbtag:h3|text_align:left|color:%23D7488F\u00a0\u00bb use_theme_fonts=\u00a0\u00bbyes\u00a0\u00bb css=\u00a0\u00bb\u00a0\u00bb][vc_column_text css=\u00a0\u00bb.vc_custom_1771257179874{margin-right: 30px !important;margin-bottom: 30px !important;}\u00a0\u00bb darkrow=\u00a0\u00bb\u00a0\u00bb]<span style=\"font-size: 14px;\">Dans cette formation de 1h, Stephan BERNARD vous guidera \u00e0 travers les notions essentielles des r\u00e9clamations en assurance bateau. Types de bateaux et de moteurs, options de couverture, obligations en cas de sinistre\u2026 une formation incontournable pour approfondir votre compr\u00e9hension de la gestion des r\u00e9clamations et mieux accompagner vos clients.<\/span>[\/vc_column_text][\/vc_column][vc_column width=\u00a0\u00bb3\/5&Prime;][vc_row_inner gap=\u00a0\u00bb20&Prime;][vc_column_inner width=\u00a0\u00bb1\/2&Prime;][vc_column_text css=\u00a0\u00bb.vc_custom_1771256299542{margin-bottom: 15px !important;}\u00a0\u00bb darkrow=\u00a0\u00bb\u00a0\u00bb]<\/p>\n<p style=\"text-align: center;\"><strong>Jeudi 2 avril 2026<\/strong><br \/>\n10h \u00e0 11h<br \/>\n<strong>1 UFC<\/strong><\/p>\n<p>[\/vc_column_text][vc_btn title=\u00a0\u00bbJe m&rsquo;inscris\u00a0\u00bb style=\u00a0\u00bbsolid&#8211;blue\u00a0\u00bb align=\u00a0\u00bbcenter\u00a0\u00bb css=\u00a0\u00bb\u00a0\u00bb button_block=\u00a0\u00bbtrue\u00a0\u00bb link=\u00a0\u00bburl:https%3A%2F%2Fevents.teams.microsoft.com%2Fevent%2F1575c8ae-630d-4517-a157-b4b24d347a78%40a60c3ea6-2ecf-4d41-ae99-ff65eef00b6b%20|title:Je%20m&rsquo;inscris|target:_blank\u00a0\u00bb][\/vc_column_inner][vc_column_inner width=\u00a0\u00bb1\/2&Prime;][\/vc_column_inner][\/vc_row_inner][\/vc_column][\/vc_row][vc_row darkrow=\u00a0\u00bb\u00a0\u00bb activemobile=\u00a0\u00bb\u00a0\u00bb param__bgalignement=\u00a0\u00bb\u00a0\u00bb param__bgsize=\u00a0\u00bb\u00a0\u00bb css=\u00a0\u00bb.vc_custom_1771257135001{margin-bottom: 30px !important;border-left-width: 5px !important;padding-top: 30px !important;padding-right: 30px !important;padding-bottom: 30px !important;padding-left: 30px !important;background-color: #ffffff !important;border-left-style: solid !important;border-radius: 10px !important;border-color: #F7AA36 !important;}\u00a0\u00bb el_class=\u00a0\u00bbc-row_boxshadow\u00a0\u00bb][vc_column width=\u00a0\u00bb2\/5&Prime; css=\u00a0\u00bb.vc_custom_1710440209523{margin-right: 30px !important;}\u00a0\u00bb][vc_custom_heading text=\u00a0\u00bbExpertise nautique en assurance bateau\u00a0\u00bb font_container=\u00a0\u00bbtag:h3|text_align:left|color:%23F7AA36&Prime; use_theme_fonts=\u00a0\u00bbyes\u00a0\u00bb css=\u00a0\u00bb\u00a0\u00bb][vc_column_text css=\u00a0\u00bb.vc_custom_1771257187180{margin-right: 30px !important;margin-bottom: 30px !important;}\u00a0\u00bb darkrow=\u00a0\u00bb\u00a0\u00bb]<span style=\"font-size: 14px;\">Dans cette formation de 1h, Stephan BERNARD vous expliquera le r\u00f4le et l\u2019impact des expertises maritimes en assurance bateau.<\/span>[\/vc_column_text][\/vc_column][vc_column width=\u00a0\u00bb3\/5&Prime;][vc_row_inner gap=\u00a0\u00bb20&Prime;][vc_column_inner width=\u00a0\u00bb1\/2&Prime;][vc_column_text css=\u00a0\u00bb.vc_custom_1771256360071{margin-bottom: 15px !important;}\u00a0\u00bb darkrow=\u00a0\u00bb\u00a0\u00bb]<\/p>\n<p style=\"text-align: center;\"><strong>Jeudi 2 avril 2026<\/strong><br \/>\n14h \u00e0 15h<br \/>\n<strong>1 UFC<\/strong><\/p>\n<p>[\/vc_column_text][vc_btn title=\u00a0\u00bbJe m&rsquo;inscris\u00a0\u00bb style=\u00a0\u00bbsolid&#8211;blue\u00a0\u00bb align=\u00a0\u00bbcenter\u00a0\u00bb css=\u00a0\u00bb\u00a0\u00bb button_block=\u00a0\u00bbtrue\u00a0\u00bb link=\u00a0\u00bburl:https%3A%2F%2Fevents.teams.microsoft.com%2Fevent%2Ff561d882-87e8-4678-85bc-198f3f551d94%40a60c3ea6-2ecf-4d41-ae99-ff65eef00b6b|title:Je%20m&rsquo;inscris|target:_blank\u00a0\u00bb][\/vc_column_inner][vc_column_inner width=\u00a0\u00bb1\/2&Prime;][\/vc_column_inner][\/vc_row_inner][\/vc_column][\/vc_row][vc_row darkrow=\u00a0\u00bb\u00a0\u00bb activemobile=\u00a0\u00bb\u00a0\u00bb param__bgalignement=\u00a0\u00bb\u00a0\u00bb param__bgsize=\u00a0\u00bb\u00a0\u00bb css=\u00a0\u00bb.vc_custom_1710448534373{padding-top: 60px !important;padding-bottom: 120px !important;}\u00a0\u00bb][vc_column][vc_row_inner][vc_column_inner][vc_column_text css=\u00a0\u00bb.vc_custom_1710441839287{margin-bottom: 20px !important;}\u00a0\u00bb darkrow=\u00a0\u00bb\u00a0\u00bb]<strong><span style=\"font-size: 24px;\">Pour plus d&rsquo;informations, contactez Stephan Bernard<\/span><\/strong>[\/vc_column_text][\/vc_column_inner][\/vc_row_inner][vc_row_inner content_placement=\u00a0\u00bbmiddle\u00a0\u00bb gap=\u00a0\u00bb30&Prime;][vc_column_inner width=\u00a0\u00bb1\/4&Prime;][vc_single_image image=\u00a0\u00bb5715&Prime; img_size=\u00a0\u00bb300&#215;200&Prime;][\/vc_column_inner][vc_column_inner width=\u00a0\u00bb3\/4&Prime;][vc_column_text css=\u00a0\u00bb\u00a0\u00bb darkrow=\u00a0\u00bb\u00a0\u00bb]<span style=\"font-size: 18px;\"><a href=\"mailto:stephan.bernard@april.ca\">stephan.bernard@april.ca<\/a><\/span><br \/>\n<span style=\"font-size: 18px;\"><strong>T\u00e9l<\/strong> : <a href=\"tel:450-671-3030\">450-671-3030 #1206<\/a><\/span><br \/>\n<span style=\"font-size: 18px;\"><strong>Cell<\/strong> : <a href=\"tel:514-506-4581\">514-506-4581<\/a><\/span>[\/vc_column_text][\/vc_column_inner][\/vc_row_inner][\/vc_column][\/vc_row]<\/p>\n<\/div>","protected":false},"excerpt":{"rendered":"<p>[vc_row darkrow=\u00a0\u00bb\u00a0\u00bb activemobile=\u00a0\u00bb\u00a0\u00bb param__bgalignement=\u00a0\u00bb\u00a0\u00bb param__bgsize=\u00a0\u00bb\u00a0\u00bb css=\u00a0\u00bb.vc_custom_1739303227650{margin-bottom: 60px !important;padding-top: 60px !important;}\u00a0\u00bb][vc_column width=\u00a0\u00bb7\/12&Prime;][vc_row_inner][vc_column_inner offset=\u00a0\u00bbvc_hidden-lg vc_hidden-md vc_hidden-sm\u00a0\u00bb css=\u00a0\u00bb.vc_custom_1589396571616{margin-bottom: 30px !important;}\u00a0\u00bb][vc_single_image image=\u00a0\u00bb5693&Prime; img_size=\u00a0\u00bbmedium\u00a0\u00bb css=\u00a0\u00bb.vc_custom_1710448269420{margin-bottom: 30px !important;}\u00a0\u00bb][\/vc_column_inner][\/vc_row_inner][vc_column_text css=\u00a0\u00bb.vc_custom_1647963886421{margin-bottom: 30px !important;}\u00a0\u00bb darkrow=\u00a0\u00bb\u00a0\u00bb] APRIL Acad\u00e9mie Devenez un expert de l\u2019assurance bateau avec nos formations gratuites accr\u00e9dit\u00e9es [\/vc_column_text][vc_column_text css=\u00a0\u00bb\u00a0\u00bb darkrow=\u00a0\u00bb\u00a0\u00bb]La saison arrive \u00e0 grands pas : soyez pr\u00eat ! Rencontrez notre d\u00e9veloppeur d&rsquo;affaire [&hellip;]<\/p>\n","protected":false},"author":3,"featured_media":0,"parent":0,"menu_order":0,"comment_status":"closed","ping_status":"closed","template":"","meta":{"inline_featured_image":false,"footnotes":""},"class_list":["post-6968","page","type-page","status-publish","hentry"],"yoast_head":"<!-- This site is optimized with the Yoast SEO plugin v26.8 - https:\/\/yoast.com\/product\/yoast-seo-wordpress\/ -->\n<title>Formations APRIL Acad\u00e9mie | APRIL Marine<\/title>\n<meta name=\"description\" content=\"Plus que jamais, le nautisme de plaisance a le vent en poupe! Devenez un expert de l\u2019assurance bateau avec nos formations gratuites accr\u00e9dit\u00e9es\" \/>\n<meta name=\"robots\" content=\"index, follow, max-snippet:-1, max-image-preview:large, max-video-preview:-1\" \/>\n<link rel=\"canonical\" href=\"https:\/\/aprilmarine.ca\/qc-fr\/formations\" \/>\n<meta property=\"og:locale\" content=\"fr_CA\" \/>\n<meta property=\"og:type\" content=\"article\" \/>\n<meta property=\"og:title\" content=\"Formations APRIL Acad\u00e9mie | APRIL Marine\" \/>\n<meta property=\"og:description\" content=\"Plus que jamais, le nautisme de plaisance a le vent en poupe! Devenez un expert de l\u2019assurance bateau avec nos formations gratuites accr\u00e9dit\u00e9es\" \/>\n<meta property=\"og:url\" content=\"https:\/\/aprilmarine.ca\/qc-fr\/formations\" \/>\n<meta property=\"og:site_name\" content=\"APRIL Marine\" \/>\n<meta property=\"article:modified_time\" content=\"2026-03-23T15:15:48+00:00\" \/>\n<meta name=\"twitter:card\" content=\"summary_large_image\" \/>\n<meta name=\"twitter:label1\" content=\"Estimation du temps de lecture\" \/>\n\t<meta name=\"twitter:data1\" content=\"5 minutes\" \/>\n<script type=\"application\/ld+json\" class=\"yoast-schema-graph\">{\"@context\":\"https:\/\/schema.org\",\"@graph\":[{\"@type\":\"WebPage\",\"@id\":\"https:\/\/aprilmarine.ca\/qc-fr\/formations\",\"url\":\"https:\/\/aprilmarine.ca\/qc-fr\/formations\",\"name\":\"Formations APRIL Acad\u00e9mie | APRIL Marine\",\"isPartOf\":{\"@id\":\"https:\/\/aprilmarine.ca\/qc-fr\/#website\"},\"datePublished\":\"2024-03-13T20:35:37+00:00\",\"dateModified\":\"2026-03-23T15:15:48+00:00\",\"description\":\"Plus que jamais, le nautisme de plaisance a le vent en poupe! Devenez un expert de l\u2019assurance bateau avec nos formations gratuites accr\u00e9dit\u00e9es\",\"breadcrumb\":{\"@id\":\"https:\/\/aprilmarine.ca\/qc-fr\/formations#breadcrumb\"},\"inLanguage\":\"fr-CA\",\"potentialAction\":[{\"@type\":\"ReadAction\",\"target\":[\"https:\/\/aprilmarine.ca\/qc-fr\/formations\"]}]},{\"@type\":\"BreadcrumbList\",\"@id\":\"https:\/\/aprilmarine.ca\/qc-fr\/formations#breadcrumb\",\"itemListElement\":[{\"@type\":\"ListItem\",\"position\":1,\"name\":\"Accueil\",\"item\":\"https:\/\/aprilmarine.ca\/qc-fr\"},{\"@type\":\"ListItem\",\"position\":2,\"name\":\"Formations\"}]},{\"@type\":\"WebSite\",\"@id\":\"https:\/\/aprilmarine.ca\/qc-fr\/#website\",\"url\":\"https:\/\/aprilmarine.ca\/qc-fr\/\",\"name\":\"APRIL Marine\",\"description\":\"Expert en assurance bateau\",\"publisher\":{\"@id\":\"https:\/\/aprilmarine.ca\/qc-fr\/#organization\"},\"potentialAction\":[{\"@type\":\"SearchAction\",\"target\":{\"@type\":\"EntryPoint\",\"urlTemplate\":\"https:\/\/aprilmarine.ca\/qc-fr\/?s={search_term_string}\"},\"query-input\":{\"@type\":\"PropertyValueSpecification\",\"valueRequired\":true,\"valueName\":\"search_term_string\"}}],\"inLanguage\":\"fr-CA\"},{\"@type\":\"Organization\",\"@id\":\"https:\/\/aprilmarine.ca\/qc-fr\/#organization\",\"name\":\"APRIL Marine\",\"url\":\"https:\/\/aprilmarine.ca\/qc-fr\/\",\"logo\":{\"@type\":\"ImageObject\",\"inLanguage\":\"fr-CA\",\"@id\":\"https:\/\/aprilmarine.ca\/qc-fr\/#\/schema\/logo\/image\/\",\"url\":\"https:\/\/aprilmarine.ca\/wp-content\/uploads\/2020\/05\/logo-april-marine.svg\",\"contentUrl\":\"https:\/\/aprilmarine.ca\/wp-content\/uploads\/2020\/05\/logo-april-marine.svg\",\"width\":70,\"height\":32,\"caption\":\"APRIL Marine\"},\"image\":{\"@id\":\"https:\/\/aprilmarine.ca\/qc-fr\/#\/schema\/logo\/image\/\"}}]}<\/script>\n<!-- \/ Yoast SEO plugin. -->","yoast_head_json":{"title":"Formations APRIL Acad\u00e9mie | APRIL Marine","description":"Plus que jamais, le nautisme de plaisance a le vent en poupe! Devenez un expert de l\u2019assurance bateau avec nos formations gratuites accr\u00e9dit\u00e9es","robots":{"index":"index","follow":"follow","max-snippet":"max-snippet:-1","max-image-preview":"max-image-preview:large","max-video-preview":"max-video-preview:-1"},"canonical":"https:\/\/aprilmarine.ca\/qc-fr\/formations","og_locale":"fr_CA","og_type":"article","og_title":"Formations APRIL Acad\u00e9mie | APRIL Marine","og_description":"Plus que jamais, le nautisme de plaisance a le vent en poupe! Devenez un expert de l\u2019assurance bateau avec nos formations gratuites accr\u00e9dit\u00e9es","og_url":"https:\/\/aprilmarine.ca\/qc-fr\/formations","og_site_name":"APRIL Marine","article_modified_time":"2026-03-23T15:15:48+00:00","twitter_card":"summary_large_image","twitter_misc":{"Estimation du temps de lecture":"5 minutes"},"schema":{"@context":"https:\/\/schema.org","@graph":[{"@type":"WebPage","@id":"https:\/\/aprilmarine.ca\/qc-fr\/formations","url":"https:\/\/aprilmarine.ca\/qc-fr\/formations","name":"Formations APRIL Acad\u00e9mie | APRIL Marine","isPartOf":{"@id":"https:\/\/aprilmarine.ca\/qc-fr\/#website"},"datePublished":"2024-03-13T20:35:37+00:00","dateModified":"2026-03-23T15:15:48+00:00","description":"Plus que jamais, le nautisme de plaisance a le vent en poupe! Devenez un expert de l\u2019assurance bateau avec nos formations gratuites accr\u00e9dit\u00e9es","breadcrumb":{"@id":"https:\/\/aprilmarine.ca\/qc-fr\/formations#breadcrumb"},"inLanguage":"fr-CA","potentialAction":[{"@type":"ReadAction","target":["https:\/\/aprilmarine.ca\/qc-fr\/formations"]}]},{"@type":"BreadcrumbList","@id":"https:\/\/aprilmarine.ca\/qc-fr\/formations#breadcrumb","itemListElement":[{"@type":"ListItem","position":1,"name":"Accueil","item":"https:\/\/aprilmarine.ca\/qc-fr"},{"@type":"ListItem","position":2,"name":"Formations"}]},{"@type":"WebSite","@id":"https:\/\/aprilmarine.ca\/qc-fr\/#website","url":"https:\/\/aprilmarine.ca\/qc-fr\/","name":"APRIL Marine","description":"Expert en assurance bateau","publisher":{"@id":"https:\/\/aprilmarine.ca\/qc-fr\/#organization"},"potentialAction":[{"@type":"SearchAction","target":{"@type":"EntryPoint","urlTemplate":"https:\/\/aprilmarine.ca\/qc-fr\/?s={search_term_string}"},"query-input":{"@type":"PropertyValueSpecification","valueRequired":true,"valueName":"search_term_string"}}],"inLanguage":"fr-CA"},{"@type":"Organization","@id":"https:\/\/aprilmarine.ca\/qc-fr\/#organization","name":"APRIL Marine","url":"https:\/\/aprilmarine.ca\/qc-fr\/","logo":{"@type":"ImageObject","inLanguage":"fr-CA","@id":"https:\/\/aprilmarine.ca\/qc-fr\/#\/schema\/logo\/image\/","url":"https:\/\/aprilmarine.ca\/wp-content\/uploads\/2020\/05\/logo-april-marine.svg","contentUrl":"https:\/\/aprilmarine.ca\/wp-content\/uploads\/2020\/05\/logo-april-marine.svg","width":70,"height":32,"caption":"APRIL Marine"},"image":{"@id":"https:\/\/aprilmarine.ca\/qc-fr\/#\/schema\/logo\/image\/"}}]}},"_links":{"self":[{"href":"https:\/\/aprilmarine.ca\/qc-fr\/wp-json\/wp\/v2\/pages\/6968","targetHints":{"allow":["GET"]}}],"collection":[{"href":"https:\/\/aprilmarine.ca\/qc-fr\/wp-json\/wp\/v2\/pages"}],"about":[{"href":"https:\/\/aprilmarine.ca\/qc-fr\/wp-json\/wp\/v2\/types\/page"}],"author":[{"embeddable":true,"href":"https:\/\/aprilmarine.ca\/qc-fr\/wp-json\/wp\/v2\/users\/3"}],"replies":[{"embeddable":true,"href":"https:\/\/aprilmarine.ca\/qc-fr\/wp-json\/wp\/v2\/comments?post=6968"}],"version-history":[{"count":26,"href":"https:\/\/aprilmarine.ca\/qc-fr\/wp-json\/wp\/v2\/pages\/6968\/revisions"}],"predecessor-version":[{"id":8349,"href":"https:\/\/aprilmarine.ca\/qc-fr\/wp-json\/wp\/v2\/pages\/6968\/revisions\/8349"}],"wp:attachment":[{"href":"https:\/\/aprilmarine.ca\/qc-fr\/wp-json\/wp\/v2\/media?parent=6968"}],"curies":[{"name":"wp","href":"https:\/\/api.w.org\/{rel}","templated":true}]}}